{"id":123532,"date":"2022-03-16T10:00:37","date_gmt":"2022-03-16T10:00:37","guid":{"rendered":"https:\/\/lighthouselocarno.ch\/prodotti\/eau-de-parfum-spray-100-ml\/"},"modified":"2023-09-08T13:36:05","modified_gmt":"2023-09-08T13:36:05","slug":"eau-de-parfum-spray-100-ml","status":"publish","type":"product","link":"https:\/\/lighthouselocarno.ch\/de\/produkt\/eau-de-parfum-spray-100-ml\/","title":{"rendered":"Eau de Parfum Spray 100 ml"},"content":{"rendered":"<p>Dieser <strong>Damenduft<\/strong> ist ein zeitloses Elixier der Freiheit, eine grenzenlose Reise, auf der sich die Sinne mit der Sch\u00f6nheit der Begegnung zwischen Aroma und Materie verbinden.<\/p>\n<p><em><strong>Ein Parf\u00fcm zum Sammeln Handgefertigte und handverzierte Flakons<\/strong><\/em><br \/>\nDie Ampulle <strong>Noi Siamo Essenza<\/strong> ist in Materialdekorationen und Farben gekleidet, die von der <strong>DDoll-Kollektion<\/strong>, dem ikonischen Accessoire von <strong>Daniela Dallavalle<\/strong>, inspiriert sind. Glasuren und Dekorationen sind<br \/>\nvon Hand aufgetragen f\u00fcr einen ma\u00dfgeschneiderten Effekt. Ein Mix&amp;Match, das immer wieder gesammelt, gesch\u00e4tzt und vervollst\u00e4ndigt wird.<\/p>\n","protected":false},"excerpt":{"rendered":"<p><b style=\"font-family: playfair display, georgia, times new roman, serif;\">Eau de Parfum Spray 100ml.  <\/b>Kopfnote Alpenveilchen, K\u00f6rpernote Magnolie, Endnote wei\u00dfer Moschus.<\/p>\n<p><strong><em>Inspiriert von der Natur<\/em><\/strong><br \/>\nGeruchselemente, die an Mineralit\u00e4t erinnern. Ein stiller Barfu\u00dfpfad in unber\u00fchrter Natur. Ein Zusammentreffen von <strong>Fr\u00fchlingsessenzen<\/strong>, das sich in einer intensiven<br \/>\nBouquet von Alpenveilchen und Magnolien mit einem zarten Hauch von Moschus.<\/p>\n<p>Zusammensetzung: 75-100% Alkohol Denat, 1-5% Benzyil Salicylate, 1% <strong>Parf\u00fcm<\/strong>.<\/p>\n<div><\/div>\n","protected":false},"featured_media":104388,"template":"","meta":{"_seopress_robots_primary_cat":"none","_seopress_titles_title":"","_seopress_titles_desc":"","_seopress_robots_index":""},"product_brand":[],"product_cat":[3799,7371,7317],"product_tag":[5699,5692,5705,5717,5710],"class_list":{"0":"post-123532","1":"product","2":"type-product","3":"status-publish","4":"has-post-thumbnail","6":"product_cat-damenmode","7":"product_cat-eau-de-parfum-de","8":"product_cat-parfum-und-seifen","9":"product_tag-duft","10":"product_tag-eau-de-parfum-de","11":"product_tag-parfum-de","12":"product_tag-parfum-de-2","13":"product_tag-parfum-femme-de","15":"first","16":"instock","17":"shipping-taxable","18":"purchasable","19":"product-type-simple"},"jetpack_sharing_enabled":true,"_links":{"self":[{"href":"https:\/\/lighthouselocarno.ch\/de\/wp-json\/wp\/v2\/product\/123532","targetHints":{"allow":["GET"]}}],"collection":[{"href":"https:\/\/lighthouselocarno.ch\/de\/wp-json\/wp\/v2\/product"}],"about":[{"href":"https:\/\/lighthouselocarno.ch\/de\/wp-json\/wp\/v2\/types\/product"}],"wp:featuredmedia":[{"embeddable":true,"href":"https:\/\/lighthouselocarno.ch\/de\/wp-json\/wp\/v2\/media\/104388"}],"wp:attachment":[{"href":"https:\/\/lighthouselocarno.ch\/de\/wp-json\/wp\/v2\/media?parent=123532"}],"wp:term":[{"taxonomy":"product_brand","embeddable":true,"href":"https:\/\/lighthouselocarno.ch\/de\/wp-json\/wp\/v2\/product_brand?post=123532"},{"taxonomy":"product_cat","embeddable":true,"href":"https:\/\/lighthouselocarno.ch\/de\/wp-json\/wp\/v2\/product_cat?post=123532"},{"taxonomy":"product_tag","embeddable":true,"href":"https:\/\/lighthouselocarno.ch\/de\/wp-json\/wp\/v2\/product_tag?post=123532"}],"curies":[{"name":"wp","href":"https:\/\/api.w.org\/{rel}","templated":true}]}}