{"id":123544,"date":"2022-05-07T17:07:23","date_gmt":"2022-05-07T17:07:23","guid":{"rendered":"https:\/\/lighthouselocarno.ch\/prodotti\/satz-mit-6-servietten\/"},"modified":"2025-05-23T13:44:33","modified_gmt":"2025-05-23T13:44:33","slug":"box-set-6-handtucher","status":"publish","type":"product","link":"https:\/\/lighthouselocarno.ch\/de\/produkt\/box-set-6-handtucher\/","title":{"rendered":"Satz mit 6 Servietten"},"content":{"rendered":"","protected":false},"excerpt":{"rendered":"<p>Set mit 6 Servietten aus schwerem Leinen mit gesticktem Arte Pura-Dekor-Logo. Kante mit Falz. Gr\u00f6\u00dfe 40&#215;40 cm.<\/p>\n<p>Servietten, die in Italien aus 100% hochwertigem Leinen hergestellt werden und durch spezielle Behandlungen, die das nat\u00fcrliche Aussehen verbessern, weich im Griff sind.<\/p>\n<p>Dieser Stoff ist ideal f\u00fcr den Tisch, da er hypoallergen und antibakteriell ist. Au\u00dferdem werden nat\u00fcrliche und hypoallergene Farbstoffe verwendet, die der Naturfaser Glanz und Schwung verleihen.<\/p>\n<p>Langlebigkeit und einfache Wartung sind weitere Pluspunkte Ihrer Wahl.<\/p>\n<p>Sie sind ideal, um Ihr \u201emise en place\u201c zu versch\u00f6nern: allein oder in Kombination mit Tischdecken oder Tischsets, um immer wieder originelle Kombinationen zu schaffen.<\/p>\n<p>Bitte lesen Sie den Abschnitt \u201eProduktpflege\u201c f\u00fcr alle Waschanweisungen.<\/p>\n","protected":false},"featured_media":106208,"template":"","meta":{"_seopress_robots_primary_cat":"none","_seopress_titles_title":"","_seopress_titles_desc":"","_seopress_robots_index":""},"product_brand":[8562],"product_cat":[5718,3755,3748],"product_tag":[5738,5719,5728,5735,5730,5694,4924,5700,3870,5748,5742,5726],"class_list":{"0":"post-123544","1":"product","2":"type-product","3":"status-publish","4":"has-post-thumbnail","6":"product_brand-arte-pura","7":"product_cat-servietten-und-ringe","8":"product_cat-tisch-zu-behoer","9":"product_cat-wohnaccessoires","10":"product_tag-eine-naturliche-wahl","11":"product_tag-festliche-luft","12":"product_tag-freundlich","13":"product_tag-mix-match-de","14":"product_tag-new-yorker-lofts","15":"product_tag-reines","16":"product_tag-servietten","17":"product_tag-tabelle-de-2","18":"product_tag-tischset","19":"product_tag-weis","20":"product_tag-wellen","21":"product_tag-wesentlich","22":"pa_colore-alter-gedanke-441","23":"pa_colore-alter-lehm-048","24":"pa_colore-bonbon-alt-429","25":"pa_colore-butter-alt-047","26":"pa_colore-convivio-438-de","27":"pa_colore-ecowash-802-speicher","28":"pa_colore-engel-alt-401","29":"pa_colore-ereignis-alt-436","30":"pa_colore-essenza-alt-409","31":"pa_colore-fee-alt-405","32":"pa_colore-granit-alt-427","33":"pa_colore-hauch-alt-415","34":"pa_colore-infinity-ecowash-800","35":"pa_colore-kreide-alt-044","36":"pa_colore-lava-alt-037","37":"pa_colore-lebenslauf-alt-433","38":"pa_colore-liebenswerte-alte-437","39":"pa_colore-luxus-alt-432","40":"pa_colore-malta-alt-414","41":"pa_colore-mineralien-alt-410","42":"pa_colore-mond-a01","43":"pa_colore-ostsee-alt-428","44":"pa_colore-paradiso-ecowash-801-de","45":"pa_colore-pfingstrose-alt-417","46":"pa_colore-puder-alt-043","47":"pa_colore-retro-900-de","48":"pa_colore-roma-alt-435","49":"pa_colore-rosato-ecowash-803-de","50":"pa_colore-schwarz-021","51":"pa_colore-see-old-440","52":"pa_colore-stein-alt-425","53":"pa_colore-suser-alter-434","54":"pa_colore-weis-019","56":"first","57":"instock","58":"shipping-taxable","59":"purchasable","60":"product-type-variable"},"jetpack_sharing_enabled":true,"_links":{"self":[{"href":"https:\/\/lighthouselocarno.ch\/de\/wp-json\/wp\/v2\/product\/123544","targetHints":{"allow":["GET"]}}],"collection":[{"href":"https:\/\/lighthouselocarno.ch\/de\/wp-json\/wp\/v2\/product"}],"about":[{"href":"https:\/\/lighthouselocarno.ch\/de\/wp-json\/wp\/v2\/types\/product"}],"wp:featuredmedia":[{"embeddable":true,"href":"https:\/\/lighthouselocarno.ch\/de\/wp-json\/wp\/v2\/media\/106208"}],"wp:attachment":[{"href":"https:\/\/lighthouselocarno.ch\/de\/wp-json\/wp\/v2\/media?parent=123544"}],"wp:term":[{"taxonomy":"product_brand","embeddable":true,"href":"https:\/\/lighthouselocarno.ch\/de\/wp-json\/wp\/v2\/product_brand?post=123544"},{"taxonomy":"product_cat","embeddable":true,"href":"https:\/\/lighthouselocarno.ch\/de\/wp-json\/wp\/v2\/product_cat?post=123544"},{"taxonomy":"product_tag","embeddable":true,"href":"https:\/\/lighthouselocarno.ch\/de\/wp-json\/wp\/v2\/product_tag?post=123544"}],"curies":[{"name":"wp","href":"https:\/\/api.w.org\/{rel}","templated":true}]}}