{"id":123560,"date":"2022-05-02T12:17:57","date_gmt":"2022-05-02T12:17:57","guid":{"rendered":"https:\/\/lighthouselocarno.ch\/prodotti\/einteiliger-badeanzug-fuer-frauen\/"},"modified":"2022-05-02T12:17:57","modified_gmt":"2022-05-02T12:17:57","slug":"kostum-innenraum-frau","status":"publish","type":"product","link":"https:\/\/lighthouselocarno.ch\/de\/produkt\/kostum-innenraum-frau\/","title":{"rendered":"Einteiliger Badeanzug f\u00fcr Frauen"},"content":{"rendered":"<p><strong><em>Wie w\u00e4hlt man einen Badeanzug, um sich sch\u00f6n zu f\u00fchlen?<\/em><\/strong><\/p>\n<p>Die Wahl des <strong>perfekten Badeanzugs<\/strong> ist nicht nur eine Frage des Geschmacks. Schnitte, Farben, Muster, Schultertr\u00e4ger, Ausschnitte, was auch immer&#8230; all das sind Elemente, auf die man beim Einkauf von <strong>Strandmode<\/strong> achten sollte und die zu wahren Verb\u00fcndeten werden k\u00f6nnen, wenn es darum geht, die eigene <strong>Silhouette<\/strong> zu betonen, ohne dass man sich daran st\u00f6rt. Denken Sie daran, dass bestimmte Arten von <strong>Bademode<\/strong> Ihnen helfen k\u00f6nnen, Ihre <strong>Figur in Einklang <\/strong>zu bringen. Der weibliche K\u00f6rper l\u00e4sst sich in vier verschiedene Figurtypen einteilen: Apfel, Birne, Rechteck und Sanduhr. Dies sind die Standardrichtlinien, die Ihnen helfen werden, den <strong>richtigen Badeanzug f\u00fcr Sie<\/strong> zu w\u00e4hlen, der die besten Teile Ihres K\u00f6rpers zur Geltung bringt. Vergessen Sie nicht, dass der richtige Badeanzug auch derjenige ist, der eventuelle Schw\u00e4chen kaschiert und Ihre St\u00e4rken zur Geltung bringt.<\/p>\n","protected":false},"excerpt":{"rendered":"<p>Sch\u00f6ner <b>einteiliger Badeanzug f\u00fcr Frauen, <\/b>gl\u00e4nzender Stoff mit Blumenmuster.<\/p>\n<p>Femininer, aber nicht zu lockerer Schnitt, ideal zum Schwimmen.<\/p>\n<p>Farbe: gemustert auf elfenbeinfarbenem Metallic-Hintergrund.<\/p>\n<p>Material: 77% Polyamid, 14% Metallic-Polyester, 9% Elasthan.<\/p>\n<p>Futter: 75% Polyamid 25% Elasthan<\/p>\n","protected":false},"featured_media":100811,"template":"","meta":{"_seopress_robots_primary_cat":"2544","_seopress_titles_title":"","_seopress_titles_desc":"","_seopress_robots_index":""},"product_brand":[],"product_cat":[3902,3799,3789,3891],"product_tag":[],"class_list":{"0":"post-123560","1":"product","2":"type-product","3":"status-publish","4":"has-post-thumbnail","6":"product_cat-badeamzuege","7":"product_cat-damenmode","8":"product_cat-kleidung","9":"product_cat-vertrieb","11":"first","12":"instock","13":"sale","14":"shipping-taxable","15":"purchasable","16":"product-type-variable"},"jetpack_sharing_enabled":true,"_links":{"self":[{"href":"https:\/\/lighthouselocarno.ch\/de\/wp-json\/wp\/v2\/product\/123560","targetHints":{"allow":["GET"]}}],"collection":[{"href":"https:\/\/lighthouselocarno.ch\/de\/wp-json\/wp\/v2\/product"}],"about":[{"href":"https:\/\/lighthouselocarno.ch\/de\/wp-json\/wp\/v2\/types\/product"}],"wp:featuredmedia":[{"embeddable":true,"href":"https:\/\/lighthouselocarno.ch\/de\/wp-json\/wp\/v2\/media\/100811"}],"wp:attachment":[{"href":"https:\/\/lighthouselocarno.ch\/de\/wp-json\/wp\/v2\/media?parent=123560"}],"wp:term":[{"taxonomy":"product_brand","embeddable":true,"href":"https:\/\/lighthouselocarno.ch\/de\/wp-json\/wp\/v2\/product_brand?post=123560"},{"taxonomy":"product_cat","embeddable":true,"href":"https:\/\/lighthouselocarno.ch\/de\/wp-json\/wp\/v2\/product_cat?post=123560"},{"taxonomy":"product_tag","embeddable":true,"href":"https:\/\/lighthouselocarno.ch\/de\/wp-json\/wp\/v2\/product_tag?post=123560"}],"curies":[{"name":"wp","href":"https:\/\/api.w.org\/{rel}","templated":true}]}}