{"id":123635,"date":"2022-03-16T09:50:03","date_gmt":"2022-03-16T09:50:03","guid":{"rendered":"https:\/\/lighthouselocarno.ch\/prodotti\/elfenbeinfarbenes-spitzenkleid\/"},"modified":"2023-09-13T09:56:41","modified_gmt":"2023-09-13T09:56:41","slug":"spitzenkleid-elfenbein","status":"publish","type":"product","link":"https:\/\/lighthouselocarno.ch\/de\/produkt\/spitzenkleid-elfenbein\/","title":{"rendered":"Elfenbeinfarbenes Spitzenkleid"},"content":{"rendered":"","protected":false},"excerpt":{"rendered":"<p><strong>Romantisches Kleid<\/strong>, komplett <strong>handgefertigt<\/strong> aus <strong>elfenbeinfarbener<\/strong> <strong>Spitze<\/strong>. Ideal als <strong>Cocktail-<\/strong> oder <strong>Gesellschaftskleid<\/strong>. <strong>Hergestellt in Italien<\/strong>.<\/p>\n<p>Mieder unter der B\u00fcste, Unterteil bestehend aus zwei Volants. Seitlicher Rei\u00dfverschluss. Vollst\u00e4ndig gef\u00fcttert.<\/p>\n","protected":false},"featured_media":138415,"template":"","meta":{"_seopress_robots_primary_cat":"none","_seopress_titles_title":"","_seopress_titles_desc":"","_seopress_robots_index":""},"product_brand":[],"product_cat":[3799,3795,3789,3891],"product_tag":[5781,4094,4472,5787,5795,5797,5792],"class_list":{"0":"post-123635","1":"product","2":"type-product","3":"status-publish","4":"has-post-thumbnail","6":"product_cat-damenmode","7":"product_cat-kleider","8":"product_cat-kleidung","9":"product_cat-vertrieb","10":"product_tag-festtagskleid","11":"product_tag-kleid","12":"product_tag-kleid-de","13":"product_tag-kleid-in-spitze","14":"product_tag-robe-en-dentelle-de","15":"product_tag-spitzenkleid-de-2","16":"product_tag-spitzenkleid-de","18":"first","19":"instock","20":"sale","21":"shipping-taxable","22":"purchasable","23":"product-type-variable"},"jetpack_sharing_enabled":true,"_links":{"self":[{"href":"https:\/\/lighthouselocarno.ch\/de\/wp-json\/wp\/v2\/product\/123635","targetHints":{"allow":["GET"]}}],"collection":[{"href":"https:\/\/lighthouselocarno.ch\/de\/wp-json\/wp\/v2\/product"}],"about":[{"href":"https:\/\/lighthouselocarno.ch\/de\/wp-json\/wp\/v2\/types\/product"}],"wp:featuredmedia":[{"embeddable":true,"href":"https:\/\/lighthouselocarno.ch\/de\/wp-json\/wp\/v2\/media\/138415"}],"wp:attachment":[{"href":"https:\/\/lighthouselocarno.ch\/de\/wp-json\/wp\/v2\/media?parent=123635"}],"wp:term":[{"taxonomy":"product_brand","embeddable":true,"href":"https:\/\/lighthouselocarno.ch\/de\/wp-json\/wp\/v2\/product_brand?post=123635"},{"taxonomy":"product_cat","embeddable":true,"href":"https:\/\/lighthouselocarno.ch\/de\/wp-json\/wp\/v2\/product_cat?post=123635"},{"taxonomy":"product_tag","embeddable":true,"href":"https:\/\/lighthouselocarno.ch\/de\/wp-json\/wp\/v2\/product_tag?post=123635"}],"curies":[{"name":"wp","href":"https:\/\/api.w.org\/{rel}","templated":true}]}}