{"id":123751,"date":"2022-05-07T17:07:24","date_gmt":"2022-05-07T17:07:24","guid":{"rendered":"https:\/\/lighthouselocarno.ch\/prodotti\/tischset-aus-schwerem-leinen-mit-praegung\/"},"modified":"2025-05-23T13:44:33","modified_gmt":"2025-05-23T13:44:33","slug":"leinen-schweres-tischset-mit-pragung","status":"publish","type":"product","link":"https:\/\/lighthouselocarno.ch\/de\/produkt\/leinen-schweres-tischset-mit-pragung\/","title":{"rendered":"Tischset aus schwerem Leinen mit Pr\u00e4gung"},"content":{"rendered":"","protected":false},"excerpt":{"rendered":"<p>Tischset aus schwerem Leinen mit Pr\u00e4gung \u00fcber die gesamte L\u00e4nge des Randes. Ma\u00dfe 40X55 cm.<\/p>\n<p>In Italien hergestelltes Tischset aus 100 % hochwertigem Leinen, das sich durch spezielle Behandlungen, die das nat\u00fcrliche Aussehen verst\u00e4rken, weich anf\u00fchlt.<\/p>\n<p>Dieser Stoff ist ideal f\u00fcr den Tisch, da er hypoallergen und antibakteriell ist. Au\u00dferdem werden nat\u00fcrliche und hypoallergene Farbstoffe verwendet, die der Naturfaser Glanz und Schwung verleihen.<\/p>\n<p>Langlebigkeit und einfache Wartung sind weitere Pluspunkte Ihrer Wahl.<\/p>\n<p>Ideal zur Versch\u00f6nerung Ihrer \u201emise en place\u201c: allein oder in Kombination mit L\u00e4ufern und Servietten, um immer wieder originelle Kombinationen zu schaffen.<\/p>\n<p>Bitte lesen Sie den Abschnitt \u201eProduktpflege\u201c f\u00fcr alle Waschanweisungen.<\/p>\n","protected":false},"featured_media":106259,"template":"","meta":{"_seopress_robots_primary_cat":"none","_seopress_titles_title":"","_seopress_titles_desc":"","_seopress_robots_index":""},"product_brand":[8562],"product_cat":[3755,5850,3748],"product_tag":[5728,5700,7326,5853,5726,5851],"class_list":{"0":"post-123751","1":"product","2":"type-product","3":"status-publish","4":"has-post-thumbnail","6":"product_brand-arte-pura","7":"product_cat-tisch-zu-behoer","8":"product_cat-tischsets","9":"product_cat-wohnaccessoires","10":"product_tag-freundlich","11":"product_tag-tabelle-de-2","12":"product_tag-table-accessories-de","13":"product_tag-tischsets","14":"product_tag-wesentlich","15":"product_tag-zubehor","16":"pa_colore-paradiso-ecowash-801-de","17":"pa_colore-weis-019","19":"first","20":"instock","21":"shipping-taxable","22":"purchasable","23":"product-type-variable"},"jetpack_sharing_enabled":true,"_links":{"self":[{"href":"https:\/\/lighthouselocarno.ch\/de\/wp-json\/wp\/v2\/product\/123751","targetHints":{"allow":["GET"]}}],"collection":[{"href":"https:\/\/lighthouselocarno.ch\/de\/wp-json\/wp\/v2\/product"}],"about":[{"href":"https:\/\/lighthouselocarno.ch\/de\/wp-json\/wp\/v2\/types\/product"}],"wp:featuredmedia":[{"embeddable":true,"href":"https:\/\/lighthouselocarno.ch\/de\/wp-json\/wp\/v2\/media\/106259"}],"wp:attachment":[{"href":"https:\/\/lighthouselocarno.ch\/de\/wp-json\/wp\/v2\/media?parent=123751"}],"wp:term":[{"taxonomy":"product_brand","embeddable":true,"href":"https:\/\/lighthouselocarno.ch\/de\/wp-json\/wp\/v2\/product_brand?post=123751"},{"taxonomy":"product_cat","embeddable":true,"href":"https:\/\/lighthouselocarno.ch\/de\/wp-json\/wp\/v2\/product_cat?post=123751"},{"taxonomy":"product_tag","embeddable":true,"href":"https:\/\/lighthouselocarno.ch\/de\/wp-json\/wp\/v2\/product_tag?post=123751"}],"curies":[{"name":"wp","href":"https:\/\/api.w.org\/{rel}","templated":true}]}}