{"id":123825,"date":"2022-04-22T09:24:40","date_gmt":"2022-04-22T09:24:40","guid":{"rendered":"https:\/\/lighthouselocarno.ch\/prodotti\/zweifarbige-kapelle\/"},"modified":"2022-04-22T09:24:40","modified_gmt":"2022-04-22T09:24:40","slug":"kapellenfarbe","status":"publish","type":"product","link":"https:\/\/lighthouselocarno.ch\/de\/produkt\/kapellenfarbe\/","title":{"rendered":"Zweifarbige Kapelle"},"content":{"rendered":"<div><strong><em>Der Hut, dieses modische Accessoire, vielseitig, aber auch so edel!<\/em><\/strong><\/div>\n<div>Sie dient in erster Linie dazu, uns im Sommer vor den warmen Sonnenstrahlen zu sch\u00fctzen oder uns im Winter zu w\u00e4rmen.<\/div>\n<div>Neben seinem praktischen Nutzen ist der <strong>Hut<\/strong> sicherlich ein <strong>modisches Accessoire<\/strong>, das in der Garderobe jeder Frau nicht fehlen darf, um unseren <strong>Looks<\/strong> einen raffinierten und distinguierten Touch zu verleihen und selbst den minimalistischsten Outfits mit klaren, geradlinigen Schnitten<strong> Glamour<\/strong> zu verleihen.<\/div>\n<div>Die erste Regel, die man vor dem <strong>Kauf eines Hutes<\/strong> beachten sollte, ist, dass er einem gefallen muss, man muss ihn gerne und mit Leidenschaft tragen! Sie und Ihr Hut m\u00fcssen eins sein!<\/div>\n<div>Dann m\u00f6chten wir von Light House Ihnen einige Tipps geben, was Sie bei Ihrer Wahl beachten sollten.<\/div>\n<div>In erster Linie die Proportionen unseres K\u00f6rpers, die ovale Form unseres Gesichts und die Farbe unseres Teints. Dann die Farbe und drittens die Form und Gr\u00f6\u00dfe.<\/div>\n<div>Nicht zuletzt geht es darum, zu welchem Anlass wir sie tragen.<\/div>\n<div>Der Hut umrahmt das Gesicht, er muss es betonen!<\/div>\n<div>Der Hut ist das gewisse Etwas, aber er muss all unsere beschriebenen k\u00f6rperlichen Eigenheiten ausgleichen, ohne Dissonanzen zu erzeugen.<\/div>\n<div><strong>Hochgeschlossene H\u00fcte<\/strong> mit einer <strong>hohen Krempe<\/strong> verl\u00e4ngern unsere Silhouette, w\u00e4hrend breite H\u00fcte mit einer nach unten gerichteten Krempe uns k\u00fcrzer erscheinen lassen.<\/div>\n<div>Im Idealfall sollte die Hutkrempe nicht breiter als die Schultern sein. Je robuster die Konstruktion, desto mehr k\u00f6nnen wir uns an die Form und Gr\u00f6\u00dfe des Hutes wagen.<\/div>\n","protected":false},"excerpt":{"rendered":"<p><strong>Handgefertigter zweifarbiger Hut<\/strong> aus Polyestergeflecht und Papier, Krempe mit wei\u00dfen Perlen verziert. <b>Hergestellt in Italien.<\/b><\/p>\n<p>Nat\u00fcrliche und beige Farbe. Gr\u00f6\u00dfe 56.<\/p>\n<p>Hutma\u00dfe: 46x46xH26 cm ca.<\/p>\n","protected":false},"featured_media":104060,"template":"","meta":{"_seopress_robots_primary_cat":"2544","_seopress_titles_title":"","_seopress_titles_desc":"","_seopress_robots_index":""},"product_brand":[],"product_cat":[3799,5614,3880],"product_tag":[5625,5679],"class_list":{"0":"post-123825","1":"product","2":"type-product","3":"status-publish","4":"has-post-thumbnail","6":"product_cat-damenmode","7":"product_cat-hute","8":"product_cat-schuhe-und-accessoires","9":"product_tag-hut","10":"product_tag-sommerhut","12":"first","13":"instock","14":"shipping-taxable","15":"purchasable","16":"product-type-simple"},"jetpack_sharing_enabled":true,"_links":{"self":[{"href":"https:\/\/lighthouselocarno.ch\/de\/wp-json\/wp\/v2\/product\/123825","targetHints":{"allow":["GET"]}}],"collection":[{"href":"https:\/\/lighthouselocarno.ch\/de\/wp-json\/wp\/v2\/product"}],"about":[{"href":"https:\/\/lighthouselocarno.ch\/de\/wp-json\/wp\/v2\/types\/product"}],"wp:featuredmedia":[{"embeddable":true,"href":"https:\/\/lighthouselocarno.ch\/de\/wp-json\/wp\/v2\/media\/104060"}],"wp:attachment":[{"href":"https:\/\/lighthouselocarno.ch\/de\/wp-json\/wp\/v2\/media?parent=123825"}],"wp:term":[{"taxonomy":"product_brand","embeddable":true,"href":"https:\/\/lighthouselocarno.ch\/de\/wp-json\/wp\/v2\/product_brand?post=123825"},{"taxonomy":"product_cat","embeddable":true,"href":"https:\/\/lighthouselocarno.ch\/de\/wp-json\/wp\/v2\/product_cat?post=123825"},{"taxonomy":"product_tag","embeddable":true,"href":"https:\/\/lighthouselocarno.ch\/de\/wp-json\/wp\/v2\/product_tag?post=123825"}],"curies":[{"name":"wp","href":"https:\/\/api.w.org\/{rel}","templated":true}]}}