{"id":123845,"date":"2023-09-08T16:05:26","date_gmt":"2023-09-08T16:05:26","guid":{"rendered":"https:\/\/lighthouselocarno.ch\/prodotti\/massgeschneiderter-kurzaermeliger-pullover\/"},"modified":"2023-08-30T15:59:26","modified_gmt":"2023-08-30T15:59:26","slug":"kurzarm-sportpullover","status":"publish","type":"product","link":"https:\/\/lighthouselocarno.ch\/de\/produkt\/kurzarm-sportpullover\/","title":{"rendered":"Ma\u00dfgeschneiderter kurz\u00e4rmeliger Pullover"},"content":{"rendered":"","protected":false},"excerpt":{"rendered":"<p>Eleganter und edler <strong>Fr\u00fchlingspullover mit kurzen \u00c4rmeln<\/strong>. Verarbeitung mit speziellen Webst\u00fchlen, die die Garne mit unterschiedlichen Gewichten verarbeiten. Der dickere obere Teil ist<strong>durchbrochen gewebt<\/strong>. Fertiggestellt und verziert mit <strong>Pelzbesatz<\/strong>. Der untere Teil ist im Vergleich zum oberen Teil sehr leicht, fast unsp\u00fcrbar, und hat ein <strong>rasiertes Gestrick mit floralen Motiven in Intarsientechnik<\/strong>. 100% Baumwolle. Hergestellt in Italien. Aus der<strong>Fr\u00fchjahr-Sommer-Kollektion<\/strong> der Modedesignerin <strong>Daniela Dallavalle<\/strong>, Modemarke <strong>Elisa Cavaletti<\/strong>.<\/p>\n<p>Die Farbe ist blau<\/p>\n","protected":false},"featured_media":103979,"template":"","meta":{"_seopress_robots_primary_cat":"","_seopress_titles_title":"","_seopress_titles_desc":"","_seopress_robots_index":""},"product_brand":[],"product_cat":[3799,3789,5093,3891],"product_tag":[5884,5096,5886,5888,5019],"class_list":{"0":"post-123845","1":"product","2":"type-product","3":"status-publish","4":"has-post-thumbnail","6":"product_cat-damenmode","7":"product_cat-kleidung","8":"product_cat-strickwaren","9":"product_cat-vertrieb","10":"product_tag-baumwollpulli","11":"product_tag-jumper-de","12":"product_tag-kurzarmpullover","13":"product_tag-pull-en-coton-de","14":"product_tag-pullover-de","16":"first","17":"instock","18":"sale","19":"shipping-taxable","20":"purchasable","21":"product-type-variable"},"jetpack_sharing_enabled":true,"_links":{"self":[{"href":"https:\/\/lighthouselocarno.ch\/de\/wp-json\/wp\/v2\/product\/123845","targetHints":{"allow":["GET"]}}],"collection":[{"href":"https:\/\/lighthouselocarno.ch\/de\/wp-json\/wp\/v2\/product"}],"about":[{"href":"https:\/\/lighthouselocarno.ch\/de\/wp-json\/wp\/v2\/types\/product"}],"wp:featuredmedia":[{"embeddable":true,"href":"https:\/\/lighthouselocarno.ch\/de\/wp-json\/wp\/v2\/media\/103979"}],"wp:attachment":[{"href":"https:\/\/lighthouselocarno.ch\/de\/wp-json\/wp\/v2\/media?parent=123845"}],"wp:term":[{"taxonomy":"product_brand","embeddable":true,"href":"https:\/\/lighthouselocarno.ch\/de\/wp-json\/wp\/v2\/product_brand?post=123845"},{"taxonomy":"product_cat","embeddable":true,"href":"https:\/\/lighthouselocarno.ch\/de\/wp-json\/wp\/v2\/product_cat?post=123845"},{"taxonomy":"product_tag","embeddable":true,"href":"https:\/\/lighthouselocarno.ch\/de\/wp-json\/wp\/v2\/product_tag?post=123845"}],"curies":[{"name":"wp","href":"https:\/\/api.w.org\/{rel}","templated":true}]}}