{"id":123879,"date":"2023-09-08T12:00:43","date_gmt":"2023-09-08T12:00:43","guid":{"rendered":"https:\/\/lighthouselocarno.ch\/prodotti\/kurze-strickjacke\/"},"modified":"2023-09-08T09:51:46","modified_gmt":"2023-09-08T09:51:46","slug":"strickjacke-elegant","status":"publish","type":"product","link":"https:\/\/lighthouselocarno.ch\/de\/produkt\/strickjacke-elegant\/","title":{"rendered":"Elegante Strickjacke"},"content":{"rendered":"<p><em><b>Empfohlenes Outfit<\/b><\/em><\/p>\n<p>Die <strong>elegante kurze Strickjacke <\/strong>ist kein <strong>Kleidungsst\u00fcck<\/strong> <strong>im Stil des Ancien R\u00e9gime<\/strong>. In unserer Stilkultur immer pr\u00e4sent, ist er vielseitig und immer in <strong>Mode<\/strong>! Kombinieren Sie es mit einem leichten Baumwoll- oder Leinentop, einer Palazzohose und Sandalen, der super stylische Wow-Effekt ist garantiert!<\/p>\n","protected":false},"excerpt":{"rendered":"<p>Kurze Strickjacke in der Taille, die die Silhouette leicht und elegant begleitet. Vorderverschluss mit drei kleinen wei\u00dfen Kn\u00f6pfen, kurze \u00c4rmel.<\/p>\n<p><strong>Leichtes, atmungsaktives Gewebe<\/strong>. Aus der <strong>Fr\u00fchjahr-Sommer-Kollektion<\/strong> der Modedesignerin <strong>Elisa Cavaletti<\/strong>. <strong>Hergestellt in Italien.<\/strong><\/p>\n<p>Erh\u00e4ltlich in drei Farben: Taupe, Gold und Silber.<\/p>\n<p>Materialzusammensetzung: 71% Viskose, 26% Polyamid, 3% Polyester.<\/p>\n","protected":false},"featured_media":104084,"template":"","meta":{"_seopress_robots_primary_cat":"none","_seopress_titles_title":"","_seopress_titles_desc":"","_seopress_robots_index":""},"product_brand":[],"product_cat":[3799,3789,5664,3891],"product_tag":[5095,5098,5665],"class_list":{"0":"post-123879","1":"product","2":"type-product","3":"status-publish","4":"has-post-thumbnail","6":"product_cat-damenmode","7":"product_cat-kleidung","8":"product_cat-strickjacke","9":"product_cat-vertrieb","10":"product_tag-strickjacke-de","11":"product_tag-strickjacke-de-2","12":"product_tag-strickjacke-kurz","14":"first","15":"instock","16":"sale","17":"shipping-taxable","18":"purchasable","19":"product-type-variable"},"jetpack_sharing_enabled":true,"_links":{"self":[{"href":"https:\/\/lighthouselocarno.ch\/de\/wp-json\/wp\/v2\/product\/123879","targetHints":{"allow":["GET"]}}],"collection":[{"href":"https:\/\/lighthouselocarno.ch\/de\/wp-json\/wp\/v2\/product"}],"about":[{"href":"https:\/\/lighthouselocarno.ch\/de\/wp-json\/wp\/v2\/types\/product"}],"wp:featuredmedia":[{"embeddable":true,"href":"https:\/\/lighthouselocarno.ch\/de\/wp-json\/wp\/v2\/media\/104084"}],"wp:attachment":[{"href":"https:\/\/lighthouselocarno.ch\/de\/wp-json\/wp\/v2\/media?parent=123879"}],"wp:term":[{"taxonomy":"product_brand","embeddable":true,"href":"https:\/\/lighthouselocarno.ch\/de\/wp-json\/wp\/v2\/product_brand?post=123879"},{"taxonomy":"product_cat","embeddable":true,"href":"https:\/\/lighthouselocarno.ch\/de\/wp-json\/wp\/v2\/product_cat?post=123879"},{"taxonomy":"product_tag","embeddable":true,"href":"https:\/\/lighthouselocarno.ch\/de\/wp-json\/wp\/v2\/product_tag?post=123879"}],"curies":[{"name":"wp","href":"https:\/\/api.w.org\/{rel}","templated":true}]}}