{"id":126309,"date":"2022-05-07T17:33:02","date_gmt":"2022-05-07T17:33:02","guid":{"rendered":"https:\/\/lighthouselocarno.ch\/prodotti\/badeset-gesichts-gaeste-und-frotteehandtuch-mit-spitze-armonia\/"},"modified":"2025-05-23T13:41:40","modified_gmt":"2025-05-23T13:41:40","slug":"set-bad-gesicht-gast-und-laken-im-schwamm-mit-lace-harmonie","status":"publish","type":"product","link":"https:\/\/lighthouselocarno.ch\/de\/produkt\/set-bad-gesicht-gast-und-laken-im-schwamm-mit-lace-harmonie\/","title":{"rendered":"Badeset Gesichts-, G\u00e4ste- und Frotteehandtuch mit Spitze Armonia"},"content":{"rendered":"","protected":false},"excerpt":{"rendered":"<p>Set aus Gesichts-, G\u00e4ste- und Badet\u00fcchern aus Frottee mit Harmony-Spitze auf einer Seite. Borte aus Leinenmischung. Kreisf\u00f6rmiger Arte Pura Logo-Einsatz. Gr\u00f6\u00dfen: Gesichtshandtuch 60&#215;100 cm, G\u00e4stehandtuch 40&#215;60 cm, Badetuch 100 x 140 cm.<\/p>\n<p>Handtuch-Set, hergestellt in Italien aus hochwertiger Baumwolle, die durch spezielle Behandlungen, die das nat\u00fcrliche Aussehen verst\u00e4rken, weich im Griff ist.<\/p>\n<p>Ein idealer Stoff f\u00fcr das Badezimmer, denn er ist hypoallergen, antibakteriell und vor allem hygroskopisch. In voller Achtung vor Ihrer Haut.<\/p>\n<p>Zus\u00e4tzlich zur Verwendung von nat\u00fcrlichen und hypoallergenen Farbstoffen, die der Naturfaser Glanz und Ausstrahlung verleihen.<\/p>\n<p>Langlebigkeit und einfache Wartung sind weitere Pluspunkte Ihrer Wahl.<\/p>\n<p>Ideal zur Versch\u00f6nerung des Badezimmersets: allein oder in Kombination mit Handtuch und Bademantel, um immer wieder originelle Kombinationen zu schaffen.<\/p>\n<p>Bitte lesen Sie den Abschnitt \u201eProduktpflege\u201c f\u00fcr alle Waschanweisungen.<\/p>\n","protected":false},"featured_media":106568,"template":"","meta":{"_seopress_robots_primary_cat":"","_seopress_titles_title":"","_seopress_titles_desc":"","_seopress_robots_index":""},"product_brand":[8562],"product_cat":[6027,3916,3748],"product_tag":[6058,4859,6046,5988,5992,6055,5179,6031],"class_list":{"0":"post-126309","1":"product","2":"type-product","3":"status-publish","4":"has-post-thumbnail","6":"product_brand-arte-pura","7":"product_cat-badetucher","8":"product_cat-badezimmer","9":"product_cat-wohnaccessoires","10":"product_tag-badetucher-de","11":"product_tag-badezimmer","12":"product_tag-handtuch-fur-gesicht-und-gaste","13":"product_tag-harmonie-spitze","14":"product_tag-romantisch","15":"product_tag-satz","16":"product_tag-schwamm-de","17":"product_tag-wasche-fur-das-badezimmer","18":"pa_colore-puder-alt-043","19":"pa_colore-retro-900-de","20":"pa_tema-romantisch","22":"first","23":"instock","24":"shipping-taxable","25":"purchasable","26":"product-type-variable"},"jetpack_sharing_enabled":true,"_links":{"self":[{"href":"https:\/\/lighthouselocarno.ch\/de\/wp-json\/wp\/v2\/product\/126309","targetHints":{"allow":["GET"]}}],"collection":[{"href":"https:\/\/lighthouselocarno.ch\/de\/wp-json\/wp\/v2\/product"}],"about":[{"href":"https:\/\/lighthouselocarno.ch\/de\/wp-json\/wp\/v2\/types\/product"}],"wp:featuredmedia":[{"embeddable":true,"href":"https:\/\/lighthouselocarno.ch\/de\/wp-json\/wp\/v2\/media\/106568"}],"wp:attachment":[{"href":"https:\/\/lighthouselocarno.ch\/de\/wp-json\/wp\/v2\/media?parent=126309"}],"wp:term":[{"taxonomy":"product_brand","embeddable":true,"href":"https:\/\/lighthouselocarno.ch\/de\/wp-json\/wp\/v2\/product_brand?post=126309"},{"taxonomy":"product_cat","embeddable":true,"href":"https:\/\/lighthouselocarno.ch\/de\/wp-json\/wp\/v2\/product_cat?post=126309"},{"taxonomy":"product_tag","embeddable":true,"href":"https:\/\/lighthouselocarno.ch\/de\/wp-json\/wp\/v2\/product_tag?post=126309"}],"curies":[{"name":"wp","href":"https:\/\/api.w.org\/{rel}","templated":true}]}}