{"id":126311,"date":"2022-05-07T17:34:58","date_gmt":"2022-05-07T17:34:58","guid":{"rendered":"https:\/\/lighthouselocarno.ch\/prodotti\/medium-trousse\/"},"modified":"2025-05-23T13:41:40","modified_gmt":"2025-05-23T13:41:40","slug":"trousse-media","status":"publish","type":"product","link":"https:\/\/lighthouselocarno.ch\/de\/produkt\/trousse-media\/","title":{"rendered":"Medium trousse"},"content":{"rendered":"","protected":false},"excerpt":{"rendered":"<p>Rechteckige Aussteuer aus Leinen und Baumwolle. Rei\u00dfverschluss. Abmessungen 12X23 cm.<\/p>\n<p>In Italien gefertigte Trousse aus 100 % hochwertigem Leinen, die durch spezielle Behandlungen, die das nat\u00fcrliche Aussehen verst\u00e4rken, weich im Griff sind.<\/p>\n<p>Dieser Stoff ist ideal, weil er hypoallergen und antibakteriell ist. Au\u00dferdem werden nat\u00fcrliche, nicht allergene Farbstoffe verwendet, die der Naturfaser Glanz und Lebendigkeit verleihen.<\/p>\n<p>Langlebigkeit und einfache Wartung sind weitere Pluspunkte Ihrer Wahl.<\/p>\n<p>Dekorieren Sie Ihre R\u00e4ume, indem Sie Ihrer Einrichtung einen Hauch von Originalit\u00e4t verleihen. Viel Spa\u00df bei der Verwendung in jedem Raum Ihrer Wohnung oder Ihres B\u00fcros: Etui, Halter oder Schminktasche.<\/p>\n<p>Bitte lesen Sie den Abschnitt \u201eProduktpflege\u201c f\u00fcr alle Waschanweisungen.<\/p>\n","protected":false},"featured_media":106664,"template":"","meta":{"_seopress_robots_primary_cat":"none","_seopress_titles_title":"","_seopress_titles_desc":"","_seopress_robots_index":""},"product_brand":[8562],"product_cat":[6035,5282,3748],"product_tag":[4859,5723,6049,4470,6056,5706,6038,5726,5712,5851],"class_list":{"0":"post-126311","1":"product","2":"type-product","3":"status-publish","4":"has-post-thumbnail","6":"product_brand-arte-pura","7":"product_cat-accessoires-de","8":"product_cat-kosmetik-taschen","9":"product_cat-wohnaccessoires","10":"product_tag-badezimmer","11":"product_tag-dekoratives-zubehor","12":"product_tag-fall","13":"product_tag-halterung","14":"product_tag-make-up-halter","15":"product_tag-schlafzimmer","16":"product_tag-trousse-de","17":"product_tag-wesentlich","18":"product_tag-wohnbereich","19":"product_tag-zubehor","20":"pa_colore-kreide-alt-044","21":"pa_colore-retro-900-de","22":"pa_tema-wesentlich","24":"first","25":"instock","26":"shipping-taxable","27":"purchasable","28":"product-type-variable"},"jetpack_sharing_enabled":true,"_links":{"self":[{"href":"https:\/\/lighthouselocarno.ch\/de\/wp-json\/wp\/v2\/product\/126311","targetHints":{"allow":["GET"]}}],"collection":[{"href":"https:\/\/lighthouselocarno.ch\/de\/wp-json\/wp\/v2\/product"}],"about":[{"href":"https:\/\/lighthouselocarno.ch\/de\/wp-json\/wp\/v2\/types\/product"}],"wp:featuredmedia":[{"embeddable":true,"href":"https:\/\/lighthouselocarno.ch\/de\/wp-json\/wp\/v2\/media\/106664"}],"wp:attachment":[{"href":"https:\/\/lighthouselocarno.ch\/de\/wp-json\/wp\/v2\/media?parent=126311"}],"wp:term":[{"taxonomy":"product_brand","embeddable":true,"href":"https:\/\/lighthouselocarno.ch\/de\/wp-json\/wp\/v2\/product_brand?post=126311"},{"taxonomy":"product_cat","embeddable":true,"href":"https:\/\/lighthouselocarno.ch\/de\/wp-json\/wp\/v2\/product_cat?post=126311"},{"taxonomy":"product_tag","embeddable":true,"href":"https:\/\/lighthouselocarno.ch\/de\/wp-json\/wp\/v2\/product_tag?post=126311"}],"curies":[{"name":"wp","href":"https:\/\/api.w.org\/{rel}","templated":true}]}}