{"id":126361,"date":"2022-05-07T17:09:29","date_gmt":"2022-05-07T17:09:29","guid":{"rendered":"https:\/\/lighthouselocarno.ch\/prodotti\/rechteckiger-frotteevorleger\/"},"modified":"2025-05-23T13:41:40","modified_gmt":"2025-05-23T13:41:40","slug":"teppich-rechteckig-im-schwamm","status":"publish","type":"product","link":"https:\/\/lighthouselocarno.ch\/de\/produkt\/teppich-rechteckig-im-schwamm\/","title":{"rendered":"Badematte mit Schwamm 60 x 90"},"content":{"rendered":"","protected":false},"excerpt":{"rendered":"<p>Rechteckiger Frotteeteppich mit Bord\u00fcre aus Leinenmischung.<br \/>\nMa\u00dfe 60X90 cm.<br \/>\nEin in Italien hergestellter Teppich aus hochwertiger Baumwolle, der sich dank spezieller Behandlungen, die das nat\u00fcrliche Aussehen verst\u00e4rken, weich anf\u00fchlt.<br \/>\nZus\u00e4tzlich zur Verwendung von nat\u00fcrlichen und hypoallergenen Farbstoffen, die der Naturfaser Glanz und Schwung verleihen.<br \/>\nLanglebige Haltbarkeit und einfache Pflege machen Ihre Wahl zu einem Mehrwert.<br \/>\nIdeal zur Versch\u00f6nerung Ihres Badezimmers: allein oder in Kombination mit abgestimmten Handt\u00fcchern, um jedes Mal originelle Kombinationen zu schaffen.<br \/>\nBitte konsultieren Sie den Abschnitt \u201eProduktpflege\u201c f\u00fcr alle Waschanweisungen. <\/p>\n","protected":false},"featured_media":106490,"template":"","meta":{"_seopress_robots_primary_cat":"none","_seopress_titles_title":"","_seopress_titles_desc":"","_seopress_robots_index":""},"product_brand":[8562],"product_cat":[3916,6072,6068,3748],"product_tag":[4859,6041,5706,5179,6074,5748,5726],"class_list":{"0":"post-126361","1":"product","2":"type-product","3":"status-publish","4":"has-post-thumbnail","6":"product_brand-arte-pura","7":"product_cat-badezimmer","8":"product_cat-badteppiche","9":"product_cat-teppiche","10":"product_cat-wohnaccessoires","11":"product_tag-badezimmer","12":"product_tag-industriell","13":"product_tag-schlafzimmer","14":"product_tag-schwamm-de","15":"product_tag-teppiche","16":"product_tag-weis","17":"product_tag-wesentlich","18":"pa_colore-kreide-alt-044","19":"pa_colore-mineralien-alt-410","20":"pa_colore-retro-900-de","21":"pa_colore-weis-019","23":"first","24":"instock","25":"shipping-taxable","26":"purchasable","27":"product-type-variable"},"jetpack_sharing_enabled":true,"_links":{"self":[{"href":"https:\/\/lighthouselocarno.ch\/de\/wp-json\/wp\/v2\/product\/126361","targetHints":{"allow":["GET"]}}],"collection":[{"href":"https:\/\/lighthouselocarno.ch\/de\/wp-json\/wp\/v2\/product"}],"about":[{"href":"https:\/\/lighthouselocarno.ch\/de\/wp-json\/wp\/v2\/types\/product"}],"wp:featuredmedia":[{"embeddable":true,"href":"https:\/\/lighthouselocarno.ch\/de\/wp-json\/wp\/v2\/media\/106490"}],"wp:attachment":[{"href":"https:\/\/lighthouselocarno.ch\/de\/wp-json\/wp\/v2\/media?parent=126361"}],"wp:term":[{"taxonomy":"product_brand","embeddable":true,"href":"https:\/\/lighthouselocarno.ch\/de\/wp-json\/wp\/v2\/product_brand?post=126361"},{"taxonomy":"product_cat","embeddable":true,"href":"https:\/\/lighthouselocarno.ch\/de\/wp-json\/wp\/v2\/product_cat?post=126361"},{"taxonomy":"product_tag","embeddable":true,"href":"https:\/\/lighthouselocarno.ch\/de\/wp-json\/wp\/v2\/product_tag?post=126361"}],"curies":[{"name":"wp","href":"https:\/\/api.w.org\/{rel}","templated":true}]}}