{"id":126363,"date":"2022-05-07T17:07:25","date_gmt":"2022-05-07T17:07:25","guid":{"rendered":"https:\/\/lighthouselocarno.ch\/prodotti\/dekorativer-kopfkissenbezug-mit-spitze-harmony\/"},"modified":"2025-05-23T13:44:33","modified_gmt":"2025-05-23T13:44:33","slug":"kissenbezug-dekoration-mit-lace-harmonie","status":"publish","type":"product","link":"https:\/\/lighthouselocarno.ch\/de\/produkt\/kissenbezug-dekoration-mit-lace-harmonie\/","title":{"rendered":"Dekorativer Kopfkissenbezug mit Spitze Harmony"},"content":{"rendered":"","protected":false},"excerpt":{"rendered":"<p>Antiker Zierkissenbezug aus schwerem Leinen mit Harmony-Spitze, Klappenverschluss und Agoya-Perlmuttkn\u00f6pfen. Rechteckiger Arte Pura-Logoeinsatz auf der Klappe. Gr\u00f6\u00dfe 40&#215;40 cm.<\/p>\n<p>In Italien hergestellter Kopfkissenbezug aus 100 % hochwertigem Leinen, der durch spezielle Behandlungen, die das nat\u00fcrliche Aussehen verst\u00e4rken, weich im Griff ist.<\/p>\n<p>Dieser Stoff ist ideal f\u00fcr das Bett, da er hypoallergen und antibakteriell ist. Au\u00dferdem werden nat\u00fcrliche, nicht allergene Farbstoffe verwendet, die der Naturfaser Glanz und Lebendigkeit verleihen.<\/p>\n<p>Langlebigkeit und einfache Wartung sind weitere Pluspunkte Ihrer Wahl.<\/p>\n<p>Ideal, um Ihre Bettausstattung zu versch\u00f6nern: allein oder in Kombination mit einer Tagesdecke und einem Laken, um immer wieder originelle Kombinationen zu schaffen.<\/p>\n<p>Bitte lesen Sie den Abschnitt \u201eProduktpflege\u201c f\u00fcr alle Waschanweisungen.<\/p>\n","protected":false},"featured_media":106379,"template":"","meta":{"_seopress_robots_primary_cat":"","_seopress_titles_title":"","_seopress_titles_desc":"","_seopress_robots_index":""},"product_brand":[8562],"product_cat":[5957,6634,3748],"product_tag":[5980,5959,5738,5988,5966,5992,5706],"class_list":{"0":"post-126363","1":"product","2":"type-product","3":"status-publish","4":"has-post-thumbnail","6":"product_brand-arte-pura","7":"product_cat-bettwaesche","8":"product_cat-kissenbezuege-de","9":"product_cat-wohnaccessoires","10":"product_tag-bett-de","11":"product_tag-bettzeug","12":"product_tag-eine-naturliche-wahl","13":"product_tag-harmonie-spitze","14":"product_tag-kopfkissenbezuge-de","15":"product_tag-romantisch","16":"product_tag-schlafzimmer","18":"first","19":"instock","20":"shipping-taxable","21":"purchasable","22":"product-type-variable"},"jetpack_sharing_enabled":true,"_links":{"self":[{"href":"https:\/\/lighthouselocarno.ch\/de\/wp-json\/wp\/v2\/product\/126363","targetHints":{"allow":["GET"]}}],"collection":[{"href":"https:\/\/lighthouselocarno.ch\/de\/wp-json\/wp\/v2\/product"}],"about":[{"href":"https:\/\/lighthouselocarno.ch\/de\/wp-json\/wp\/v2\/types\/product"}],"wp:featuredmedia":[{"embeddable":true,"href":"https:\/\/lighthouselocarno.ch\/de\/wp-json\/wp\/v2\/media\/106379"}],"wp:attachment":[{"href":"https:\/\/lighthouselocarno.ch\/de\/wp-json\/wp\/v2\/media?parent=126363"}],"wp:term":[{"taxonomy":"product_brand","embeddable":true,"href":"https:\/\/lighthouselocarno.ch\/de\/wp-json\/wp\/v2\/product_brand?post=126363"},{"taxonomy":"product_cat","embeddable":true,"href":"https:\/\/lighthouselocarno.ch\/de\/wp-json\/wp\/v2\/product_cat?post=126363"},{"taxonomy":"product_tag","embeddable":true,"href":"https:\/\/lighthouselocarno.ch\/de\/wp-json\/wp\/v2\/product_tag?post=126363"}],"curies":[{"name":"wp","href":"https:\/\/api.w.org\/{rel}","templated":true}]}}