{"id":126368,"date":"2022-05-07T17:33:56","date_gmt":"2022-05-07T17:33:56","guid":{"rendered":"https:\/\/lighthouselocarno.ch\/prodotti\/leichter-leinen-glasvorhang\/"},"modified":"2025-05-23T13:41:40","modified_gmt":"2025-05-23T13:41:40","slug":"vorhang-ein-glas-im-licht-leinen","status":"publish","type":"product","link":"https:\/\/lighthouselocarno.ch\/de\/produkt\/vorhang-ein-glas-im-licht-leinen\/","title":{"rendered":"Leichter Leinen-Glasvorhang"},"content":{"rendered":"","protected":false},"excerpt":{"rendered":"<p>Leichter Glasvorhang aus Leinen. Oberteil mit Steckverschluss und Verschluss mit Agoya-Perlmuttkn\u00f6pfen. Abmessungen 60&#215;160 cm.<\/p>\n<p>Vorhang, der in Italien aus hochwertigem 100%igem Leinen hergestellt wird und sich durch spezielle Behandlungen, die das nat\u00fcrliche Aussehen verst\u00e4rken, weich anf\u00fchlt.<\/p>\n<p>Dieser Stoff ist ideal, weil er hypoallergen und antibakteriell ist. Au\u00dferdem werden nat\u00fcrliche, nicht allergene Farbstoffe verwendet, die der Naturfaser Glanz und Lebendigkeit verleihen.<\/p>\n<p>Langlebigkeit und einfache Wartung sind weitere Pluspunkte Ihrer Wahl.<\/p>\n<p>Versch\u00f6nern Sie Ihre R\u00e4ume, indem Sie Ihrer Einrichtung einen Hauch von Originalit\u00e4t verleihen.<\/p>\n<p>Bitte lesen Sie den Abschnitt \u201eProduktpflege\u201c f\u00fcr alle Waschanweisungen.<\/p>\n","protected":false},"featured_media":106625,"template":"","meta":{"_seopress_robots_primary_cat":"none","_seopress_titles_title":"","_seopress_titles_desc":"","_seopress_robots_index":""},"product_brand":[8562],"product_cat":[6092,6091,3748],"product_tag":[4859,6093,5706,5748,5726,5712,6098],"class_list":{"0":"post-126368","1":"product","2":"type-product","3":"status-publish","4":"has-post-thumbnail","6":"product_brand-arte-pura","7":"product_cat-sichtschutz","8":"product_cat-vorhange","9":"product_cat-wohnaccessoires","10":"product_tag-badezimmer","11":"product_tag-giadino-de","12":"product_tag-schlafzimmer","13":"product_tag-weis","14":"product_tag-wesentlich","15":"product_tag-wohnbereich","16":"product_tag-zelte","17":"pa_colore-weis-019","18":"pa_tema-weis","19":"pa_tema-wesentlich","21":"first","22":"instock","23":"shipping-taxable","24":"purchasable","25":"product-type-variable"},"jetpack_sharing_enabled":true,"_links":{"self":[{"href":"https:\/\/lighthouselocarno.ch\/de\/wp-json\/wp\/v2\/product\/126368","targetHints":{"allow":["GET"]}}],"collection":[{"href":"https:\/\/lighthouselocarno.ch\/de\/wp-json\/wp\/v2\/product"}],"about":[{"href":"https:\/\/lighthouselocarno.ch\/de\/wp-json\/wp\/v2\/types\/product"}],"wp:featuredmedia":[{"embeddable":true,"href":"https:\/\/lighthouselocarno.ch\/de\/wp-json\/wp\/v2\/media\/106625"}],"wp:attachment":[{"href":"https:\/\/lighthouselocarno.ch\/de\/wp-json\/wp\/v2\/media?parent=126368"}],"wp:term":[{"taxonomy":"product_brand","embeddable":true,"href":"https:\/\/lighthouselocarno.ch\/de\/wp-json\/wp\/v2\/product_brand?post=126368"},{"taxonomy":"product_cat","embeddable":true,"href":"https:\/\/lighthouselocarno.ch\/de\/wp-json\/wp\/v2\/product_cat?post=126368"},{"taxonomy":"product_tag","embeddable":true,"href":"https:\/\/lighthouselocarno.ch\/de\/wp-json\/wp\/v2\/product_tag?post=126368"}],"curies":[{"name":"wp","href":"https:\/\/api.w.org\/{rel}","templated":true}]}}