{"id":126403,"date":"2022-05-07T17:34:58","date_gmt":"2022-05-07T17:34:58","guid":{"rendered":"https:\/\/lighthouselocarno.ch\/prodotti\/vorhang-aus-hellem-leinen-und-besticktem-organza\/"},"modified":"2025-05-23T13:41:40","modified_gmt":"2025-05-23T13:41:40","slug":"zelt-in-leinen-leicht-und-organza-bestickt","status":"publish","type":"product","link":"https:\/\/lighthouselocarno.ch\/de\/produkt\/zelt-in-leinen-leicht-und-organza-bestickt\/","title":{"rendered":"Vorhang aus hellem Leinen und besticktem Organza"},"content":{"rendered":"","protected":false},"excerpt":{"rendered":"<p>Leichter Vorhang aus Leinen und Organza mit vertikaler gotischer Stickerei in der Mitte. Oberer Teil mit Vorrichtung f\u00fcr einen Stock und Organza-Verzierung. Ma\u00dfe 130&#215;300 cm.<\/p>\n<p>Vorhang, der in Italien aus hochwertigem 100%igem Leinen hergestellt wird und sich durch spezielle Behandlungen, die das nat\u00fcrliche Aussehen verst\u00e4rken, weich anf\u00fchlt.<\/p>\n<p>Dieser Stoff ist ideal, weil er hypoallergen und antibakteriell ist. Au\u00dferdem werden nat\u00fcrliche, nicht allergene Farbstoffe verwendet, die der Naturfaser Glanz und Lebendigkeit verleihen.<\/p>\n<p>Langlebigkeit und einfache Wartung sind weitere Pluspunkte Ihrer Wahl.<\/p>\n<p>Versch\u00f6nern Sie Ihre R\u00e4ume, indem Sie Ihrer Einrichtung einen Hauch von Originalit\u00e4t verleihen.<\/p>\n<p>Bitte lesen Sie den Abschnitt \u201eProduktpflege\u201c f\u00fcr alle Waschanweisungen.<\/p>\n","protected":false},"featured_media":106649,"template":"","meta":{"_seopress_robots_primary_cat":"none","_seopress_titles_title":"","_seopress_titles_desc":"","_seopress_robots_index":""},"product_brand":[8562],"product_cat":[6091,7195,3748],"product_tag":[4859,5719,6093,5992,5706,6103,5748,5712,6098],"class_list":{"0":"post-126403","1":"product","2":"type-product","3":"status-publish","4":"has-post-thumbnail","6":"product_brand-arte-pura","7":"product_cat-vorhange","8":"product_cat-vorhaenge-de","9":"product_cat-wohnaccessoires","10":"product_tag-badezimmer","11":"product_tag-festliche-luft","12":"product_tag-giadino-de","13":"product_tag-romantisch","14":"product_tag-schlafzimmer","15":"product_tag-stickerei","16":"product_tag-weis","17":"product_tag-wohnbereich","18":"product_tag-zelte","19":"pa_colore-retro-900-de","20":"pa_colore-roma-alt-435","21":"pa_colore-weis-019","22":"pa_tema-romantisch","23":"pa_tema-weis","25":"first","26":"instock","27":"shipping-taxable","28":"purchasable","29":"product-type-variable"},"jetpack_sharing_enabled":true,"_links":{"self":[{"href":"https:\/\/lighthouselocarno.ch\/de\/wp-json\/wp\/v2\/product\/126403","targetHints":{"allow":["GET"]}}],"collection":[{"href":"https:\/\/lighthouselocarno.ch\/de\/wp-json\/wp\/v2\/product"}],"about":[{"href":"https:\/\/lighthouselocarno.ch\/de\/wp-json\/wp\/v2\/types\/product"}],"wp:featuredmedia":[{"embeddable":true,"href":"https:\/\/lighthouselocarno.ch\/de\/wp-json\/wp\/v2\/media\/106649"}],"wp:attachment":[{"href":"https:\/\/lighthouselocarno.ch\/de\/wp-json\/wp\/v2\/media?parent=126403"}],"wp:term":[{"taxonomy":"product_brand","embeddable":true,"href":"https:\/\/lighthouselocarno.ch\/de\/wp-json\/wp\/v2\/product_brand?post=126403"},{"taxonomy":"product_cat","embeddable":true,"href":"https:\/\/lighthouselocarno.ch\/de\/wp-json\/wp\/v2\/product_cat?post=126403"},{"taxonomy":"product_tag","embeddable":true,"href":"https:\/\/lighthouselocarno.ch\/de\/wp-json\/wp\/v2\/product_tag?post=126403"}],"curies":[{"name":"wp","href":"https:\/\/api.w.org\/{rel}","templated":true}]}}