{"id":126467,"date":"2022-05-07T17:08:31","date_gmt":"2022-05-07T17:08:31","guid":{"rendered":"https:\/\/lighthouselocarno.ch\/prodotti\/bademantel-aus-leinen-und-baumwolle\/"},"modified":"2025-05-23T13:41:40","modified_gmt":"2025-05-23T13:41:40","slug":"bademantel-aus-leinen-und-baumwolle","status":"publish","type":"product","link":"https:\/\/lighthouselocarno.ch\/de\/produkt\/bademantel-aus-leinen-und-baumwolle\/","title":{"rendered":"Bademantel aus Leinen und Baumwolle"},"content":{"rendered":"","protected":false},"excerpt":{"rendered":"<p>Langer Bademantel aus Leinen und Baumwolle. Stoff mit wabenf\u00f6rmiger Verarbeitung.<\/p>\n<p>Ein Bademantel, der in Italien aus hochwertiger Baumwolle und Leinen hergestellt wird und sich durch spezielle Behandlungen, die das nat\u00fcrliche Aussehen verbessern, weich anf\u00fchlt.<\/p>\n<p>Ein idealer Stoff f\u00fcr Kleidung, da er hypoallergen und antibakteriell ist und nat\u00fcrliche und hypoallergene Farbstoffe verwendet werden, die die Haut vollst\u00e4ndig schonen.<\/p>\n<p>Langlebigkeit und einfache Wartung sind weitere Pluspunkte Ihrer Wahl.<\/p>\n<p>Bitte lesen Sie den Abschnitt \u201eProduktpflege\u201c f\u00fcr alle Waschanweisungen.<\/p>\n","protected":false},"featured_media":106475,"template":"","meta":{"_seopress_robots_primary_cat":"","_seopress_titles_title":"","_seopress_titles_desc":"","_seopress_robots_index":""},"product_brand":[8562],"product_cat":[5946,3916,3748],"product_tag":[6140,4859,6146,6032,6031,5726],"class_list":{"0":"post-126467","1":"product","2":"type-product","3":"status-publish","4":"has-post-thumbnail","6":"product_brand-arte-pura","7":"product_cat-bademantel-de","8":"product_cat-badezimmer","9":"product_cat-wohnaccessoires","10":"product_tag-bademantel-de-3","11":"product_tag-badezimmer","12":"product_tag-kimono-de","13":"product_tag-table-accessories-en-2","14":"product_tag-wasche-fur-das-badezimmer","15":"product_tag-wesentlich","17":"first","18":"instock","19":"shipping-taxable","20":"purchasable","21":"product-type-variable"},"jetpack_sharing_enabled":true,"_links":{"self":[{"href":"https:\/\/lighthouselocarno.ch\/de\/wp-json\/wp\/v2\/product\/126467","targetHints":{"allow":["GET"]}}],"collection":[{"href":"https:\/\/lighthouselocarno.ch\/de\/wp-json\/wp\/v2\/product"}],"about":[{"href":"https:\/\/lighthouselocarno.ch\/de\/wp-json\/wp\/v2\/types\/product"}],"wp:featuredmedia":[{"embeddable":true,"href":"https:\/\/lighthouselocarno.ch\/de\/wp-json\/wp\/v2\/media\/106475"}],"wp:attachment":[{"href":"https:\/\/lighthouselocarno.ch\/de\/wp-json\/wp\/v2\/media?parent=126467"}],"wp:term":[{"taxonomy":"product_brand","embeddable":true,"href":"https:\/\/lighthouselocarno.ch\/de\/wp-json\/wp\/v2\/product_brand?post=126467"},{"taxonomy":"product_cat","embeddable":true,"href":"https:\/\/lighthouselocarno.ch\/de\/wp-json\/wp\/v2\/product_cat?post=126467"},{"taxonomy":"product_tag","embeddable":true,"href":"https:\/\/lighthouselocarno.ch\/de\/wp-json\/wp\/v2\/product_tag?post=126467"}],"curies":[{"name":"wp","href":"https:\/\/api.w.org\/{rel}","templated":true}]}}