{"id":126476,"date":"2022-05-07T17:34:25","date_gmt":"2022-05-07T17:34:25","guid":{"rendered":"https:\/\/lighthouselocarno.ch\/prodotti\/vorhang-aus-hellem-leinen-und-organza\/"},"modified":"2025-05-23T13:41:40","modified_gmt":"2025-05-23T13:41:40","slug":"zelt-aus-leinen-licht-und-organza","status":"publish","type":"product","link":"https:\/\/lighthouselocarno.ch\/de\/produkt\/zelt-aus-leinen-licht-und-organza\/","title":{"rendered":"Vorhang aus hellem Leinen und Organza"},"content":{"rendered":"","protected":false},"excerpt":{"rendered":"<p>Vorhang aus leichtem Leinen und Organza. Schn\u00fcrverschluss. Ma\u00dfe 200&#215;300 cm.<\/p>\n<p>Vorhang, der in Italien aus hochwertigem 100%igem Leinen hergestellt wird und sich durch spezielle Behandlungen, die das nat\u00fcrliche Aussehen verst\u00e4rken, weich anf\u00fchlt.<\/p>\n<p>Dieser Stoff ist ideal, weil er hypoallergen und antibakteriell ist. Au\u00dferdem werden nat\u00fcrliche, nicht allergene Farbstoffe verwendet, die der Naturfaser Glanz und Lebendigkeit verleihen.<\/p>\n<p>Langlebigkeit und einfache Wartung sind weitere Pluspunkte Ihrer Wahl.<\/p>\n<p>Versch\u00f6nern Sie Ihre R\u00e4ume, indem Sie Ihrer Einrichtung einen Hauch von Originalit\u00e4t verleihen.<\/p>\n<p>Bitte lesen Sie den Abschnitt \u201eProduktpflege\u201c f\u00fcr alle Waschanweisungen.<\/p>\n","protected":false},"featured_media":106631,"template":"","meta":{"_seopress_robots_primary_cat":"none","_seopress_titles_title":"","_seopress_titles_desc":"","_seopress_robots_index":""},"product_brand":[8562],"product_cat":[7195,6091,3748],"product_tag":[4859,6093,5706,5748,5726,5712,6098],"class_list":{"0":"post-126476","1":"product","2":"type-product","3":"status-publish","4":"has-post-thumbnail","6":"product_brand-arte-pura","7":"product_cat-vorhaenge-de","8":"product_cat-vorhange","9":"product_cat-wohnaccessoires","10":"product_tag-badezimmer","11":"product_tag-giadino-de","12":"product_tag-schlafzimmer","13":"product_tag-weis","14":"product_tag-wesentlich","15":"product_tag-wohnbereich","16":"product_tag-zelte","17":"pa_colore-retro-900-de","18":"pa_colore-weis-019","19":"pa_tema-weis","20":"pa_tema-wesentlich","22":"first","23":"instock","24":"featured","25":"shipping-taxable","26":"purchasable","27":"product-type-variable"},"jetpack_sharing_enabled":true,"_links":{"self":[{"href":"https:\/\/lighthouselocarno.ch\/de\/wp-json\/wp\/v2\/product\/126476","targetHints":{"allow":["GET"]}}],"collection":[{"href":"https:\/\/lighthouselocarno.ch\/de\/wp-json\/wp\/v2\/product"}],"about":[{"href":"https:\/\/lighthouselocarno.ch\/de\/wp-json\/wp\/v2\/types\/product"}],"wp:featuredmedia":[{"embeddable":true,"href":"https:\/\/lighthouselocarno.ch\/de\/wp-json\/wp\/v2\/media\/106631"}],"wp:attachment":[{"href":"https:\/\/lighthouselocarno.ch\/de\/wp-json\/wp\/v2\/media?parent=126476"}],"wp:term":[{"taxonomy":"product_brand","embeddable":true,"href":"https:\/\/lighthouselocarno.ch\/de\/wp-json\/wp\/v2\/product_brand?post=126476"},{"taxonomy":"product_cat","embeddable":true,"href":"https:\/\/lighthouselocarno.ch\/de\/wp-json\/wp\/v2\/product_cat?post=126476"},{"taxonomy":"product_tag","embeddable":true,"href":"https:\/\/lighthouselocarno.ch\/de\/wp-json\/wp\/v2\/product_tag?post=126476"}],"curies":[{"name":"wp","href":"https:\/\/api.w.org\/{rel}","templated":true}]}}