{"id":126497,"date":"2022-05-07T17:11:05","date_gmt":"2022-05-07T17:11:05","guid":{"rendered":"https:\/\/lighthouselocarno.ch\/prodotti\/bademantel-aus-schwerem-leinen-mit-kapuze\/"},"modified":"2025-05-23T13:41:40","modified_gmt":"2025-05-23T13:41:40","slug":"leinen-bademantel-mit-kapuze","status":"publish","type":"product","link":"https:\/\/lighthouselocarno.ch\/de\/produkt\/leinen-bademantel-mit-kapuze\/","title":{"rendered":"Bademantel aus schwerem Leinen mit Kapuze"},"content":{"rendered":"","protected":false},"excerpt":{"rendered":"<p>Bademantel aus schwerem Leinen mit Kapuze.<\/p>\n<p>In Italien hergestellter Bademantel aus hochwertigem Stoff, der sich durch spezielle Behandlungen, die das nat\u00fcrliche Aussehen verst\u00e4rken, weich anf\u00fchlt.<\/p>\n<p>Dieser Stoff ist ideal, weil er hypoallergen und hygroskopisch ist. Zus\u00e4tzlich zur Verwendung von nat\u00fcrlichen, hypoallergenen Farbstoffen verleiht er der Naturfaser Glanz und Ausstrahlung.<\/p>\n<p>Langlebigkeit und einfache Wartung sind weitere Pluspunkte Ihrer Wahl.<\/p>\n<p>Ideal zur Versch\u00f6nerung des Badezimmersets: allein oder in Kombination mit dem Handtuch und dem Handtuch, um immer wieder originelle Kombinationen zu schaffen.<\/p>\n<p>Bitte lesen Sie den Abschnitt \u201eProduktpflege\u201c f\u00fcr alle Waschanweisungen.<\/p>\n","protected":false},"featured_media":106517,"template":"","meta":{"_seopress_robots_primary_cat":"none","_seopress_titles_title":"","_seopress_titles_desc":"","_seopress_robots_index":""},"product_brand":[8562],"product_cat":[5946,3916,3748],"product_tag":[6140,4859,5728,6041,6031],"class_list":{"0":"post-126497","1":"product","2":"type-product","3":"status-publish","4":"has-post-thumbnail","6":"product_brand-arte-pura","7":"product_cat-bademantel-de","8":"product_cat-badezimmer","9":"product_cat-wohnaccessoires","10":"product_tag-bademantel-de-3","11":"product_tag-badezimmer","12":"product_tag-freundlich","13":"product_tag-industriell","14":"product_tag-wasche-fur-das-badezimmer","16":"first","17":"instock","18":"shipping-taxable","19":"purchasable","20":"product-type-variable"},"jetpack_sharing_enabled":true,"_links":{"self":[{"href":"https:\/\/lighthouselocarno.ch\/de\/wp-json\/wp\/v2\/product\/126497","targetHints":{"allow":["GET"]}}],"collection":[{"href":"https:\/\/lighthouselocarno.ch\/de\/wp-json\/wp\/v2\/product"}],"about":[{"href":"https:\/\/lighthouselocarno.ch\/de\/wp-json\/wp\/v2\/types\/product"}],"wp:featuredmedia":[{"embeddable":true,"href":"https:\/\/lighthouselocarno.ch\/de\/wp-json\/wp\/v2\/media\/106517"}],"wp:attachment":[{"href":"https:\/\/lighthouselocarno.ch\/de\/wp-json\/wp\/v2\/media?parent=126497"}],"wp:term":[{"taxonomy":"product_brand","embeddable":true,"href":"https:\/\/lighthouselocarno.ch\/de\/wp-json\/wp\/v2\/product_brand?post=126497"},{"taxonomy":"product_cat","embeddable":true,"href":"https:\/\/lighthouselocarno.ch\/de\/wp-json\/wp\/v2\/product_cat?post=126497"},{"taxonomy":"product_tag","embeddable":true,"href":"https:\/\/lighthouselocarno.ch\/de\/wp-json\/wp\/v2\/product_tag?post=126497"}],"curies":[{"name":"wp","href":"https:\/\/api.w.org\/{rel}","templated":true}]}}