{"id":126504,"date":"2022-05-07T17:35:24","date_gmt":"2022-05-07T17:35:24","guid":{"rendered":"https:\/\/lighthouselocarno.ch\/prodotti\/frottee-taschentuch-umschlag\/"},"modified":"2025-05-23T13:41:40","modified_gmt":"2025-05-23T13:41:40","slug":"taschentuch-im-schwamm-umschlag","status":"publish","type":"product","link":"https:\/\/lighthouselocarno.ch\/de\/produkt\/taschentuch-im-schwamm-umschlag\/","title":{"rendered":"Frottee-Taschentuch-Umschlag"},"content":{"rendered":"","protected":false},"excerpt":{"rendered":"<p>Schwamm Kleenex-Umschlag. Rechteckiger Einsatz mit Arte Pura-Logo. Ma\u00dfe 35 x 30 cm.<\/p>\n<p>Taschentuch Umschlag in Italien aus hochwertiger Baumwolle hergestellt, zus\u00e4tzlich zu der Verwendung von nat\u00fcrlichen und hypoallergenen Farbstoffen, die die nat\u00fcrliche Faser Glanz und Schwung geben.<\/p>\n<p>Langlebigkeit und einfache Wartung sind weitere Pluspunkte Ihrer Wahl.<\/p>\n<p>Dekorieren Sie Ihre R\u00e4ume, indem Sie Ihrer Einrichtung einen Hauch von Originalit\u00e4t verleihen.<\/p>\n<p>Sie k\u00f6nnen diesen Umschlag als eleganten Serviettenhalter auf dem Tisch oder anderswo im Haus als Kleenex-Halter verwenden.<\/p>\n<p>&nbsp;<\/p>\n<p>&nbsp;<\/p>\n<p>&nbsp;<\/p>\n","protected":false},"featured_media":106706,"template":"","meta":{"_seopress_robots_primary_cat":"","_seopress_titles_title":"","_seopress_titles_desc":"","_seopress_robots_index":""},"product_brand":[8562],"product_cat":[6035,5282,3748],"product_tag":[4859,6154,6153,5706,5179,5090,5726,5851],"class_list":{"0":"post-126504","1":"product","2":"type-product","3":"status-publish","4":"has-post-thumbnail","6":"product_brand-arte-pura","7":"product_cat-accessoires-de","8":"product_cat-kosmetik-taschen","9":"product_cat-wohnaccessoires","10":"product_tag-badezimmer","11":"product_tag-briefumschlage","12":"product_tag-dekoratives-zubehor-de","13":"product_tag-schlafzimmer","14":"product_tag-schwamm-de","15":"product_tag-taschentuchhalter-de-2","16":"product_tag-wesentlich","17":"product_tag-zubehor","18":"pa_colore-kreide-alt-044","19":"pa_tema-wesentlich","21":"first","22":"instock","23":"shipping-taxable","24":"purchasable","25":"product-type-variable"},"jetpack_sharing_enabled":true,"_links":{"self":[{"href":"https:\/\/lighthouselocarno.ch\/de\/wp-json\/wp\/v2\/product\/126504","targetHints":{"allow":["GET"]}}],"collection":[{"href":"https:\/\/lighthouselocarno.ch\/de\/wp-json\/wp\/v2\/product"}],"about":[{"href":"https:\/\/lighthouselocarno.ch\/de\/wp-json\/wp\/v2\/types\/product"}],"wp:featuredmedia":[{"embeddable":true,"href":"https:\/\/lighthouselocarno.ch\/de\/wp-json\/wp\/v2\/media\/106706"}],"wp:attachment":[{"href":"https:\/\/lighthouselocarno.ch\/de\/wp-json\/wp\/v2\/media?parent=126504"}],"wp:term":[{"taxonomy":"product_brand","embeddable":true,"href":"https:\/\/lighthouselocarno.ch\/de\/wp-json\/wp\/v2\/product_brand?post=126504"},{"taxonomy":"product_cat","embeddable":true,"href":"https:\/\/lighthouselocarno.ch\/de\/wp-json\/wp\/v2\/product_cat?post=126504"},{"taxonomy":"product_tag","embeddable":true,"href":"https:\/\/lighthouselocarno.ch\/de\/wp-json\/wp\/v2\/product_tag?post=126504"}],"curies":[{"name":"wp","href":"https:\/\/api.w.org\/{rel}","templated":true}]}}