{"id":126558,"date":"2022-05-07T19:29:44","date_gmt":"2022-05-07T19:29:44","guid":{"rendered":"https:\/\/lighthouselocarno.ch\/prodotti\/leichte-leinen-doppelbettgarnitur-mit-sinergia-spitze\/"},"modified":"2025-05-23T13:05:21","modified_gmt":"2025-05-23T13:05:21","slug":"leichtes-leinen-hochzeits-bett-set-mit-litze-synergie","status":"publish","type":"product","link":"https:\/\/lighthouselocarno.ch\/de\/produkt\/leichtes-leinen-hochzeits-bett-set-mit-litze-synergie\/","title":{"rendered":"Leichte Leinen-Doppelbettgarnitur mit &#8218;Sinergia&#8216;-Spitze"},"content":{"rendered":"<p><strong>Erleben Sie einen unvergleichlichen Schlaf mit dem Leinen-Bettlaken-Set &#8218;Sinergia&#8216; mit Spitze - Made in Italy - Doppelbett-Set<\/strong>.<\/p>\n<p>Tauchen Sie ein in <strong>handgefertigten italienischen Luxus<\/strong> mit dem Laken-Set \u201eSinergia\u201c, das sorgf\u00e4ltig aus 100% feinem Leinen hergestellt wird. Dank spezieller Behandlungen, die die nat\u00fcrliche Weichheit des Stoffes verst\u00e4rken, bietet diese Garnitur ein angenehmes Tragegef\u00fchl.<\/p>\n<p>Die hohe Qualit\u00e4t des Leinen, kombiniert mit seinen nat\u00fcrlichen hypoallergenen und <strong>antibakteriellen Eigenschaften,<\/strong> macht dieses Set zur idealen Wahl f\u00fcr Ihr Bett. Die verwendeten <strong>nat\u00fcrlichen und hypoallergenen Farbstoffe<\/strong> bewahren nicht nur den Glanz der Faser, sondern sorgen auch f\u00fcr Vitalit\u00e4t und Frische in Ihrer Schlafumgebung.<\/p>\n<p>Langlebigkeit und Wartungsfreundlichkeit verleihen Ihrer Wahl einen dauerhaften Wert und sorgen daf\u00fcr, dass Ihr \u201eSynergy\u201c-Set auch im Laufe der Zeit gl\u00e4nzen wird.<\/p>\n<p>Kombinieren Sie das Set mit <strong>farbigen Kissenbez\u00fcgen<\/strong> oder verwenden Sie es allein f\u00fcr einen eleganten Look und schaffen Sie so eine Symphonie des Stils in Ihrem Schlafzimmer. <strong>Mit dem <a href=\"https:\/\/lighthouselocarno.ch\/de\/produkt\/leichtes-leinen-hochzeits-betttuch-mit-spitze-synergie\/\">Doppelbettlaken<\/a>, dem <a href=\"https:\/\/lighthouselocarno.ch\/de\/produkt\/bettbezug-240x220cm-mit-lace-synergy\/\">Bettbezug<\/a> und den <a href=\"https:\/\/lighthouselocarno.ch\/de\/produkt\/feder-in-wool-mit-bindung-und-platz-synergie\/\">Kissenbez\u00fcgen<\/a> haben Sie alles, was Sie brauchen, um originelle Kombinationen zu schaffen, wann immer Sie Ihre Bettw\u00e4sche versch\u00f6nern m\u00f6chten.<\/strong><\/p>\n<p><em>Entscheiden Sie sich f\u00fcr \u201eSynergy\u201c, um Ihren Schlafbereich in eine Oase des kompromisslosen Luxus und Stils zu verwandeln. Begegnen Sie jeder Nacht mit dem Komfort und der Eleganz von hochwertigem italienischem Leinen<\/em><\/p>\n<p><strong>Produktpflege:<\/strong><\/p>\n<p>Maschinenwaschbar bei 30-40 Grad mit milder Seife. Keinen Weichsp\u00fcler hinzuf\u00fcgen. Nicht bleichen.<br \/>\nAlle Kleidungsst\u00fccke von Arte Pura sind mit nat\u00fcrlichen Mineralpigmenten handgef\u00e4rbt.<br \/>\nEs ist m\u00f6glich, dass sie bei den ersten W\u00e4schen etwas an Farbe verlieren, was zu einem Vintage-Ton f\u00fchrt, der einzigartig f\u00fcr diese Marke ist.<br \/>\nBeim Waschen von Kleidung mit alten Farben empfehle ich dringend, bei den ersten 3-4 Waschg\u00e4ngen 1 kg Meersalz in die Waschmaschine zu geben, um die Farben gut zu fixieren.<\/p>\n<p>Stoff:100% Leinen.<\/p>\n","protected":false},"excerpt":{"rendered":"<p><strong>Bettgarnitur aus Leinen mit Spitze &#8218;Synergy&#8216;<\/strong>.<\/p>\n<p>Gr\u00f6\u00dfen: Doppelbettlaken 270&#215;290 cm, Doppelspannbettlaken 190&#215;200 cm, Kopfkissenbez\u00fcge 50&#215;80 cm.<\/p>\n<p>Bettgarnitur, die in Italien aus 100% hochwertigem Leinen hergestellt wird und sich durch spezielle Behandlungen, die das nat\u00fcrliche Aussehen verbessern, weich anf\u00fchlt.<\/p>\n<p>Dieser <strong>Stoff ist ideal f\u00fcr das Bett<\/strong>, da er hypoallergen und antibakteriell ist. Au\u00dferdem werden <strong>nat\u00fcrliche, nicht allergene Farbstoffe<\/strong> verwendet, die der Naturfaser Glanz und Lebendigkeit verleihen.<\/p>\n<p>Langlebigkeit und einfache Wartung sind weitere Pluspunkte Ihrer Wahl.<\/p>\n<p>Ideal, um Ihr Bettw\u00e4scheset zu versch\u00f6nern: allein oder in Kombination mit farbigen Kissenbez\u00fcgen, um immer wieder originelle Kombinationen zu schaffen.<\/p>\n<p>Bitte lesen Sie den Abschnitt \u201eProduktpflege\u201c f\u00fcr alle Waschanweisungen.<\/p>\n","protected":false},"featured_media":111992,"template":"","meta":{"_seopress_robots_primary_cat":"none","_seopress_titles_title":"","_seopress_titles_desc":"","_seopress_robots_index":""},"product_brand":[8562],"product_cat":[5957,6176,3748],"product_tag":[5980,6184,6051,6041,5966,5706,6180],"class_list":{"0":"post-126558","1":"product","2":"type-product","3":"status-publish","4":"has-post-thumbnail","6":"product_brand-arte-pura","7":"product_cat-bettwaesche","8":"product_cat-bettwasche-sets","9":"product_cat-wohnaccessoires","10":"product_tag-bett-de","11":"product_tag-bettgarnitur","12":"product_tag-blatter","13":"product_tag-industriell","14":"product_tag-kopfkissenbezuge-de","15":"product_tag-schlafzimmer","16":"product_tag-synergie-spitze","17":"pa_colore-lava-alt-037","18":"pa_tema-industriell","20":"first","21":"instock","22":"shipping-taxable","23":"purchasable","24":"product-type-variable","25":"has-default-attributes"},"jetpack_sharing_enabled":true,"_links":{"self":[{"href":"https:\/\/lighthouselocarno.ch\/de\/wp-json\/wp\/v2\/product\/126558","targetHints":{"allow":["GET"]}}],"collection":[{"href":"https:\/\/lighthouselocarno.ch\/de\/wp-json\/wp\/v2\/product"}],"about":[{"href":"https:\/\/lighthouselocarno.ch\/de\/wp-json\/wp\/v2\/types\/product"}],"wp:featuredmedia":[{"embeddable":true,"href":"https:\/\/lighthouselocarno.ch\/de\/wp-json\/wp\/v2\/media\/111992"}],"wp:attachment":[{"href":"https:\/\/lighthouselocarno.ch\/de\/wp-json\/wp\/v2\/media?parent=126558"}],"wp:term":[{"taxonomy":"product_brand","embeddable":true,"href":"https:\/\/lighthouselocarno.ch\/de\/wp-json\/wp\/v2\/product_brand?post=126558"},{"taxonomy":"product_cat","embeddable":true,"href":"https:\/\/lighthouselocarno.ch\/de\/wp-json\/wp\/v2\/product_cat?post=126558"},{"taxonomy":"product_tag","embeddable":true,"href":"https:\/\/lighthouselocarno.ch\/de\/wp-json\/wp\/v2\/product_tag?post=126558"}],"curies":[{"name":"wp","href":"https:\/\/api.w.org\/{rel}","templated":true}]}}