{"id":126610,"date":"2022-05-07T19:31:27","date_gmt":"2022-05-07T19:31:27","guid":{"rendered":"https:\/\/lighthouselocarno.ch\/prodotti\/dekorative-stuhl-und-vorhangbaender-aus-leinen-und-organza\/"},"modified":"2025-05-23T13:05:21","modified_gmt":"2025-05-23T13:05:21","slug":"dekoratives-leinen-und-organza-band-fur-stuhl-und-vorhang","status":"publish","type":"product","link":"https:\/\/lighthouselocarno.ch\/de\/produkt\/dekoratives-leinen-und-organza-band-fur-stuhl-und-vorhang\/","title":{"rendered":"Dekorative Stuhl- und Vorhangb\u00e4nder aus Leinen und Organza"},"content":{"rendered":"<p>Produktpflege:<\/p>\n<p>Maschinenwaschbar bei 30-40 Grad mit milder Seife. Keinen Weichsp\u00fcler hinzuf\u00fcgen. Nicht bleichen.<br \/>\nAlle Kleidungsst\u00fccke von Arte Pura sind mit nat\u00fcrlichen Mineralpigmenten handgef\u00e4rbt.<br \/>\nEs ist m\u00f6glich, dass sie bei den ersten W\u00e4schen etwas an Farbe verlieren, was zu einem Vintage-Ton f\u00fchrt, der einzigartig f\u00fcr diese Marke ist.<br \/>\nBeim Waschen von Kleidung mit alten Farben empfehle ich dringend, bei den ersten 3-4 Waschg\u00e4ngen 1 kg Meersalz in die Waschmaschine zu geben, um die Farben gut zu fixieren.<\/p>\n<p>Stoff:100% Leinen und Organza<\/p>\n","protected":false},"excerpt":{"rendered":"<p>Dekoratives Stuhl- und Vorhangband aus Leinen und Organza mit dekorativer Brosche.<\/p>\n<p>Ein dekoratives Stirnband, das in Italien aus 100% hochwertigem Leinen hergestellt wird und sich durch spezielle Behandlungen, die das nat\u00fcrliche Aussehen verst\u00e4rken, weich anf\u00fchlt.<\/p>\n<p>Dieser Stoff ist ideal, weil er hypoallergen und antibakteriell ist. Au\u00dferdem werden nat\u00fcrliche, nicht allergene Farbstoffe verwendet, die der Naturfaser Glanz und Lebendigkeit verleihen.<\/p>\n<p>Langlebigkeit und einfache Wartung sind weitere Pluspunkte Ihrer Wahl.<\/p>\n<p>Bitte lesen Sie den Abschnitt \u201eProduktpflege\u201c f\u00fcr alle Waschanweisungen.<\/p>\n<p>Um andere Farben zu bestellen, wenden Sie sich bitte telefonisch oder per E-Mail direkt an den Gesch\u00e4ftsf\u00fchrer.<\/p>\n","protected":false},"featured_media":112049,"template":"","meta":{"_seopress_robots_primary_cat":"","_seopress_titles_title":"","_seopress_titles_desc":"","_seopress_robots_index":""},"product_brand":[8562],"product_cat":[6035,7196,3755,6091,7195,3748],"product_tag":[4859,5723,5719,6233,6216,6219,6227,6223,5748,5851],"class_list":{"0":"post-126610","1":"product","2":"type-product","3":"status-publish","4":"has-post-thumbnail","6":"product_brand-arte-pura","7":"product_cat-accessoires-de","8":"product_cat-deko-de","9":"product_cat-tisch-zu-behoer","10":"product_cat-vorhange","11":"product_cat-vorhaenge-de","12":"product_cat-wohnaccessoires","13":"product_tag-badezimmer","14":"product_tag-dekoratives-zubehor","15":"product_tag-festliche-luft","16":"product_tag-schmuckband","17":"product_tag-stuhle","18":"product_tag-tischdekoration","19":"product_tag-umfassen","20":"product_tag-vorhang-accessoires","21":"product_tag-weis","22":"product_tag-zubehor","23":"pa_colore-weis-019","24":"pa_tema-weis","26":"first","27":"instock","28":"shipping-taxable","29":"purchasable","30":"product-type-variable"},"jetpack_sharing_enabled":true,"_links":{"self":[{"href":"https:\/\/lighthouselocarno.ch\/de\/wp-json\/wp\/v2\/product\/126610","targetHints":{"allow":["GET"]}}],"collection":[{"href":"https:\/\/lighthouselocarno.ch\/de\/wp-json\/wp\/v2\/product"}],"about":[{"href":"https:\/\/lighthouselocarno.ch\/de\/wp-json\/wp\/v2\/types\/product"}],"wp:featuredmedia":[{"embeddable":true,"href":"https:\/\/lighthouselocarno.ch\/de\/wp-json\/wp\/v2\/media\/112049"}],"wp:attachment":[{"href":"https:\/\/lighthouselocarno.ch\/de\/wp-json\/wp\/v2\/media?parent=126610"}],"wp:term":[{"taxonomy":"product_brand","embeddable":true,"href":"https:\/\/lighthouselocarno.ch\/de\/wp-json\/wp\/v2\/product_brand?post=126610"},{"taxonomy":"product_cat","embeddable":true,"href":"https:\/\/lighthouselocarno.ch\/de\/wp-json\/wp\/v2\/product_cat?post=126610"},{"taxonomy":"product_tag","embeddable":true,"href":"https:\/\/lighthouselocarno.ch\/de\/wp-json\/wp\/v2\/product_tag?post=126610"}],"curies":[{"name":"wp","href":"https:\/\/api.w.org\/{rel}","templated":true}]}}