{"id":126627,"date":"2022-05-07T19:30:09","date_gmt":"2022-05-07T19:30:09","guid":{"rendered":"https:\/\/lighthouselocarno.ch\/prodotti\/bestickter-bademantel-aus-frottee\/"},"modified":"2026-01-09T13:44:10","modified_gmt":"2026-01-09T13:44:10","slug":"bademantel-mit-frottee-bestickung","status":"publish","type":"product","link":"https:\/\/lighthouselocarno.ch\/de\/produkt\/bademantel-mit-frottee-bestickung\/","title":{"rendered":"Bestickter Bademantel aus Frottee"},"content":{"rendered":"<p>Produktpflege:<\/p>\n<p>Maschinenwaschbar bei 30-40 Grad mit neutraler Seife. Keinen Weichsp\u00fcler hinzuf\u00fcgen. Nicht bleichen.<br \/>\nAlle Kleidungsst\u00fccke von Arte Pura werden von Hand mit nat\u00fcrlichen Mineralpigmenten gef\u00e4rbt.<br \/>\nEs ist m\u00f6glich, dass sie w\u00e4hrend der ersten W\u00e4schen etwas Farbe verlieren und so einen Vintage-Farbton erhalten, der f\u00fcr diese Marke einzigartig ist.<br \/>\nF\u00fcr das Waschen von Kleidungsst\u00fccken mit alten Farben empfehle ich dringend, f\u00fcr die ersten 3-4 W\u00e4schen 1 kg Meersalz in die Waschmaschine zu geben, um die Farben gut zu fixieren.<\/p>\n<p>Stoff:100 % Baumwolle<\/p>\n","protected":false},"excerpt":{"rendered":"<p>Frottee-Bademantel mit &#8218;Romantic&#8216;-Stickerei und Kapuze. G\u00fcrtelverschluss.<\/p>\n<p>In Italien hergestellter Bademantel aus hochwertigem Stoff, der sich durch spezielle Behandlungen, die das nat\u00fcrliche Aussehen verst\u00e4rken, weich anf\u00fchlt. Dieser Stoff ist ideal, weil er hypoallergen und hygroskopisch ist. Zus\u00e4tzlich zur Verwendung von nat\u00fcrlichen, hypoallergenen Farbstoffen verleiht er der Naturfaser Glanz und Ausstrahlung.<\/p>\n<p>Die lange Lebensdauer und die einfache Pflege sind ein zus\u00e4tzliches Plus f\u00fcr Ihre Wahl.<\/p>\n<p>Ideal zur Versch\u00f6nerung des Badezimmersets: allein oder in Kombination mit dem Handtuch und dem Handtuch, um immer wieder originelle Kombinationen zu schaffen.<\/p>\n<p>Wir laden Sie ein, den Abschnitt \u201eProduktpflege\u201c zu konsultieren, um alle Waschanweisungen zu erfahren.<\/p>\n","protected":false},"featured_media":112007,"template":"","meta":{"_seopress_robots_primary_cat":"","_seopress_titles_title":"","_seopress_titles_desc":"","_seopress_robots_index":""},"product_brand":[8562],"product_cat":[5946,3916,5693,3748],"product_tag":[6140,4859,5992,6031],"class_list":{"0":"post-126627","1":"product","2":"type-product","3":"status-publish","4":"has-post-thumbnail","6":"product_brand-arte-pura","7":"product_cat-bademantel-de","8":"product_cat-badezimmer","9":"product_cat-nachrichten","10":"product_cat-wohnaccessoires","11":"product_tag-bademantel-de-3","12":"product_tag-badezimmer","13":"product_tag-romantisch","14":"product_tag-wasche-fur-das-badezimmer","15":"pa_colore-puder-alt-043","16":"pa_tema-romantisch","18":"first","19":"instock","20":"shipping-taxable","21":"purchasable","22":"product-type-variable","23":"has-default-attributes"},"jetpack_sharing_enabled":true,"_links":{"self":[{"href":"https:\/\/lighthouselocarno.ch\/de\/wp-json\/wp\/v2\/product\/126627","targetHints":{"allow":["GET"]}}],"collection":[{"href":"https:\/\/lighthouselocarno.ch\/de\/wp-json\/wp\/v2\/product"}],"about":[{"href":"https:\/\/lighthouselocarno.ch\/de\/wp-json\/wp\/v2\/types\/product"}],"wp:featuredmedia":[{"embeddable":true,"href":"https:\/\/lighthouselocarno.ch\/de\/wp-json\/wp\/v2\/media\/112007"}],"wp:attachment":[{"href":"https:\/\/lighthouselocarno.ch\/de\/wp-json\/wp\/v2\/media?parent=126627"}],"wp:term":[{"taxonomy":"product_brand","embeddable":true,"href":"https:\/\/lighthouselocarno.ch\/de\/wp-json\/wp\/v2\/product_brand?post=126627"},{"taxonomy":"product_cat","embeddable":true,"href":"https:\/\/lighthouselocarno.ch\/de\/wp-json\/wp\/v2\/product_cat?post=126627"},{"taxonomy":"product_tag","embeddable":true,"href":"https:\/\/lighthouselocarno.ch\/de\/wp-json\/wp\/v2\/product_tag?post=126627"}],"curies":[{"name":"wp","href":"https:\/\/api.w.org\/{rel}","templated":true}]}}