{"id":126641,"date":"2024-07-07T19:43:18","date_gmt":"2024-07-07T19:43:18","guid":{"rendered":"https:\/\/lighthouselocarno.ch\/prodotti\/tischtuch-aus-leinen-140x200cm-mit-farnese-spitze\/"},"modified":"2025-05-23T12:52:24","modified_gmt":"2025-05-23T12:52:24","slug":"tischtuch-140x200cm-in-leinen-mit-litze-farnese","status":"publish","type":"product","link":"https:\/\/lighthouselocarno.ch\/de\/produkt\/tischtuch-140x200cm-in-leinen-mit-litze-farnese\/","title":{"rendered":"Tischtuch aus Leinen 140x200cm mit &#8218;Farnese&#8216; Spitze"},"content":{"rendered":"<p>Produktpflege:<\/p>\n<p>Maschinenwaschbar bei 30-40 Grad mit milder Seife. Keinen Weichsp\u00fcler hinzuf\u00fcgen. <\/p>\n<p>Bleichen Sie nicht. Alle Kleidungsst\u00fccke von Arte Pura sind mit nat\u00fcrlichen Mineralpigmenten handgef\u00e4rbt. Es ist m\u00f6glich, dass sie bei den ersten W\u00e4schen etwas Farbe verlieren, wodurch sie einen Vintage-Ton erhalten, der einzigartig f\u00fcr diese Marke ist. Wenn Sie Kleidungsst\u00fccke mit alten Farben waschen, empfehle ich dringend, bei den ersten 3-4 W\u00e4schen 1 kg Meersalz in die Waschmaschine zu geben, damit die Farben gut fixiert werden.<\/p>\n<p>Stoff:100% Leinen.<\/p>\n","protected":false},"excerpt":{"rendered":"<p>Rechteckige Tischdecke aus schwerem Leinen mit &#8218;Farnese&#8216;-Spitze. Ma\u00dfe 140x200cm.<\/p>\n<p>In Italien hergestellte Tischdecke aus 100 % hochwertigem Leinen, die sich durch spezielle Behandlungen, die das nat\u00fcrliche Aussehen verst\u00e4rken, weich anf\u00fchlt. Dieser Stoff ist ideal f\u00fcr den Tisch, da er hypoallergen und antibakteriell ist. Au\u00dferdem werden nat\u00fcrliche und hypoallergene Farbstoffe verwendet, die der Naturfaser Glanz und Schwung verleihen. Langlebigkeit und einfache Wartung sind weitere Pluspunkte Ihrer Wahl. Ideal zur Versch\u00f6nerung Ihrer \u201emise en place\u201c: allein oder in Kombination mit L\u00e4ufern und Servietten, um immer wieder originelle Kombinationen zu schaffen. Bitte lesen Sie den Abschnitt \u201eProduktpflege\u201c f\u00fcr alle Waschanweisungen.<\/p>\n","protected":false},"featured_media":112241,"template":"","meta":{"_seopress_robots_primary_cat":"none","_seopress_titles_title":"140x200cm Tischtuch aus Leinen mit Spitze","_seopress_titles_desc":"140x200cm Tischtuch aus Leinen mit Spitze und Stickerei. Handgefertigt in Italien. Luxuri\u00f6se Einrichtungsaccessoires. Decken Sie den Tisch mit Stil und Eleganz.","_seopress_robots_index":""},"product_brand":[8562],"product_cat":[3755,5961,3748],"product_tag":[6237,3824,6021,6183,5700,5999],"class_list":{"0":"post-126641","1":"product","2":"type-product","3":"status-publish","4":"has-post-thumbnail","6":"product_brand-arte-pura","7":"product_cat-tisch-zu-behoer","8":"product_cat-tischdecke","9":"product_cat-wohnaccessoires","10":"product_tag-140x200-de","11":"product_tag-linoleum","12":"product_tag-luxus","13":"product_tag-pizzo-farnese-de","14":"product_tag-tabelle-de-2","15":"product_tag-tischtucher","16":"pa_colore-butter-alt-047","17":"pa_tema-luxus","19":"first","20":"instock","21":"shipping-taxable","22":"purchasable","23":"product-type-variable","24":"has-default-attributes"},"jetpack_sharing_enabled":true,"_links":{"self":[{"href":"https:\/\/lighthouselocarno.ch\/de\/wp-json\/wp\/v2\/product\/126641","targetHints":{"allow":["GET"]}}],"collection":[{"href":"https:\/\/lighthouselocarno.ch\/de\/wp-json\/wp\/v2\/product"}],"about":[{"href":"https:\/\/lighthouselocarno.ch\/de\/wp-json\/wp\/v2\/types\/product"}],"wp:featuredmedia":[{"embeddable":true,"href":"https:\/\/lighthouselocarno.ch\/de\/wp-json\/wp\/v2\/media\/112241"}],"wp:attachment":[{"href":"https:\/\/lighthouselocarno.ch\/de\/wp-json\/wp\/v2\/media?parent=126641"}],"wp:term":[{"taxonomy":"product_brand","embeddable":true,"href":"https:\/\/lighthouselocarno.ch\/de\/wp-json\/wp\/v2\/product_brand?post=126641"},{"taxonomy":"product_cat","embeddable":true,"href":"https:\/\/lighthouselocarno.ch\/de\/wp-json\/wp\/v2\/product_cat?post=126641"},{"taxonomy":"product_tag","embeddable":true,"href":"https:\/\/lighthouselocarno.ch\/de\/wp-json\/wp\/v2\/product_tag?post=126641"}],"curies":[{"name":"wp","href":"https:\/\/api.w.org\/{rel}","templated":true}]}}