{"id":127080,"date":"2022-05-07T17:37:33","date_gmt":"2022-05-07T17:37:33","guid":{"rendered":"https:\/\/lighthouselocarno.ch\/prodotti\/dekorativer-60x220cm-leinen-laeufer-mit-gotischer-stickerei\/"},"modified":"2025-05-23T13:41:40","modified_gmt":"2025-05-23T13:41:40","slug":"laufer-dekor-60x220cm-in-leinen-mit-gothic-stickerei","status":"publish","type":"product","link":"https:\/\/lighthouselocarno.ch\/de\/produkt\/laufer-dekor-60x220cm-in-leinen-mit-gothic-stickerei\/","title":{"rendered":"Dekorativer 60x220cm Leinen-L\u00e4ufer mit gotischer Stickerei"},"content":{"rendered":"","protected":false},"excerpt":{"rendered":"<p>Leichter Leinen-Dekor-L\u00e4ufer mit gotischer Stickerei in der Mitte \u00fcber die gesamte L\u00e4nge. Kante mit Falz. Abmessungen 60&#215;220 cm.<\/p>\n<p>Der L\u00e4ufer wird in Italien aus 100 % hochwertigem Leinen hergestellt und durch spezielle Behandlungen, die das nat\u00fcrliche Erscheinungsbild verst\u00e4rken, weich im Griff.<\/p>\n<p>Dieser Stoff ist ideal f\u00fcr den Tisch, da er hypoallergen und antibakteriell ist. Au\u00dferdem werden nat\u00fcrliche und hypoallergene Farbstoffe verwendet, die der Naturfaser Glanz und Schwung verleihen.<\/p>\n<p>Langlebigkeit und einfache Wartung sind weitere Pluspunkte Ihrer Wahl.<\/p>\n<p>Ideal zur Versch\u00f6nerung Ihrer Tischdekoration: allein oder in Kombination mit Tischdecken und Servietten, um immer wieder originelle Kombinationen zu schaffen.<\/p>\n<p>Bitte lesen Sie den Abschnitt \u201eProduktpflege\u201c f\u00fcr alle Waschanweisungen.<\/p>\n","protected":false},"featured_media":106805,"template":"","meta":{"_seopress_robots_primary_cat":"","_seopress_titles_title":"","_seopress_titles_desc":"","_seopress_robots_index":""},"product_brand":[8562],"product_cat":[3755,6288,3748],"product_tag":[6289,3770,3824,6103,5700,3870,5748],"class_list":{"0":"post-127080","1":"product","2":"type-product","3":"status-publish","4":"has-post-thumbnail","6":"product_brand-arte-pura","7":"product_cat-tisch-zu-behoer","8":"product_cat-tischlaufer","9":"product_cat-wohnaccessoires","10":"product_tag-60x220-de","11":"product_tag-laufer","12":"product_tag-linoleum","13":"product_tag-stickerei","14":"product_tag-tabelle-de-2","15":"product_tag-tischset","16":"product_tag-weis","17":"pa_colore-weis-019","18":"pa_tema-weis","20":"first","21":"instock","22":"shipping-taxable","23":"purchasable","24":"product-type-variable"},"jetpack_sharing_enabled":true,"_links":{"self":[{"href":"https:\/\/lighthouselocarno.ch\/de\/wp-json\/wp\/v2\/product\/127080","targetHints":{"allow":["GET"]}}],"collection":[{"href":"https:\/\/lighthouselocarno.ch\/de\/wp-json\/wp\/v2\/product"}],"about":[{"href":"https:\/\/lighthouselocarno.ch\/de\/wp-json\/wp\/v2\/types\/product"}],"wp:featuredmedia":[{"embeddable":true,"href":"https:\/\/lighthouselocarno.ch\/de\/wp-json\/wp\/v2\/media\/106805"}],"wp:attachment":[{"href":"https:\/\/lighthouselocarno.ch\/de\/wp-json\/wp\/v2\/media?parent=127080"}],"wp:term":[{"taxonomy":"product_brand","embeddable":true,"href":"https:\/\/lighthouselocarno.ch\/de\/wp-json\/wp\/v2\/product_brand?post=127080"},{"taxonomy":"product_cat","embeddable":true,"href":"https:\/\/lighthouselocarno.ch\/de\/wp-json\/wp\/v2\/product_cat?post=127080"},{"taxonomy":"product_tag","embeddable":true,"href":"https:\/\/lighthouselocarno.ch\/de\/wp-json\/wp\/v2\/product_tag?post=127080"}],"curies":[{"name":"wp","href":"https:\/\/api.w.org\/{rel}","templated":true}]}}