{"id":127102,"date":"2022-05-07T17:37:34","date_gmt":"2022-05-07T17:37:34","guid":{"rendered":"https:\/\/lighthouselocarno.ch\/prodotti\/180x270cm-leinen-tischdecke-mit-geometrischem-muster\/"},"modified":"2025-05-23T13:41:58","modified_gmt":"2025-05-23T13:41:58","slug":"tischtuch-180x270cm-in-leinen-mit-geometrischer-verzierung","status":"publish","type":"product","link":"https:\/\/lighthouselocarno.ch\/de\/produkt\/tischtuch-180x270cm-in-leinen-mit-geometrischer-verzierung\/","title":{"rendered":"180x270cm Leinen-Tischdecke mit \u201eGeometrischem\u201c Muster"},"content":{"rendered":"","protected":false},"excerpt":{"rendered":"<p>Tischtuch aus Leinen, Bord\u00fcre mit geometrischem Dekor. Ma\u00dfe 180&#215;270 cm (ohne Spitze).<\/p>\n<p>In Italien hergestellte Tischdecke aus 100 % hochwertigem Leinen, die durch spezielle Behandlungen, die das nat\u00fcrliche Aussehen verst\u00e4rken, weich im Griff ist.<\/p>\n<p>Dieser Stoff ist ideal f\u00fcr den Tisch, da er hypoallergen und antibakteriell ist. Au\u00dferdem werden nat\u00fcrliche und hypoallergene Farbstoffe verwendet, die der Naturfaser Glanz und Schwung verleihen.<\/p>\n<p>Langlebigkeit und einfache Wartung sind weitere Pluspunkte Ihrer Wahl.<\/p>\n<p>Ideal zur Versch\u00f6nerung Ihrer \u201emise en place\u201c: allein oder in Kombination mit L\u00e4ufern und Servietten, um immer wieder originelle Kombinationen zu schaffen.<\/p>\n<p>Bitte lesen Sie den Abschnitt \u201eProduktpflege\u201c f\u00fcr alle Waschanweisungen.<\/p>\n","protected":false},"featured_media":107027,"template":"","meta":{"_seopress_robots_primary_cat":"","_seopress_titles_title":"","_seopress_titles_desc":"","_seopress_robots_index":""},"product_brand":[8562],"product_cat":[3755,5850,3748],"product_tag":[6302,6041,5730,5700,5999],"class_list":{"0":"post-127102","1":"product","2":"type-product","3":"status-publish","4":"has-post-thumbnail","6":"product_brand-arte-pura","7":"product_cat-tisch-zu-behoer","8":"product_cat-tischsets","9":"product_cat-wohnaccessoires","10":"product_tag-180x270-de","11":"product_tag-industriell","12":"product_tag-new-yorker-lofts","13":"product_tag-tabelle-de-2","14":"product_tag-tischtucher","15":"pa_colore-lava-alt-037","16":"pa_tema-industriell","18":"first","19":"instock","20":"shipping-taxable","21":"purchasable","22":"product-type-variable"},"jetpack_sharing_enabled":true,"_links":{"self":[{"href":"https:\/\/lighthouselocarno.ch\/de\/wp-json\/wp\/v2\/product\/127102","targetHints":{"allow":["GET"]}}],"collection":[{"href":"https:\/\/lighthouselocarno.ch\/de\/wp-json\/wp\/v2\/product"}],"about":[{"href":"https:\/\/lighthouselocarno.ch\/de\/wp-json\/wp\/v2\/types\/product"}],"wp:featuredmedia":[{"embeddable":true,"href":"https:\/\/lighthouselocarno.ch\/de\/wp-json\/wp\/v2\/media\/107027"}],"wp:attachment":[{"href":"https:\/\/lighthouselocarno.ch\/de\/wp-json\/wp\/v2\/media?parent=127102"}],"wp:term":[{"taxonomy":"product_brand","embeddable":true,"href":"https:\/\/lighthouselocarno.ch\/de\/wp-json\/wp\/v2\/product_brand?post=127102"},{"taxonomy":"product_cat","embeddable":true,"href":"https:\/\/lighthouselocarno.ch\/de\/wp-json\/wp\/v2\/product_cat?post=127102"},{"taxonomy":"product_tag","embeddable":true,"href":"https:\/\/lighthouselocarno.ch\/de\/wp-json\/wp\/v2\/product_tag?post=127102"}],"curies":[{"name":"wp","href":"https:\/\/api.w.org\/{rel}","templated":true}]}}