{"id":127108,"date":"2022-05-07T17:35:24","date_gmt":"2022-05-07T17:35:24","guid":{"rendered":"https:\/\/lighthouselocarno.ch\/prodotti\/clutch-bag-aus-baumwolle\/"},"modified":"2025-05-23T13:41:40","modified_gmt":"2025-05-23T13:41:40","slug":"clutch-in-cotton","status":"publish","type":"product","link":"https:\/\/lighthouselocarno.ch\/de\/produkt\/clutch-in-cotton\/","title":{"rendered":"Clutch Bag aus Baumwolle"},"content":{"rendered":"","protected":false},"excerpt":{"rendered":"<p>Clutch Bag aus Baumwolle mit Wabenstruktur. Agoya-Knopfverschluss aus Perlmutt.<\/p>\n<p>Abmessungen 20x35x4 cm.<\/p>\n<p>In Italien hergestellte Clutch-Tasche aus hochwertiger Baumwolle, die durch spezielle Behandlungen, die das nat\u00fcrliche Aussehen verst\u00e4rken, weich im Griff ist.<\/p>\n<p>Dieser Stoff ist ideal, weil er hypoallergen und antibakteriell ist. Au\u00dferdem werden nat\u00fcrliche, nicht allergene Farbstoffe verwendet, die der Naturfaser Glanz und Lebendigkeit verleihen.<\/p>\n<p>Langlebigkeit und einfache Wartung sind weitere Pluspunkte Ihrer Wahl.<\/p>\n<p>Bitte lesen Sie den Abschnitt \u201eProduktpflege\u201c f\u00fcr alle Waschanweisungen.<\/p>\n<p>Sie k\u00f6nnen diese Clutch als Schminktasche oder f\u00fcr alles, was Sie immer bei sich tragen m\u00f6chten, verwenden.<\/p>\n","protected":false},"featured_media":106727,"template":"","meta":{"_seopress_robots_primary_cat":"","_seopress_titles_title":"","_seopress_titles_desc":"","_seopress_robots_index":""},"product_brand":[8562],"product_cat":[6035,5282,3748],"product_tag":[4859,5723,6049,4470,6056,5706,6038,5726,5712,5851],"class_list":{"0":"post-127108","1":"product","2":"type-product","3":"status-publish","4":"has-post-thumbnail","6":"product_brand-arte-pura","7":"product_cat-accessoires-de","8":"product_cat-kosmetik-taschen","9":"product_cat-wohnaccessoires","10":"product_tag-badezimmer","11":"product_tag-dekoratives-zubehor","12":"product_tag-fall","13":"product_tag-halterung","14":"product_tag-make-up-halter","15":"product_tag-schlafzimmer","16":"product_tag-trousse-de","17":"product_tag-wesentlich","18":"product_tag-wohnbereich","19":"product_tag-zubehor","20":"pa_colore-kreide-alt-044","21":"pa_tema-wesentlich","23":"first","24":"instock","25":"shipping-taxable","26":"purchasable","27":"product-type-variable"},"jetpack_sharing_enabled":true,"_links":{"self":[{"href":"https:\/\/lighthouselocarno.ch\/de\/wp-json\/wp\/v2\/product\/127108","targetHints":{"allow":["GET"]}}],"collection":[{"href":"https:\/\/lighthouselocarno.ch\/de\/wp-json\/wp\/v2\/product"}],"about":[{"href":"https:\/\/lighthouselocarno.ch\/de\/wp-json\/wp\/v2\/types\/product"}],"wp:featuredmedia":[{"embeddable":true,"href":"https:\/\/lighthouselocarno.ch\/de\/wp-json\/wp\/v2\/media\/106727"}],"wp:attachment":[{"href":"https:\/\/lighthouselocarno.ch\/de\/wp-json\/wp\/v2\/media?parent=127108"}],"wp:term":[{"taxonomy":"product_brand","embeddable":true,"href":"https:\/\/lighthouselocarno.ch\/de\/wp-json\/wp\/v2\/product_brand?post=127108"},{"taxonomy":"product_cat","embeddable":true,"href":"https:\/\/lighthouselocarno.ch\/de\/wp-json\/wp\/v2\/product_cat?post=127108"},{"taxonomy":"product_tag","embeddable":true,"href":"https:\/\/lighthouselocarno.ch\/de\/wp-json\/wp\/v2\/product_tag?post=127108"}],"curies":[{"name":"wp","href":"https:\/\/api.w.org\/{rel}","templated":true}]}}