{"id":127126,"date":"2022-05-07T17:37:34","date_gmt":"2022-05-07T17:37:34","guid":{"rendered":"https:\/\/lighthouselocarno.ch\/prodotti\/tischtuch-aus-leinen-130x180cm-mit-zwoelf-agoya-knoepfen\/"},"modified":"2025-05-23T13:42:32","modified_gmt":"2025-05-23T13:42:32","slug":"tischdecke-130x180cm-in-leinen-kompatibel-mit-zwolf-knopfen-agoya","status":"publish","type":"product","link":"https:\/\/lighthouselocarno.ch\/de\/produkt\/tischdecke-130x180cm-in-leinen-kompatibel-mit-zwolf-knopfen-agoya\/","title":{"rendered":"Tischtuch aus Leinen 130x180cm mit zw\u00f6lf Agoya-Kn\u00f6pfen"},"content":{"rendered":"","protected":false},"excerpt":{"rendered":"<p>Rechteckige Tischdecke aus Leinen mit Agoya-Kn\u00f6pfen. Ma\u00dfe 130&#215;180 cm.<\/p>\n<p>In Italien hergestellte Tischdecke aus 100 % hochwertigem Leinen, die durch spezielle Behandlungen, die das nat\u00fcrliche Aussehen verst\u00e4rken, weich im Griff ist.<\/p>\n<p>Dieser Stoff ist ideal f\u00fcr den Tisch, da er hypoallergen und antibakteriell ist. Au\u00dferdem werden nat\u00fcrliche und hypoallergene Farbstoffe verwendet, die der Naturfaser Glanz und Schwung verleihen.<\/p>\n<p>Langlebigkeit und einfache Wartung sind weitere Pluspunkte Ihrer Wahl.<\/p>\n<p>Ideal zur Versch\u00f6nerung Ihrer \u201emise en place\u201c: allein oder in Kombination mit L\u00e4ufern und Servietten, um immer wieder originelle Kombinationen zu schaffen.<\/p>\n<p>Bitte lesen Sie den Abschnitt \u201eProduktpflege\u201c f\u00fcr alle Waschanweisungen.<\/p>\n","protected":false},"featured_media":106988,"template":"","meta":{"_seopress_robots_primary_cat":"none","_seopress_titles_title":"","_seopress_titles_desc":"","_seopress_robots_index":""},"product_brand":[8562],"product_cat":[3755,5961,3748],"product_tag":[6325,5981,5738,3824,5735,5985,5995,5700,5999,5742,5726],"class_list":{"0":"post-127126","1":"product","2":"type-product","3":"status-publish","4":"has-post-thumbnail","6":"product_brand-arte-pura","7":"product_cat-tisch-zu-behoer","8":"product_cat-tischdecke","9":"product_cat-wohnaccessoires","10":"product_tag-130x180-de","11":"product_tag-agoya-knopfe","12":"product_tag-eine-naturliche-wahl","13":"product_tag-linoleum","14":"product_tag-mix-match-de","15":"product_tag-modular","16":"product_tag-rechteckig","17":"product_tag-tabelle-de-2","18":"product_tag-tischtucher","19":"product_tag-wellen","20":"product_tag-wesentlich","21":"pa_colore-alter-lehm-048","22":"pa_colore-bonbon-alt-429","23":"pa_colore-butter-alt-047","24":"pa_colore-convivio-438-de","25":"pa_colore-engel-alt-401","26":"pa_colore-ereignis-alt-436","27":"pa_colore-essenza-alt-409","28":"pa_colore-fee-alt-405","29":"pa_colore-granit-alt-427","30":"pa_colore-hauch-alt-415","31":"pa_colore-kreide-alt-044","32":"pa_colore-lava-alt-037","33":"pa_colore-lebenslauf-alt-433","34":"pa_colore-luxus-alt-432","35":"pa_colore-malta-alt-414","36":"pa_colore-mineralien-alt-410","37":"pa_colore-ostsee-alt-428","38":"pa_colore-pfingstrose-alt-417","39":"pa_colore-puder-alt-043","40":"pa_colore-retro-900-de","41":"pa_colore-roma-alt-435","42":"pa_colore-schwarz-021","43":"pa_colore-see-old-440","44":"pa_colore-stein-alt-425","45":"pa_colore-suser-alter-434","46":"pa_colore-weis-019","47":"pa_tema-mix-match-de","48":"pa_tema-wellen","49":"pa_tema-wesentlich","51":"first","52":"instock","53":"shipping-taxable","54":"purchasable","55":"product-type-variable"},"jetpack_sharing_enabled":true,"_links":{"self":[{"href":"https:\/\/lighthouselocarno.ch\/de\/wp-json\/wp\/v2\/product\/127126","targetHints":{"allow":["GET"]}}],"collection":[{"href":"https:\/\/lighthouselocarno.ch\/de\/wp-json\/wp\/v2\/product"}],"about":[{"href":"https:\/\/lighthouselocarno.ch\/de\/wp-json\/wp\/v2\/types\/product"}],"wp:featuredmedia":[{"embeddable":true,"href":"https:\/\/lighthouselocarno.ch\/de\/wp-json\/wp\/v2\/media\/106988"}],"wp:attachment":[{"href":"https:\/\/lighthouselocarno.ch\/de\/wp-json\/wp\/v2\/media?parent=127126"}],"wp:term":[{"taxonomy":"product_brand","embeddable":true,"href":"https:\/\/lighthouselocarno.ch\/de\/wp-json\/wp\/v2\/product_brand?post=127126"},{"taxonomy":"product_cat","embeddable":true,"href":"https:\/\/lighthouselocarno.ch\/de\/wp-json\/wp\/v2\/product_cat?post=127126"},{"taxonomy":"product_tag","embeddable":true,"href":"https:\/\/lighthouselocarno.ch\/de\/wp-json\/wp\/v2\/product_tag?post=127126"}],"curies":[{"name":"wp","href":"https:\/\/api.w.org\/{rel}","templated":true}]}}