{"id":127139,"date":"2022-05-07T17:37:34","date_gmt":"2022-05-07T17:37:34","guid":{"rendered":"https:\/\/lighthouselocarno.ch\/prodotti\/kneipenschuerze-aus-schwerem-leinen\/"},"modified":"2025-05-23T13:39:03","modified_gmt":"2025-05-23T13:39:03","slug":"schurze-aus-leinen-schweres-pub-muster","status":"publish","type":"product","link":"https:\/\/lighthouselocarno.ch\/de\/produkt\/schurze-aus-leinen-schweres-pub-muster\/","title":{"rendered":"Kneipensch\u00fcrze aus schwerem Leinen"},"content":{"rendered":"","protected":false},"excerpt":{"rendered":"<p>Kneipensch\u00fcrze aus schwerem Leinen. Ma\u00dfe 90&#215;100 cm.<\/p>\n<p>Die Sch\u00fcrze wird in Italien aus 100% hochwertigem Leinen hergestellt und durch spezielle Behandlungen, die das nat\u00fcrliche Aussehen verst\u00e4rken, angenehm weich gemacht.<\/p>\n<p>Dieser Stoff ist ideal, weil er hypoallergen und antibakteriell ist. Au\u00dferdem werden nat\u00fcrliche, nicht allergene Farbstoffe verwendet, die der Naturfaser Glanz und Lebendigkeit verleihen.<\/p>\n<p>Langlebigkeit und einfache Wartung sind weitere Pluspunkte Ihrer Wahl.<\/p>\n<p>Bitte lesen Sie den Abschnitt \u201eProduktpflege\u201c f\u00fcr alle Waschanweisungen.<\/p>\n","protected":false},"featured_media":106970,"template":"","meta":{"_seopress_robots_primary_cat":"","_seopress_titles_title":"","_seopress_titles_desc":"","_seopress_robots_index":""},"product_brand":[8562],"product_cat":[6279,3755,3748],"product_tag":[5738,6041,6327,5700,7326,5851],"class_list":{"0":"post-127139","1":"product","2":"type-product","3":"status-publish","4":"has-post-thumbnail","6":"product_brand-arte-pura","7":"product_cat-geschirrtucher-und-schurzen","8":"product_cat-tisch-zu-behoer","9":"product_cat-wohnaccessoires","10":"product_tag-eine-naturliche-wahl","11":"product_tag-industriell","12":"product_tag-schurzen","13":"product_tag-tabelle-de-2","14":"product_tag-table-accessories-de","15":"product_tag-zubehor","16":"pa_colore-lava-alt-037","17":"pa_tema-industriell","19":"first","20":"instock","21":"shipping-taxable","22":"purchasable","23":"product-type-variable"},"jetpack_sharing_enabled":true,"_links":{"self":[{"href":"https:\/\/lighthouselocarno.ch\/de\/wp-json\/wp\/v2\/product\/127139","targetHints":{"allow":["GET"]}}],"collection":[{"href":"https:\/\/lighthouselocarno.ch\/de\/wp-json\/wp\/v2\/product"}],"about":[{"href":"https:\/\/lighthouselocarno.ch\/de\/wp-json\/wp\/v2\/types\/product"}],"wp:featuredmedia":[{"embeddable":true,"href":"https:\/\/lighthouselocarno.ch\/de\/wp-json\/wp\/v2\/media\/106970"}],"wp:attachment":[{"href":"https:\/\/lighthouselocarno.ch\/de\/wp-json\/wp\/v2\/media?parent=127139"}],"wp:term":[{"taxonomy":"product_brand","embeddable":true,"href":"https:\/\/lighthouselocarno.ch\/de\/wp-json\/wp\/v2\/product_brand?post=127139"},{"taxonomy":"product_cat","embeddable":true,"href":"https:\/\/lighthouselocarno.ch\/de\/wp-json\/wp\/v2\/product_cat?post=127139"},{"taxonomy":"product_tag","embeddable":true,"href":"https:\/\/lighthouselocarno.ch\/de\/wp-json\/wp\/v2\/product_tag?post=127139"}],"curies":[{"name":"wp","href":"https:\/\/api.w.org\/{rel}","templated":true}]}}