{"id":127154,"date":"2022-05-07T17:37:33","date_gmt":"2022-05-07T17:37:33","guid":{"rendered":"https:\/\/lighthouselocarno.ch\/prodotti\/servietten-set-aus-hellem-leinen\/"},"modified":"2025-05-23T13:41:40","modified_gmt":"2025-05-23T13:41:40","slug":"set-handtucher-in-leinen-leicht","status":"publish","type":"product","link":"https:\/\/lighthouselocarno.ch\/de\/produkt\/set-handtucher-in-leinen-leicht\/","title":{"rendered":"Servietten-Set aus hellem Leinen"},"content":{"rendered":"","protected":false},"excerpt":{"rendered":"<p>6er-Set aus hellem Leinen mit gesticktem Arte Pura-Dekor. Kante mit Falz. Ma\u00dfe 50&#215;50 cm.<\/p>\n<p>Servietten, die in Italien aus 100% hochwertigem Leinen hergestellt werden und durch spezielle Behandlungen, die das nat\u00fcrliche Aussehen verbessern, weich im Griff sind.<\/p>\n<p>Dieser Stoff ist ideal f\u00fcr den Tisch, da er hypoallergen und antibakteriell ist. Au\u00dferdem werden nat\u00fcrliche und hypoallergene Farbstoffe verwendet, die der Naturfaser Glanz und Schwung verleihen.<\/p>\n<p>Langlebigkeit und einfache Wartung sind weitere Pluspunkte Ihrer Wahl.<\/p>\n<p>Sie sind ideal, um Ihr \u201emise en place\u201c zu versch\u00f6nern: allein oder in Kombination mit Tischdecken oder Tischsets, um immer wieder originelle Kombinationen zu schaffen.<\/p>\n<p>Bitte lesen Sie den Abschnitt \u201eProduktpflege\u201c f\u00fcr alle Waschanweisungen.<\/p>\n","protected":false},"featured_media":106826,"template":"","meta":{"_seopress_robots_primary_cat":"none","_seopress_titles_title":"","_seopress_titles_desc":"","_seopress_robots_index":""},"product_brand":[8562],"product_cat":[5718,3755],"product_tag":[3824,6332,4924,5700,3870,6328,5748],"class_list":{"0":"post-127154","1":"product","2":"type-product","3":"status-publish","4":"has-post-thumbnail","6":"product_brand-arte-pura","7":"product_cat-servietten-und-ringe","8":"product_cat-tisch-zu-behoer","9":"product_tag-linoleum","10":"product_tag-sanvalentine-de","11":"product_tag-servietten","12":"product_tag-tabelle-de-2","13":"product_tag-tischset","14":"product_tag-valentinstag","15":"product_tag-weis","16":"pa_colore-weis-019","17":"pa_tema-weis","19":"first","20":"instock","21":"shipping-taxable","22":"purchasable","23":"product-type-variable"},"jetpack_sharing_enabled":true,"_links":{"self":[{"href":"https:\/\/lighthouselocarno.ch\/de\/wp-json\/wp\/v2\/product\/127154","targetHints":{"allow":["GET"]}}],"collection":[{"href":"https:\/\/lighthouselocarno.ch\/de\/wp-json\/wp\/v2\/product"}],"about":[{"href":"https:\/\/lighthouselocarno.ch\/de\/wp-json\/wp\/v2\/types\/product"}],"wp:featuredmedia":[{"embeddable":true,"href":"https:\/\/lighthouselocarno.ch\/de\/wp-json\/wp\/v2\/media\/106826"}],"wp:attachment":[{"href":"https:\/\/lighthouselocarno.ch\/de\/wp-json\/wp\/v2\/media?parent=127154"}],"wp:term":[{"taxonomy":"product_brand","embeddable":true,"href":"https:\/\/lighthouselocarno.ch\/de\/wp-json\/wp\/v2\/product_brand?post=127154"},{"taxonomy":"product_cat","embeddable":true,"href":"https:\/\/lighthouselocarno.ch\/de\/wp-json\/wp\/v2\/product_cat?post=127154"},{"taxonomy":"product_tag","embeddable":true,"href":"https:\/\/lighthouselocarno.ch\/de\/wp-json\/wp\/v2\/product_tag?post=127154"}],"curies":[{"name":"wp","href":"https:\/\/api.w.org\/{rel}","templated":true}]}}