{"id":127184,"date":"2022-05-07T17:37:33","date_gmt":"2022-05-07T17:37:33","guid":{"rendered":"https:\/\/lighthouselocarno.ch\/prodotti\/leinen-40x90cm-laeufer-mit-crochet-spitze\/"},"modified":"2025-05-23T13:41:40","modified_gmt":"2025-05-23T13:41:40","slug":"laufer-40x90cm-in-leinen-mit-spitze-unbestechlich","status":"publish","type":"product","link":"https:\/\/lighthouselocarno.ch\/de\/produkt\/laufer-40x90cm-in-leinen-mit-spitze-unbestechlich\/","title":{"rendered":"Leinen 40x90cm L\u00e4ufer mit \u201eCrochet\u201c Spitze"},"content":{"rendered":"","protected":false},"excerpt":{"rendered":"<p>L\u00e4ufer aus schwerem Leinen mit H\u00e4kelspitze an den beiden kurzen Seiten und rechteckigem Arte Pura-Logoeinsatz. Kante mit Falz. Gr\u00f6\u00dfe 40&#215;90 cm <span data-sheets-value=\"{\"1\":2,\"2\":\"Tappeto rettangolare bianco in spugna con bordo in misto lino. Decorazione pizzo \"Farnese\" sui quattro lati. Misure 60X90 cm. \"}\" data-sheets-userformat=\"{\"2\":3015,\"3\":{\"1\":0},\"4\":[null,2,65280],\"5\":{\"1\":[{\"1\":2,\"2\":0,\"5\":[null,2,0]},{\"1\":0,\"2\":0,\"3\":3},{\"1\":1,\"2\":0,\"4\":2}]},\"9\":1,\"10\":1,\"11\":3,\"12\":0,\"14\":[null,2,0]}\">(ohne Spitze)<\/span>.<\/p>\n<p>Der L\u00e4ufer wird in Italien aus 100 % hochwertigem Leinen hergestellt und durch spezielle Behandlungen, die das nat\u00fcrliche Erscheinungsbild verst\u00e4rken, weich im Griff.<\/p>\n<p>Dieser Stoff ist ideal f\u00fcr den Tisch, da er hypoallergen und antibakteriell ist. Au\u00dferdem werden nat\u00fcrliche und hypoallergene Farbstoffe verwendet, die der Naturfaser Glanz und Schwung verleihen.<\/p>\n<p>Langlebigkeit und einfache Wartung sind weitere Pluspunkte Ihrer Wahl.<\/p>\n<p>Ideal zur Versch\u00f6nerung Ihrer Tischdekoration: allein oder in Kombination mit Tischdecken und Servietten, um immer wieder originelle Kombinationen zu schaffen.<\/p>\n<p>Bitte lesen Sie den Abschnitt \u201eProduktpflege\u201c f\u00fcr alle Waschanweisungen.<\/p>\n","protected":false},"featured_media":106769,"template":"","meta":{"_seopress_robots_primary_cat":"","_seopress_titles_title":"","_seopress_titles_desc":"","_seopress_robots_index":""},"product_brand":[8562],"product_cat":[3755,6288,3748],"product_tag":[6335,6201,3770,5700,3870,5748],"class_list":{"0":"post-127184","1":"product","2":"type-product","3":"status-publish","4":"has-post-thumbnail","6":"product_brand-arte-pura","7":"product_cat-tisch-zu-behoer","8":"product_cat-tischlaufer","9":"product_cat-wohnaccessoires","10":"product_tag-40x90-de","11":"product_tag-gehakelte-spitze","12":"product_tag-laufer","13":"product_tag-tabelle-de-2","14":"product_tag-tischset","15":"product_tag-weis","16":"pa_colore-weis-019","17":"pa_tema-weis","19":"first","20":"instock","21":"shipping-taxable","22":"purchasable","23":"product-type-variable"},"jetpack_sharing_enabled":true,"_links":{"self":[{"href":"https:\/\/lighthouselocarno.ch\/de\/wp-json\/wp\/v2\/product\/127184","targetHints":{"allow":["GET"]}}],"collection":[{"href":"https:\/\/lighthouselocarno.ch\/de\/wp-json\/wp\/v2\/product"}],"about":[{"href":"https:\/\/lighthouselocarno.ch\/de\/wp-json\/wp\/v2\/types\/product"}],"wp:featuredmedia":[{"embeddable":true,"href":"https:\/\/lighthouselocarno.ch\/de\/wp-json\/wp\/v2\/media\/106769"}],"wp:attachment":[{"href":"https:\/\/lighthouselocarno.ch\/de\/wp-json\/wp\/v2\/media?parent=127184"}],"wp:term":[{"taxonomy":"product_brand","embeddable":true,"href":"https:\/\/lighthouselocarno.ch\/de\/wp-json\/wp\/v2\/product_brand?post=127184"},{"taxonomy":"product_cat","embeddable":true,"href":"https:\/\/lighthouselocarno.ch\/de\/wp-json\/wp\/v2\/product_cat?post=127184"},{"taxonomy":"product_tag","embeddable":true,"href":"https:\/\/lighthouselocarno.ch\/de\/wp-json\/wp\/v2\/product_tag?post=127184"}],"curies":[{"name":"wp","href":"https:\/\/api.w.org\/{rel}","templated":true}]}}