{"id":127285,"date":"2022-05-07T17:37:35","date_gmt":"2022-05-07T17:37:35","guid":{"rendered":"https:\/\/lighthouselocarno.ch\/prodotti\/kristallbesetzte-dekoration-kissenbezug\/"},"modified":"2025-05-23T13:39:03","modified_gmt":"2025-05-23T13:39:03","slug":"kissenbezug-dekoration-tempestate-der-kristalle","status":"publish","type":"product","link":"https:\/\/lighthouselocarno.ch\/de\/produkt\/kissenbezug-dekoration-tempestate-der-kristalle\/","title":{"rendered":"Kristallbesetzte Dekoration Kissenbezug"},"content":{"rendered":"","protected":false},"excerpt":{"rendered":"<p>Kissenbezug mit Dekoration aus wei\u00dfem Leinen, besetzt mit Kristallen. Profil mit Keder. Gr\u00f6\u00dfe 40&#215;60 cm.<\/p>\n<p>In Italien hergestellter Kopfkissenbezug aus 100 % hochwertigem Leinen, der durch spezielle Behandlungen, die das nat\u00fcrliche Aussehen verst\u00e4rken, weich im Griff ist.<\/p>\n<p>Dieser Stoff ist ideal f\u00fcr das Bett, da er hypoallergen und antibakteriell ist. Au\u00dferdem werden nat\u00fcrliche, nicht allergene Farbstoffe verwendet, die der Naturfaser Glanz und Lebendigkeit verleihen.<\/p>\n<p>Langlebigkeit und einfache Wartung sind weitere Pluspunkte Ihrer Wahl.<\/p>\n<p>Ideal, um Ihre Bettausstattung zu versch\u00f6nern: allein oder in Kombination mit einer Tagesdecke und einem Laken, um immer wieder originelle Kombinationen zu schaffen.<\/p>\n<p>Bitte lesen Sie den Abschnitt \u201eProduktpflege\u201c f\u00fcr alle Waschanweisungen.<\/p>\n","protected":false},"featured_media":107201,"template":"","meta":{"_seopress_robots_primary_cat":"","_seopress_titles_title":"","_seopress_titles_desc":"","_seopress_robots_index":""},"product_brand":[8562],"product_cat":[5957,4030,7130,6634,3748],"product_tag":[5980,5959,6041,5966,5706],"class_list":{"0":"post-127285","1":"product","2":"type-product","3":"status-publish","4":"has-post-thumbnail","6":"product_brand-arte-pura","7":"product_cat-bettwaesche","8":"product_cat-deko","9":"product_cat-deko-kissen","10":"product_cat-kissenbezuege-de","11":"product_cat-wohnaccessoires","12":"product_tag-bett-de","13":"product_tag-bettzeug","14":"product_tag-industriell","15":"product_tag-kopfkissenbezuge-de","16":"product_tag-schlafzimmer","17":"pa_colore-weis-019","18":"pa_tema-industriell","20":"first","21":"instock","22":"shipping-taxable","23":"purchasable","24":"product-type-simple"},"jetpack_sharing_enabled":true,"_links":{"self":[{"href":"https:\/\/lighthouselocarno.ch\/de\/wp-json\/wp\/v2\/product\/127285","targetHints":{"allow":["GET"]}}],"collection":[{"href":"https:\/\/lighthouselocarno.ch\/de\/wp-json\/wp\/v2\/product"}],"about":[{"href":"https:\/\/lighthouselocarno.ch\/de\/wp-json\/wp\/v2\/types\/product"}],"wp:featuredmedia":[{"embeddable":true,"href":"https:\/\/lighthouselocarno.ch\/de\/wp-json\/wp\/v2\/media\/107201"}],"wp:attachment":[{"href":"https:\/\/lighthouselocarno.ch\/de\/wp-json\/wp\/v2\/media?parent=127285"}],"wp:term":[{"taxonomy":"product_brand","embeddable":true,"href":"https:\/\/lighthouselocarno.ch\/de\/wp-json\/wp\/v2\/product_brand?post=127285"},{"taxonomy":"product_cat","embeddable":true,"href":"https:\/\/lighthouselocarno.ch\/de\/wp-json\/wp\/v2\/product_cat?post=127285"},{"taxonomy":"product_tag","embeddable":true,"href":"https:\/\/lighthouselocarno.ch\/de\/wp-json\/wp\/v2\/product_tag?post=127285"}],"curies":[{"name":"wp","href":"https:\/\/api.w.org\/{rel}","templated":true}]}}