{"id":127325,"date":"2022-05-07T17:37:35","date_gmt":"2022-05-07T17:37:35","guid":{"rendered":"https:\/\/lighthouselocarno.ch\/prodotti\/180x270cm-leinentischdecke-mit-rahmen-und-praegung\/"},"modified":"2025-05-23T13:39:03","modified_gmt":"2025-05-23T13:39:03","slug":"tischdecke-180x270cm-in-leinen-mit-rahmen-und-pragung","status":"publish","type":"product","link":"https:\/\/lighthouselocarno.ch\/de\/produkt\/tischdecke-180x270cm-in-leinen-mit-rahmen-und-pragung\/","title":{"rendered":"180x270cm Leinentischdecke mit Rahmen und Pr\u00e4gung"},"content":{"rendered":"","protected":false},"excerpt":{"rendered":"<p>Rechteckige Leinentischdecke mit Rahmen, Pr\u00e4gung und Falzrand. Rechteckiger Einsatz mit Arte Pura-Logo. Abmessungen 180&#215;270 cm.<\/p>\n<p>In Italien hergestellte Tischdecke aus 100 % hochwertigem Leinen, die durch spezielle Behandlungen, die das nat\u00fcrliche Aussehen verst\u00e4rken, weich im Griff ist.<\/p>\n<p>Dieser Stoff ist ideal f\u00fcr den Tisch, da er hypoallergen und antibakteriell ist. Au\u00dferdem werden nat\u00fcrliche und hypoallergene Farbstoffe verwendet, die der Naturfaser Glanz und Schwung verleihen.<\/p>\n<p>Langlebigkeit und einfache Wartung sind weitere Pluspunkte Ihrer Wahl.<\/p>\n<p>Ideal zur Versch\u00f6nerung Ihrer \u201emise en place\u201c: allein oder in Kombination mit L\u00e4ufern und Servietten, um immer wieder originelle Kombinationen zu schaffen.<\/p>\n<p>Bitte lesen Sie den Abschnitt \u201eProduktpflege\u201c f\u00fcr alle Waschanweisungen.<\/p>\n","protected":false},"featured_media":107150,"template":"","meta":{"_seopress_robots_primary_cat":"","_seopress_titles_title":"","_seopress_titles_desc":"","_seopress_robots_index":""},"product_brand":[8562],"product_cat":[3755,5961,3748],"product_tag":[6302,5995,5700,5999,5726],"class_list":{"0":"post-127325","1":"product","2":"type-product","3":"status-publish","4":"has-post-thumbnail","6":"product_brand-arte-pura","7":"product_cat-tisch-zu-behoer","8":"product_cat-tischdecke","9":"product_cat-wohnaccessoires","10":"product_tag-180x270-de","11":"product_tag-rechteckig","12":"product_tag-tabelle-de-2","13":"product_tag-tischtucher","14":"product_tag-wesentlich","15":"pa_colore-retro-900-de","16":"pa_tema-wesentlich","18":"first","19":"instock","20":"shipping-taxable","21":"purchasable","22":"product-type-variable"},"jetpack_sharing_enabled":true,"_links":{"self":[{"href":"https:\/\/lighthouselocarno.ch\/de\/wp-json\/wp\/v2\/product\/127325","targetHints":{"allow":["GET"]}}],"collection":[{"href":"https:\/\/lighthouselocarno.ch\/de\/wp-json\/wp\/v2\/product"}],"about":[{"href":"https:\/\/lighthouselocarno.ch\/de\/wp-json\/wp\/v2\/types\/product"}],"wp:featuredmedia":[{"embeddable":true,"href":"https:\/\/lighthouselocarno.ch\/de\/wp-json\/wp\/v2\/media\/107150"}],"wp:attachment":[{"href":"https:\/\/lighthouselocarno.ch\/de\/wp-json\/wp\/v2\/media?parent=127325"}],"wp:term":[{"taxonomy":"product_brand","embeddable":true,"href":"https:\/\/lighthouselocarno.ch\/de\/wp-json\/wp\/v2\/product_brand?post=127325"},{"taxonomy":"product_cat","embeddable":true,"href":"https:\/\/lighthouselocarno.ch\/de\/wp-json\/wp\/v2\/product_cat?post=127325"},{"taxonomy":"product_tag","embeddable":true,"href":"https:\/\/lighthouselocarno.ch\/de\/wp-json\/wp\/v2\/product_tag?post=127325"}],"curies":[{"name":"wp","href":"https:\/\/api.w.org\/{rel}","templated":true}]}}