{"id":127366,"date":"2022-05-07T17:37:35","date_gmt":"2022-05-07T17:37:35","guid":{"rendered":"https:\/\/lighthouselocarno.ch\/prodotti\/55x160cm-leinen-laeufer-mit-praegung\/"},"modified":"2025-05-23T13:39:03","modified_gmt":"2025-05-23T13:39:03","slug":"laufer-55x160cm-in-leinen-mit-pragung","status":"publish","type":"product","link":"https:\/\/lighthouselocarno.ch\/de\/produkt\/laufer-55x160cm-in-leinen-mit-pragung\/","title":{"rendered":"55x160cm Leinen-L\u00e4ufer mit Pr\u00e4gung"},"content":{"rendered":"","protected":false},"excerpt":{"rendered":"<p>L\u00e4ufer aus schwerem Leinen mit Pr\u00e4gung und rechteckigem Arte Pura-Logoeinsatz. Kante mit Falz. Ma\u00dfe 50 x 160 cm<\/p>\n<p>Der L\u00e4ufer wird in Italien aus 100 % hochwertigem Leinen hergestellt und durch spezielle Behandlungen, die das nat\u00fcrliche Erscheinungsbild verst\u00e4rken, weich im Griff.<\/p>\n<p>Dieser Stoff ist ideal f\u00fcr den Tisch, da er hypoallergen und antibakteriell ist. Au\u00dferdem werden nat\u00fcrliche und hypoallergene Farbstoffe verwendet, die der Naturfaser Glanz und Schwung verleihen.<\/p>\n<p>Langlebigkeit und einfache Wartung sind weitere Pluspunkte Ihrer Wahl.<\/p>\n<p>Ideal zur Versch\u00f6nerung Ihrer Tischdekoration: allein oder in Kombination mit Tischdecken und Servietten, um immer wieder originelle Kombinationen zu schaffen.<\/p>\n<p>Bitte lesen Sie den Abschnitt \u201eProduktpflege\u201c f\u00fcr alle Waschanweisungen.<\/p>\n","protected":false},"featured_media":107132,"template":"","meta":{"_seopress_robots_primary_cat":"","_seopress_titles_title":"","_seopress_titles_desc":"","_seopress_robots_index":""},"product_brand":[8562],"product_cat":[3755,6288,3748],"product_tag":[6361,3770,3824,5700,3870,5726],"class_list":{"0":"post-127366","1":"product","2":"type-product","3":"status-publish","4":"has-post-thumbnail","6":"product_brand-arte-pura","7":"product_cat-tisch-zu-behoer","8":"product_cat-tischlaufer","9":"product_cat-wohnaccessoires","10":"product_tag-55x160-de","11":"product_tag-laufer","12":"product_tag-linoleum","13":"product_tag-tabelle-de-2","14":"product_tag-tischset","15":"product_tag-wesentlich","16":"pa_colore-retro-900-de","17":"pa_tema-wesentlich","19":"first","20":"instock","21":"shipping-taxable","22":"purchasable","23":"product-type-variable"},"jetpack_sharing_enabled":true,"_links":{"self":[{"href":"https:\/\/lighthouselocarno.ch\/de\/wp-json\/wp\/v2\/product\/127366","targetHints":{"allow":["GET"]}}],"collection":[{"href":"https:\/\/lighthouselocarno.ch\/de\/wp-json\/wp\/v2\/product"}],"about":[{"href":"https:\/\/lighthouselocarno.ch\/de\/wp-json\/wp\/v2\/types\/product"}],"wp:featuredmedia":[{"embeddable":true,"href":"https:\/\/lighthouselocarno.ch\/de\/wp-json\/wp\/v2\/media\/107132"}],"wp:attachment":[{"href":"https:\/\/lighthouselocarno.ch\/de\/wp-json\/wp\/v2\/media?parent=127366"}],"wp:term":[{"taxonomy":"product_brand","embeddable":true,"href":"https:\/\/lighthouselocarno.ch\/de\/wp-json\/wp\/v2\/product_brand?post=127366"},{"taxonomy":"product_cat","embeddable":true,"href":"https:\/\/lighthouselocarno.ch\/de\/wp-json\/wp\/v2\/product_cat?post=127366"},{"taxonomy":"product_tag","embeddable":true,"href":"https:\/\/lighthouselocarno.ch\/de\/wp-json\/wp\/v2\/product_tag?post=127366"}],"curies":[{"name":"wp","href":"https:\/\/api.w.org\/{rel}","templated":true}]}}