{"id":127378,"date":"2022-05-07T17:43:11","date_gmt":"2022-05-07T17:43:11","guid":{"rendered":"https:\/\/lighthouselocarno.ch\/prodotti\/leichtes-leinendoppelset-mit-applikationen-und-volants\/"},"modified":"2025-05-23T13:36:23","modified_gmt":"2025-05-23T13:36:23","slug":"komplette-hochzeit-in-leichtem-leinen-mit-antrag-und-bandern","status":"publish","type":"product","link":"https:\/\/lighthouselocarno.ch\/de\/produkt\/komplette-hochzeit-in-leichtem-leinen-mit-antrag-und-bandern\/","title":{"rendered":"Leichtes Leinendoppelset mit Applikationen und Volants"},"content":{"rendered":"","protected":false},"excerpt":{"rendered":"<p>Hellbeiger Leinenanzug mit drei Volantapplikationen. Gr\u00f6\u00dfen: Doppelbettlaken 270&#215;290 cm Kopfkissenbezug 50&#215;80 cm Doppelunterlaken mit Ecken 190&#215;200 cm.<\/p>\n<p>Bettgarnitur, die in Italien aus 100% hochwertigem Leinen hergestellt wird und sich durch spezielle Behandlungen, die das nat\u00fcrliche Aussehen verbessern, weich anf\u00fchlt.<\/p>\n<p>Dieser Stoff ist ideal f\u00fcr das Bett, da er hypoallergen und antibakteriell ist. Au\u00dferdem werden nat\u00fcrliche, nicht allergene Farbstoffe verwendet, die der Naturfaser Glanz und Lebendigkeit verleihen.<\/p>\n<p>Langlebigkeit und einfache Wartung sind weitere Pluspunkte Ihrer Wahl.<\/p>\n<p>Ideal, um Ihr Bettw\u00e4scheset zu versch\u00f6nern: allein oder in Kombination mit farbigen Kissenbez\u00fcgen, um immer wieder originelle Kombinationen zu schaffen.<\/p>\n<p>Bitte lesen Sie den Abschnitt \u201eProduktpflege\u201c f\u00fcr alle Waschanweisungen.<\/p>\n","protected":false},"featured_media":107528,"template":"","meta":{"_seopress_robots_primary_cat":"","_seopress_titles_title":"","_seopress_titles_desc":"","_seopress_robots_index":""},"product_brand":[8562],"product_cat":[5957,6176,3748],"product_tag":[5980,6184,6051,5966,5706,5726],"class_list":{"0":"post-127378","1":"product","2":"type-product","3":"status-publish","4":"has-post-thumbnail","6":"product_brand-arte-pura","7":"product_cat-bettwaesche","8":"product_cat-bettwasche-sets","9":"product_cat-wohnaccessoires","10":"product_tag-bett-de","11":"product_tag-bettgarnitur","12":"product_tag-blatter","13":"product_tag-kopfkissenbezuge-de","14":"product_tag-schlafzimmer","15":"product_tag-wesentlich","16":"pa_colore-kreide-alt-044","17":"pa_tema-wesentlich","19":"first","20":"instock","21":"shipping-taxable","22":"purchasable","23":"product-type-simple"},"jetpack_sharing_enabled":true,"_links":{"self":[{"href":"https:\/\/lighthouselocarno.ch\/de\/wp-json\/wp\/v2\/product\/127378","targetHints":{"allow":["GET"]}}],"collection":[{"href":"https:\/\/lighthouselocarno.ch\/de\/wp-json\/wp\/v2\/product"}],"about":[{"href":"https:\/\/lighthouselocarno.ch\/de\/wp-json\/wp\/v2\/types\/product"}],"wp:featuredmedia":[{"embeddable":true,"href":"https:\/\/lighthouselocarno.ch\/de\/wp-json\/wp\/v2\/media\/107528"}],"wp:attachment":[{"href":"https:\/\/lighthouselocarno.ch\/de\/wp-json\/wp\/v2\/media?parent=127378"}],"wp:term":[{"taxonomy":"product_brand","embeddable":true,"href":"https:\/\/lighthouselocarno.ch\/de\/wp-json\/wp\/v2\/product_brand?post=127378"},{"taxonomy":"product_cat","embeddable":true,"href":"https:\/\/lighthouselocarno.ch\/de\/wp-json\/wp\/v2\/product_cat?post=127378"},{"taxonomy":"product_tag","embeddable":true,"href":"https:\/\/lighthouselocarno.ch\/de\/wp-json\/wp\/v2\/product_tag?post=127378"}],"curies":[{"name":"wp","href":"https:\/\/api.w.org\/{rel}","templated":true}]}}