{"id":127421,"date":"2022-05-07T17:44:24","date_gmt":"2022-05-07T17:44:24","guid":{"rendered":"https:\/\/lighthouselocarno.ch\/prodotti\/bettbezug-250x200cm-helles-leinen-mit-knoepfen-agoya\/"},"modified":"2025-05-23T13:36:23","modified_gmt":"2025-05-23T13:36:23","slug":"bettbezug-250x200cm-leichtgewicht-leinen-mit-knopf-agoya","status":"publish","type":"product","link":"https:\/\/lighthouselocarno.ch\/de\/produkt\/bettbezug-250x200cm-leichtgewicht-leinen-mit-knopf-agoya\/","title":{"rendered":"Bettbezug 250x200cm helles Leinen mit Kn\u00f6pfen Agoya"},"content":{"rendered":"","protected":false},"excerpt":{"rendered":"<p>Containertasche aus leichtem Leinen. Verschluss mit Perlmuttkn\u00f6pfen aus Agoya und Klappe. Gr\u00f6\u00dfe 250&#215;200+50 (Klappe).<\/p>\n<p>Der Bettbezug wird in Italien aus 100% hochwertigem Leinen hergestellt und durch spezielle Behandlungen, die das nat\u00fcrliche Aussehen verst\u00e4rken, streichelzart gemacht.<\/p>\n<p>Dieser Stoff ist ideal f\u00fcr das Bett, da er hypoallergen und antibakteriell ist. Au\u00dferdem werden nat\u00fcrliche, nicht allergene Farbstoffe verwendet, die der Naturfaser Glanz und Lebendigkeit verleihen.<\/p>\n<p>Langlebigkeit und einfache Wartung sind weitere Pluspunkte Ihrer Wahl.<\/p>\n<p>Ideal, um Ihre Bettausstattung zu versch\u00f6nern: allein oder in Kombination mit farbigen Kissenbez\u00fcgen und Laken, um immer wieder originelle Kombinationen zu schaffen.<\/p>\n<p>Bitte lesen Sie den Abschnitt \u201eProduktpflege\u201c f\u00fcr alle Waschanweisungen.<\/p>\n","protected":false},"featured_media":107384,"template":"","meta":{"_seopress_robots_primary_cat":"","_seopress_titles_title":"","_seopress_titles_desc":"","_seopress_robots_index":""},"product_brand":[8562],"product_cat":[5957,6368,3748],"product_tag":[6388,5980,6375,5959,5728,6130,5706],"class_list":{"0":"post-127421","1":"product","2":"type-product","3":"status-publish","4":"has-post-thumbnail","6":"product_brand-arte-pura","7":"product_cat-bettwaesche","8":"product_cat-duvetbezuege","9":"product_cat-wohnaccessoires","10":"product_tag-250x200-de","11":"product_tag-bett-de","12":"product_tag-bettbezug-de","13":"product_tag-bettzeug","14":"product_tag-freundlich","15":"product_tag-schlafen-auf-einer-wolke","16":"product_tag-schlafzimmer","17":"pa_colore-infinity-ecowash-800","18":"pa_colore-weis-019","19":"pa_tema-freundlich","21":"first","22":"instock","23":"shipping-taxable","24":"purchasable","25":"product-type-variable"},"jetpack_sharing_enabled":true,"_links":{"self":[{"href":"https:\/\/lighthouselocarno.ch\/de\/wp-json\/wp\/v2\/product\/127421","targetHints":{"allow":["GET"]}}],"collection":[{"href":"https:\/\/lighthouselocarno.ch\/de\/wp-json\/wp\/v2\/product"}],"about":[{"href":"https:\/\/lighthouselocarno.ch\/de\/wp-json\/wp\/v2\/types\/product"}],"wp:featuredmedia":[{"embeddable":true,"href":"https:\/\/lighthouselocarno.ch\/de\/wp-json\/wp\/v2\/media\/107384"}],"wp:attachment":[{"href":"https:\/\/lighthouselocarno.ch\/de\/wp-json\/wp\/v2\/media?parent=127421"}],"wp:term":[{"taxonomy":"product_brand","embeddable":true,"href":"https:\/\/lighthouselocarno.ch\/de\/wp-json\/wp\/v2\/product_brand?post=127421"},{"taxonomy":"product_cat","embeddable":true,"href":"https:\/\/lighthouselocarno.ch\/de\/wp-json\/wp\/v2\/product_cat?post=127421"},{"taxonomy":"product_tag","embeddable":true,"href":"https:\/\/lighthouselocarno.ch\/de\/wp-json\/wp\/v2\/product_tag?post=127421"}],"curies":[{"name":"wp","href":"https:\/\/api.w.org\/{rel}","templated":true}]}}