{"id":127430,"date":"2022-05-07T17:45:28","date_gmt":"2022-05-07T17:45:28","guid":{"rendered":"https:\/\/lighthouselocarno.ch\/prodotti\/geometrisch-dekoriertes-gaestehandtuch-aus-frottee\/"},"modified":"2025-05-23T13:36:23","modified_gmt":"2025-05-23T13:36:23","slug":"handtuch-guest-in-schwamm-dekor-geometrisch","status":"publish","type":"product","link":"https:\/\/lighthouselocarno.ch\/de\/produkt\/handtuch-guest-in-schwamm-dekor-geometrisch\/","title":{"rendered":"Geometrisch dekoriertes G\u00e4stehandtuch aus Frottee"},"content":{"rendered":"","protected":false},"excerpt":{"rendered":"<p>G\u00e4stehandtuch aus Schwamm mit geometrischem Muster. Gr\u00f6\u00dfe 40&#215;60 cm.<\/p>\n<p>Das Handtuch wird in Italien aus hochwertiger Baumwolle hergestellt und durch spezielle Behandlungen, die das nat\u00fcrliche Aussehen verst\u00e4rken, streichelzart gemacht.<\/p>\n<p>Ein idealer Stoff f\u00fcr das Badezimmer, denn er ist hypoallergen, antibakteriell und vor allem hygroskopisch. In voller Achtung vor Ihrer Haut.<\/p>\n<p>Zus\u00e4tzlich zur Verwendung von nat\u00fcrlichen und hypoallergenen Farbstoffen, die der Naturfaser Glanz und Ausstrahlung verleihen.<\/p>\n<p>Langlebigkeit und einfache Wartung sind weitere Pluspunkte Ihrer Wahl.<\/p>\n<p>Ideal zur Versch\u00f6nerung des Badezimmersets: allein oder in Kombination mit Handtuch und Bademantel, um immer wieder originelle Kombinationen zu schaffen.<\/p>\n<p>Bitte lesen Sie den Abschnitt \u201eProduktpflege\u201c f\u00fcr alle Waschanweisungen.<\/p>\n","protected":false},"featured_media":107612,"template":"","meta":{"_seopress_robots_primary_cat":"","_seopress_titles_title":"","_seopress_titles_desc":"","_seopress_robots_index":""},"product_brand":[8562],"product_cat":[6027,3916,3748],"product_tag":[4859,6389,4796,6041,5179,6031],"class_list":{"0":"post-127430","1":"product","2":"type-product","3":"status-publish","4":"has-post-thumbnail","6":"product_brand-arte-pura","7":"product_cat-badetucher","8":"product_cat-badezimmer","9":"product_cat-wohnaccessoires","10":"product_tag-badezimmer","11":"product_tag-gastehandtuch","12":"product_tag-handtucher","13":"product_tag-industriell","14":"product_tag-schwamm-de","15":"product_tag-wasche-fur-das-badezimmer","16":"pa_colore-weis-019","17":"pa_tema-industriell","19":"first","20":"instock","21":"shipping-taxable","22":"purchasable","23":"product-type-variable"},"jetpack_sharing_enabled":true,"_links":{"self":[{"href":"https:\/\/lighthouselocarno.ch\/de\/wp-json\/wp\/v2\/product\/127430","targetHints":{"allow":["GET"]}}],"collection":[{"href":"https:\/\/lighthouselocarno.ch\/de\/wp-json\/wp\/v2\/product"}],"about":[{"href":"https:\/\/lighthouselocarno.ch\/de\/wp-json\/wp\/v2\/types\/product"}],"wp:featuredmedia":[{"embeddable":true,"href":"https:\/\/lighthouselocarno.ch\/de\/wp-json\/wp\/v2\/media\/107612"}],"wp:attachment":[{"href":"https:\/\/lighthouselocarno.ch\/de\/wp-json\/wp\/v2\/media?parent=127430"}],"wp:term":[{"taxonomy":"product_brand","embeddable":true,"href":"https:\/\/lighthouselocarno.ch\/de\/wp-json\/wp\/v2\/product_brand?post=127430"},{"taxonomy":"product_cat","embeddable":true,"href":"https:\/\/lighthouselocarno.ch\/de\/wp-json\/wp\/v2\/product_cat?post=127430"},{"taxonomy":"product_tag","embeddable":true,"href":"https:\/\/lighthouselocarno.ch\/de\/wp-json\/wp\/v2\/product_tag?post=127430"}],"curies":[{"name":"wp","href":"https:\/\/api.w.org\/{rel}","templated":true}]}}