{"id":127445,"date":"2022-05-07T17:46:40","date_gmt":"2022-05-07T17:46:40","guid":{"rendered":"https:\/\/lighthouselocarno.ch\/prodotti\/gesichts-und-gaestetuch-aus-frottee-mit-tuellspitze\/"},"modified":"2026-03-16T08:07:47","modified_gmt":"2026-03-16T08:07:47","slug":"gesicht-und-gastgeber-handtuch-im-schwamm-mit-spitzen-tull","status":"publish","type":"product","link":"https:\/\/lighthouselocarno.ch\/de\/produkt\/gesicht-und-gastgeber-handtuch-im-schwamm-mit-spitzen-tull\/","title":{"rendered":"Gesichts- und G\u00e4stetuch aus Frottee mit T\u00fcllspitze"},"content":{"rendered":"<p>Produktpflege:<\/p>\n<p>Maschinenwaschbar bei 30-40 Grad mit neutraler Seife. Keinen Weichsp\u00fcler hinzuf\u00fcgen. Nicht bleichen.<br \/>\nAlle Kleidungsst\u00fccke von Arte Pura werden von Hand mit nat\u00fcrlichen Mineralpigmenten gef\u00e4rbt.<br \/>\nEs ist m\u00f6glich, dass sie w\u00e4hrend der ersten W\u00e4schen etwas Farbe verlieren und so einen Vintage-Farbton erhalten, der f\u00fcr diese Marke einzigartig ist.<br \/>\nF\u00fcr das Waschen von Kleidungsst\u00fccken mit alten Farben empfehle ich dringend, f\u00fcr die ersten 3-4 W\u00e4schen 1 kg Meersalz in die Waschmaschine zu geben, um die Farben gut zu fixieren.<\/p>\n<p>Material: 100 % Leinen.<\/p>\n","protected":false},"excerpt":{"rendered":"<p>Ein Paar Frottee-Gesichts- und G\u00e4stehandt\u00fccher mit T\u00fcllspitze auf einer Seite. Borte aus Leinenmischung. Kreisf\u00f6rmiger Arte Pura Logo-Einsatz. Abmessungen Gesicht Handtuch 60&#215;100 cm. G\u00e4stehandtuch Gr\u00f6\u00dfe 40&#215;60 cm.<\/p>\n<p>Das Handtuch wird in Italien aus hochwertiger Baumwolle hergestellt und durch spezielle Behandlungen, die das nat\u00fcrliche Aussehen verst\u00e4rken, streichelzart gemacht.<\/p>\n<p>Ein idealer Stoff f\u00fcr das Badezimmer, denn er ist hypoallergen, antibakteriell und vor allem hygroskopisch. In voller Achtung vor Ihrer Haut.<\/p>\n<p>Zus\u00e4tzlich zur Verwendung von nat\u00fcrlichen und hypoallergenen Farbstoffen, die der Naturfaser Glanz und Ausstrahlung verleihen.<\/p>\n<p>Die lange Lebensdauer und die einfache Pflege sind ein zus\u00e4tzliches Plus f\u00fcr Ihre Wahl.<\/p>\n<p>Ideal zur Versch\u00f6nerung des Badezimmersets: allein oder in Kombination mit Handtuch und Bademantel, um immer wieder originelle Kombinationen zu schaffen.<\/p>\n<p>Wir laden Sie ein, den Abschnitt \u201eProduktpflege\u201c zu konsultieren, um alle Waschanweisungen zu erfahren.<\/p>\n","protected":false},"featured_media":107708,"template":"","meta":{"_seopress_robots_primary_cat":"","_seopress_titles_title":"","_seopress_titles_desc":"","_seopress_robots_index":""},"product_brand":[],"product_cat":[6027,3916,3748],"product_tag":[4859,6046,4796,5179,6031,5748],"class_list":{"0":"post-127445","1":"product","2":"type-product","3":"status-publish","4":"has-post-thumbnail","6":"product_cat-badetucher","7":"product_cat-badezimmer","8":"product_cat-wohnaccessoires","9":"product_tag-badezimmer","10":"product_tag-handtuch-fur-gesicht-und-gaste","11":"product_tag-handtucher","12":"product_tag-schwamm-de","13":"product_tag-wasche-fur-das-badezimmer","14":"product_tag-weis","15":"pa_colore-weis-019","16":"pa_tema-weis","18":"first","19":"instock","20":"shipping-taxable","21":"purchasable","22":"product-type-variable","23":"has-default-attributes"},"jetpack_sharing_enabled":true,"_links":{"self":[{"href":"https:\/\/lighthouselocarno.ch\/de\/wp-json\/wp\/v2\/product\/127445","targetHints":{"allow":["GET"]}}],"collection":[{"href":"https:\/\/lighthouselocarno.ch\/de\/wp-json\/wp\/v2\/product"}],"about":[{"href":"https:\/\/lighthouselocarno.ch\/de\/wp-json\/wp\/v2\/types\/product"}],"wp:featuredmedia":[{"embeddable":true,"href":"https:\/\/lighthouselocarno.ch\/de\/wp-json\/wp\/v2\/media\/107708"}],"wp:attachment":[{"href":"https:\/\/lighthouselocarno.ch\/de\/wp-json\/wp\/v2\/media?parent=127445"}],"wp:term":[{"taxonomy":"product_brand","embeddable":true,"href":"https:\/\/lighthouselocarno.ch\/de\/wp-json\/wp\/v2\/product_brand?post=127445"},{"taxonomy":"product_cat","embeddable":true,"href":"https:\/\/lighthouselocarno.ch\/de\/wp-json\/wp\/v2\/product_cat?post=127445"},{"taxonomy":"product_tag","embeddable":true,"href":"https:\/\/lighthouselocarno.ch\/de\/wp-json\/wp\/v2\/product_tag?post=127445"}],"curies":[{"name":"wp","href":"https:\/\/api.w.org\/{rel}","templated":true}]}}