{"id":127530,"date":"2022-05-07T17:50:14","date_gmt":"2022-05-07T17:50:14","guid":{"rendered":"https:\/\/lighthouselocarno.ch\/prodotti\/vorhang-aus-leichtem-leinen-und-organza-mit-gepraegter-naht\/"},"modified":"2025-05-23T13:37:52","modified_gmt":"2025-05-23T13:37:52","slug":"zelt-aus-leinen-leichtem-organza-mit-pragestickerei","status":"publish","type":"product","link":"https:\/\/lighthouselocarno.ch\/de\/produkt\/zelt-aus-leinen-leichtem-organza-mit-pragestickerei\/","title":{"rendered":"Vorhang aus leichtem Leinen und Organza mit gepr\u00e4gter Naht"},"content":{"rendered":"<p>Produktpflege:<\/p>\n<p>Maschinenwaschbar bei 30-40 Grad mit milder Seife. Keinen Weichsp\u00fcler hinzuf\u00fcgen. <\/p>\n<p>Bleichen Sie nicht. Alle Kleidungsst\u00fccke von Arte Pura sind mit nat\u00fcrlichen Mineralpigmenten handgef\u00e4rbt. Es ist m\u00f6glich, dass sie bei den ersten W\u00e4schen etwas Farbe verlieren, wodurch sie einen Vintage-Ton erhalten, der einzigartig f\u00fcr diese Marke ist. Wenn Sie Kleidungsst\u00fccke mit alten Farben waschen, empfehle ich dringend, bei den ersten 3-4 W\u00e4schen 1 kg Meersalz in die Waschmaschine zu geben, damit die Farben gut fixiert werden.<\/p>\n<p>Stoff: 100 % Leinen und Organza.<\/p>\n","protected":false},"excerpt":{"rendered":"<p>Leichter Vorhang aus Leinen und Organza mit <span data-sheets-value=\"{\"1\":2,\"2\":\"Tenda bianca in lino leggero con nervature nella parte alta. Allacciatura con laccetti. Misure 150x300 cm.\"}\" data-sheets-userformat=\"{\"2\":963,\"3\":{\"1\":0},\"4\":[null,2,16711680],\"9\":1,\"10\":1,\"11\":4,\"12\":0}\">gepr\u00e4gter Naht<\/span> am oberen Rand. Schn\u00fcrverschluss. Ma\u00dfe 200&#215;300 cm.<\/p>\n<p>Vorhang, der in Italien aus hochwertigem 100%igem Leinen hergestellt wird und sich durch spezielle Behandlungen, die das nat\u00fcrliche Aussehen verst\u00e4rken, weich anf\u00fchlt.<\/p>\n<p>Dieser Stoff ist ideal, weil er hypoallergen und antibakteriell ist. Au\u00dferdem werden nat\u00fcrliche, nicht allergene Farbstoffe verwendet, die der Naturfaser Glanz und Lebendigkeit verleihen.<\/p>\n<p>Langlebigkeit und einfache Wartung sind weitere Pluspunkte Ihrer Wahl.<\/p>\n<p>Versch\u00f6nern Sie Ihre R\u00e4ume, indem Sie Ihrer Einrichtung einen Hauch von Originalit\u00e4t verleihen.<\/p>\n<p>Bitte lesen Sie den Abschnitt \u201eProduktpflege\u201c f\u00fcr alle Waschanweisungen.<\/p>\n","protected":false},"featured_media":107834,"template":"","meta":{"_seopress_robots_primary_cat":"","_seopress_titles_title":"","_seopress_titles_desc":"","_seopress_robots_index":""},"product_brand":[8562],"product_cat":[7195,6091,3748],"product_tag":[4859,6093,5706,5748,5712,6098],"class_list":{"0":"post-127530","1":"product","2":"type-product","3":"status-publish","4":"has-post-thumbnail","6":"product_brand-arte-pura","7":"product_cat-vorhaenge-de","8":"product_cat-vorhange","9":"product_cat-wohnaccessoires","10":"product_tag-badezimmer","11":"product_tag-giadino-de","12":"product_tag-schlafzimmer","13":"product_tag-weis","14":"product_tag-wohnbereich","15":"product_tag-zelte","16":"pa_colore-weis-019","17":"pa_tema-weis","19":"first","20":"instock","21":"shipping-taxable","22":"purchasable","23":"product-type-variable","24":"has-default-attributes"},"jetpack_sharing_enabled":true,"_links":{"self":[{"href":"https:\/\/lighthouselocarno.ch\/de\/wp-json\/wp\/v2\/product\/127530","targetHints":{"allow":["GET"]}}],"collection":[{"href":"https:\/\/lighthouselocarno.ch\/de\/wp-json\/wp\/v2\/product"}],"about":[{"href":"https:\/\/lighthouselocarno.ch\/de\/wp-json\/wp\/v2\/types\/product"}],"wp:featuredmedia":[{"embeddable":true,"href":"https:\/\/lighthouselocarno.ch\/de\/wp-json\/wp\/v2\/media\/107834"}],"wp:attachment":[{"href":"https:\/\/lighthouselocarno.ch\/de\/wp-json\/wp\/v2\/media?parent=127530"}],"wp:term":[{"taxonomy":"product_brand","embeddable":true,"href":"https:\/\/lighthouselocarno.ch\/de\/wp-json\/wp\/v2\/product_brand?post=127530"},{"taxonomy":"product_cat","embeddable":true,"href":"https:\/\/lighthouselocarno.ch\/de\/wp-json\/wp\/v2\/product_cat?post=127530"},{"taxonomy":"product_tag","embeddable":true,"href":"https:\/\/lighthouselocarno.ch\/de\/wp-json\/wp\/v2\/product_tag?post=127530"}],"curies":[{"name":"wp","href":"https:\/\/api.w.org\/{rel}","templated":true}]}}