{"id":127534,"date":"2022-05-07T17:45:54","date_gmt":"2022-05-07T17:45:54","guid":{"rendered":"https:\/\/lighthouselocarno.ch\/prodotti\/badetuch-aus-schwerem-leinen\/"},"modified":"2025-05-23T13:36:23","modified_gmt":"2025-05-23T13:36:23","slug":"handtuch-in-der-wolle-schwer","status":"publish","type":"product","link":"https:\/\/lighthouselocarno.ch\/de\/produkt\/handtuch-in-der-wolle-schwer\/","title":{"rendered":"Badetuch aus schwerem Leinen"},"content":{"rendered":"","protected":false},"excerpt":{"rendered":"<p>Badetuch aus schwerem Leinen. Bord\u00fcre mit gesticktem Faltenmuster. Ma\u00dfe 110&#215;150 cm.<\/p>\n<p>In Italien aus 100 % hochwertigem Leinen hergestellt und durch spezielle Behandlungen, die das nat\u00fcrliche Aussehen verst\u00e4rken, weich im Griff.<\/p>\n<p>Dieser Stoff ist ideal f\u00fcr das Badezimmer, da er hypoallergen und antibakteriell ist. Au\u00dferdem werden nat\u00fcrliche, hypoallergene Farbstoffe verwendet, die der Naturfaser Glanz und Lebendigkeit verleihen.<\/p>\n<p>Langlebigkeit und einfache Wartung sind weitere Pluspunkte Ihrer Wahl.<\/p>\n<p>Ideal zur Versch\u00f6nerung des Badezimmersets: allein oder in Kombination mit Handt\u00fcchern und Bademantel, um jedes Mal originelle Kombinationen zu schaffen.<\/p>\n<p>Bitte lesen Sie den Abschnitt \u201eProduktpflege\u201c f\u00fcr alle Waschanweisungen.<\/p>\n","protected":false},"featured_media":107675,"template":"","meta":{"_seopress_robots_primary_cat":"","_seopress_titles_title":"","_seopress_titles_desc":"","_seopress_robots_index":""},"product_brand":[8562],"product_cat":[6027,3916,3748],"product_tag":[6058,4859,5728,4796,3824,6031],"class_list":{"0":"post-127534","1":"product","2":"type-product","3":"status-publish","4":"has-post-thumbnail","6":"product_brand-arte-pura","7":"product_cat-badetucher","8":"product_cat-badezimmer","9":"product_cat-wohnaccessoires","10":"product_tag-badetucher-de","11":"product_tag-badezimmer","12":"product_tag-freundlich","13":"product_tag-handtucher","14":"product_tag-linoleum","15":"product_tag-wasche-fur-das-badezimmer","16":"pa_colore-retro-900-de","17":"pa_colore-weis-019","18":"pa_tema-freundlich","20":"first","21":"instock","22":"shipping-taxable","23":"purchasable","24":"product-type-variable"},"jetpack_sharing_enabled":true,"_links":{"self":[{"href":"https:\/\/lighthouselocarno.ch\/de\/wp-json\/wp\/v2\/product\/127534","targetHints":{"allow":["GET"]}}],"collection":[{"href":"https:\/\/lighthouselocarno.ch\/de\/wp-json\/wp\/v2\/product"}],"about":[{"href":"https:\/\/lighthouselocarno.ch\/de\/wp-json\/wp\/v2\/types\/product"}],"wp:featuredmedia":[{"embeddable":true,"href":"https:\/\/lighthouselocarno.ch\/de\/wp-json\/wp\/v2\/media\/107675"}],"wp:attachment":[{"href":"https:\/\/lighthouselocarno.ch\/de\/wp-json\/wp\/v2\/media?parent=127534"}],"wp:term":[{"taxonomy":"product_brand","embeddable":true,"href":"https:\/\/lighthouselocarno.ch\/de\/wp-json\/wp\/v2\/product_brand?post=127534"},{"taxonomy":"product_cat","embeddable":true,"href":"https:\/\/lighthouselocarno.ch\/de\/wp-json\/wp\/v2\/product_cat?post=127534"},{"taxonomy":"product_tag","embeddable":true,"href":"https:\/\/lighthouselocarno.ch\/de\/wp-json\/wp\/v2\/product_tag?post=127534"}],"curies":[{"name":"wp","href":"https:\/\/api.w.org\/{rel}","templated":true}]}}