{"id":127563,"date":"2022-05-07T17:54:41","date_gmt":"2022-05-07T17:54:41","guid":{"rendered":"https:\/\/lighthouselocarno.ch\/prodotti\/mittlerer-leinwandhalter\/"},"modified":"2025-05-23T13:33:00","modified_gmt":"2025-05-23T13:33:00","slug":"halter-medium-in-leinwand","status":"publish","type":"product","link":"https:\/\/lighthouselocarno.ch\/de\/produkt\/halter-medium-in-leinwand\/","title":{"rendered":"Mittlerer Leinwandhalter"},"content":{"rendered":"","protected":false},"excerpt":{"rendered":"<p>Medium-Halter aus geh\u00e4rtetem Baumwollgewebe.  <span data-sheets-value=\"{\"1\":2,\"2\":\"Portaoggetti turchese piccolo in canvas doppiato con tulle ricamato. Inserto circolare logo Arte Pura sul fondo. Trattamento indurente. Misure 12x10 cm.\"}\" data-sheets-userformat=\"{\"2\":971,\"3\":{\"1\":0},\"4\":[null,2,65280],\"6\":{\"1\":[{\"1\":2,\"2\":0,\"5\":[null,2,0]},{\"1\":0,\"2\":0,\"3\":3},{\"1\":1,\"2\":0,\"4\":2}]},\"9\":1,\"10\":1,\"11\":3,\"12\":0}\">Unten, Einsatz mit gesticktem Arte Pura-Logo. Durchmesser 15 cm H\u00f6he 23 cm<\/span><\/p>\n<p>In Italien aus hochwertiger Baumwolle hergestellt und durch spezielle Behandlungen anschmiegsam gemacht.<\/p>\n<p>Dieser Stoff ist ideal, weil er hypoallergen und antibakteriell ist. Au\u00dferdem werden nat\u00fcrliche, nicht allergene Farbstoffe verwendet, die der Naturfaser Glanz und Lebendigkeit verleihen.<\/p>\n<p>Langlebigkeit und einfache Wartung sind weitere Pluspunkte Ihrer Wahl.<\/p>\n<p>Dekorieren Sie Ihre R\u00e4ume, indem Sie Ihrer Einrichtung einen Hauch von Originalit\u00e4t verleihen. Genie\u00dfen Sie den Einsatz in jedem Raum Ihres Hauses oder B\u00fcros, vom Bad bis zum Tisch oder als praktischer Taschenentleerer.<\/p>\n<p>Bitte lesen Sie den Abschnitt \u201eProduktpflege\u201c f\u00fcr alle Waschanweisungen.<\/p>\n","protected":false},"featured_media":107975,"template":"","meta":{"_seopress_robots_primary_cat":"","_seopress_titles_title":"","_seopress_titles_desc":"","_seopress_robots_index":""},"product_brand":[8562],"product_cat":[6035,7312,3748],"product_tag":[4859,5723,5719,4470,5706,5700,5748,5742,5712,5851],"class_list":{"0":"post-127563","1":"product","2":"type-product","3":"status-publish","4":"has-post-thumbnail","6":"product_brand-arte-pura","7":"product_cat-accessoires-de","8":"product_cat-halterung","9":"product_cat-wohnaccessoires","10":"product_tag-badezimmer","11":"product_tag-dekoratives-zubehor","12":"product_tag-festliche-luft","13":"product_tag-halterung","14":"product_tag-schlafzimmer","15":"product_tag-tabelle-de-2","16":"product_tag-weis","17":"product_tag-wellen","18":"product_tag-wohnbereich","19":"product_tag-zubehor","20":"pa_colore-bonbon-alt-429","21":"pa_colore-lebenslauf-alt-433","22":"pa_colore-puder-alt-043","23":"pa_colore-retro-900-de","24":"pa_colore-weis-019","25":"pa_tema-weis","26":"pa_tema-wellen","28":"first","29":"instock","30":"shipping-taxable","31":"purchasable","32":"product-type-variable"},"jetpack_sharing_enabled":true,"_links":{"self":[{"href":"https:\/\/lighthouselocarno.ch\/de\/wp-json\/wp\/v2\/product\/127563","targetHints":{"allow":["GET"]}}],"collection":[{"href":"https:\/\/lighthouselocarno.ch\/de\/wp-json\/wp\/v2\/product"}],"about":[{"href":"https:\/\/lighthouselocarno.ch\/de\/wp-json\/wp\/v2\/types\/product"}],"wp:featuredmedia":[{"embeddable":true,"href":"https:\/\/lighthouselocarno.ch\/de\/wp-json\/wp\/v2\/media\/107975"}],"wp:attachment":[{"href":"https:\/\/lighthouselocarno.ch\/de\/wp-json\/wp\/v2\/media?parent=127563"}],"wp:term":[{"taxonomy":"product_brand","embeddable":true,"href":"https:\/\/lighthouselocarno.ch\/de\/wp-json\/wp\/v2\/product_brand?post=127563"},{"taxonomy":"product_cat","embeddable":true,"href":"https:\/\/lighthouselocarno.ch\/de\/wp-json\/wp\/v2\/product_cat?post=127563"},{"taxonomy":"product_tag","embeddable":true,"href":"https:\/\/lighthouselocarno.ch\/de\/wp-json\/wp\/v2\/product_tag?post=127563"}],"curies":[{"name":"wp","href":"https:\/\/api.w.org\/{rel}","templated":true}]}}