{"id":127594,"date":"2022-05-07T17:56:33","date_gmt":"2022-05-07T17:56:33","guid":{"rendered":"https:\/\/lighthouselocarno.ch\/prodotti\/platzdeckchen-mit-poema-spitze\/"},"modified":"2025-05-23T13:33:00","modified_gmt":"2025-05-23T13:33:00","slug":"platzdeckchen-mit-lorbeer-gedicht","status":"publish","type":"product","link":"https:\/\/lighthouselocarno.ch\/de\/produkt\/platzdeckchen-mit-lorbeer-gedicht\/","title":{"rendered":"Platzdeckchen mit Poema-Spitze"},"content":{"rendered":"","protected":false},"excerpt":{"rendered":"<p><span data-sheets-value=\"{\"1\":2,\"2\":\"Tovaglietta nera in lino pesante con pizzo poema. Bordo con piega. Misure 40x50 cm. \"}\" data-sheets-userformat=\"{\"2\":963,\"3\":{\"1\":0},\"4\":[null,2,16711680],\"9\":1,\"10\":1,\"11\":4,\"12\":0}\">Tischset aus schwerem Leinen mit Poema-Spitze. Kante mit Falz. Gr\u00f6\u00dfe 40&#215;50 cm (ohne Spitze).<\/span><\/p>\n<p>In Italien hergestelltes Tischset aus 100 % hochwertigem Leinen, das sich durch spezielle Behandlungen, die das nat\u00fcrliche Aussehen verst\u00e4rken, weich anf\u00fchlt.<\/p>\n<p>Dieser Stoff ist ideal f\u00fcr den Tisch, da er hypoallergen und antibakteriell ist. Au\u00dferdem werden nat\u00fcrliche und hypoallergene Farbstoffe verwendet, die der Naturfaser Glanz und Schwung verleihen.<\/p>\n<p>Langlebigkeit und einfache Wartung sind weitere Pluspunkte Ihrer Wahl.<\/p>\n<p>Ideal zur Versch\u00f6nerung Ihrer \u201emise en place\u201c: allein oder in Kombination mit L\u00e4ufern und Servietten, um immer wieder originelle Kombinationen zu schaffen.<\/p>\n<p>Bitte lesen Sie den Abschnitt \u201eProduktpflege\u201c f\u00fcr alle Waschanweisungen.<\/p>\n","protected":false},"featured_media":108086,"template":"","meta":{"_seopress_robots_primary_cat":"none","_seopress_titles_title":"","_seopress_titles_desc":"","_seopress_robots_index":""},"product_brand":[8562],"product_cat":[3755,5850,3748],"product_tag":[6021,6230,5700,7326,5853,5742,5851],"class_list":{"0":"post-127594","1":"product","2":"type-product","3":"status-publish","4":"has-post-thumbnail","6":"product_brand-arte-pura","7":"product_cat-tisch-zu-behoer","8":"product_cat-tischsets","9":"product_cat-wohnaccessoires","10":"product_tag-luxus","11":"product_tag-pizzo-poema-de","12":"product_tag-tabelle-de-2","13":"product_tag-table-accessories-de","14":"product_tag-tischsets","15":"product_tag-wellen","16":"product_tag-zubehor","17":"pa_colore-lebenslauf-alt-433","18":"pa_colore-pfingstrose-alt-417","19":"pa_colore-schwarz-021","20":"pa_tema-luxus","21":"pa_tema-wellen","23":"first","24":"instock","25":"shipping-taxable","26":"purchasable","27":"product-type-variable"},"jetpack_sharing_enabled":true,"_links":{"self":[{"href":"https:\/\/lighthouselocarno.ch\/de\/wp-json\/wp\/v2\/product\/127594","targetHints":{"allow":["GET"]}}],"collection":[{"href":"https:\/\/lighthouselocarno.ch\/de\/wp-json\/wp\/v2\/product"}],"about":[{"href":"https:\/\/lighthouselocarno.ch\/de\/wp-json\/wp\/v2\/types\/product"}],"wp:featuredmedia":[{"embeddable":true,"href":"https:\/\/lighthouselocarno.ch\/de\/wp-json\/wp\/v2\/media\/108086"}],"wp:attachment":[{"href":"https:\/\/lighthouselocarno.ch\/de\/wp-json\/wp\/v2\/media?parent=127594"}],"wp:term":[{"taxonomy":"product_brand","embeddable":true,"href":"https:\/\/lighthouselocarno.ch\/de\/wp-json\/wp\/v2\/product_brand?post=127594"},{"taxonomy":"product_cat","embeddable":true,"href":"https:\/\/lighthouselocarno.ch\/de\/wp-json\/wp\/v2\/product_cat?post=127594"},{"taxonomy":"product_tag","embeddable":true,"href":"https:\/\/lighthouselocarno.ch\/de\/wp-json\/wp\/v2\/product_tag?post=127594"}],"curies":[{"name":"wp","href":"https:\/\/api.w.org\/{rel}","templated":true}]}}