{"id":127596,"date":"2022-05-07T17:40:50","date_gmt":"2022-05-07T17:40:50","guid":{"rendered":"https:\/\/lighthouselocarno.ch\/prodotti\/leichtes-leinen-doppeltuch-mit-haekelspitze\/"},"modified":"2025-05-23T13:36:23","modified_gmt":"2025-05-23T13:36:23","slug":"leichtes-leinen-hochzeitslaken-mit-kettenhaken","status":"publish","type":"product","link":"https:\/\/lighthouselocarno.ch\/de\/produkt\/leichtes-leinen-hochzeitslaken-mit-kettenhaken\/","title":{"rendered":"Leichtes Leinen-Doppeltuch mit H\u00e4kelspitze"},"content":{"rendered":"","protected":false},"excerpt":{"rendered":"<p>Leichtes Leinendoppeltuch mit einseitig aufgen\u00e4hter H\u00e4kelspitze. Quadratischer Logo-Einsatz von Arte Pura. Kante mit Falz. Abmessungen 270&#215;290 cm.<\/p>\n<p>Das Laken wird in Italien aus 100% hochwertigem Leinen hergestellt und durch spezielle Behandlungen, die das nat\u00fcrliche Aussehen verst\u00e4rken, streichelzart gemacht.<\/p>\n<p>Dieser Stoff ist ideal f\u00fcr das Bett, da er hypoallergen und antibakteriell ist. Au\u00dferdem werden nat\u00fcrliche, nicht allergene Farbstoffe verwendet, die der Naturfaser Glanz und Lebendigkeit verleihen.<\/p>\n<p>Langlebigkeit und einfache Wartung sind weitere Pluspunkte Ihrer Wahl.<\/p>\n<p>Ideal, um Ihre Bettausstattung zu versch\u00f6nern: allein oder in Kombination mit Bettdecken und Kissenbez\u00fcgen, um immer wieder originelle Kombinationen zu schaffen.<\/p>\n<p>Bitte lesen Sie den Abschnitt \u201eProduktpflege\u201c f\u00fcr alle Waschanweisungen.<\/p>\n","protected":false},"featured_media":107426,"template":"","meta":{"_seopress_robots_primary_cat":"","_seopress_titles_title":"","_seopress_titles_desc":"","_seopress_robots_index":""},"product_brand":[8562],"product_cat":[5957,6019,3748],"product_tag":[5980,5959,6051,6201,5706,5748],"class_list":{"0":"post-127596","1":"product","2":"type-product","3":"status-publish","4":"has-post-thumbnail","6":"product_brand-arte-pura","7":"product_cat-bettwaesche","8":"product_cat-leintucher","9":"product_cat-wohnaccessoires","10":"product_tag-bett-de","11":"product_tag-bettzeug","12":"product_tag-blatter","13":"product_tag-gehakelte-spitze","14":"product_tag-schlafzimmer","15":"product_tag-weis","16":"pa_colore-weis-019","17":"pa_tema-weis","19":"first","20":"instock","21":"shipping-taxable","22":"purchasable","23":"product-type-variable"},"jetpack_sharing_enabled":true,"_links":{"self":[{"href":"https:\/\/lighthouselocarno.ch\/de\/wp-json\/wp\/v2\/product\/127596","targetHints":{"allow":["GET"]}}],"collection":[{"href":"https:\/\/lighthouselocarno.ch\/de\/wp-json\/wp\/v2\/product"}],"about":[{"href":"https:\/\/lighthouselocarno.ch\/de\/wp-json\/wp\/v2\/types\/product"}],"wp:featuredmedia":[{"embeddable":true,"href":"https:\/\/lighthouselocarno.ch\/de\/wp-json\/wp\/v2\/media\/107426"}],"wp:attachment":[{"href":"https:\/\/lighthouselocarno.ch\/de\/wp-json\/wp\/v2\/media?parent=127596"}],"wp:term":[{"taxonomy":"product_brand","embeddable":true,"href":"https:\/\/lighthouselocarno.ch\/de\/wp-json\/wp\/v2\/product_brand?post=127596"},{"taxonomy":"product_cat","embeddable":true,"href":"https:\/\/lighthouselocarno.ch\/de\/wp-json\/wp\/v2\/product_cat?post=127596"},{"taxonomy":"product_tag","embeddable":true,"href":"https:\/\/lighthouselocarno.ch\/de\/wp-json\/wp\/v2\/product_tag?post=127596"}],"curies":[{"name":"wp","href":"https:\/\/api.w.org\/{rel}","templated":true}]}}