{"id":127666,"date":"2022-05-07T17:57:19","date_gmt":"2022-05-07T17:57:19","guid":{"rendered":"https:\/\/lighthouselocarno.ch\/prodotti\/medium-halter-mit-geometrischer-dekoration\/"},"modified":"2025-05-23T13:33:00","modified_gmt":"2025-05-23T13:33:00","slug":"halter-medium-mit-geometrischem-dekor","status":"publish","type":"product","link":"https:\/\/lighthouselocarno.ch\/de\/produkt\/halter-medium-mit-geometrischem-dekor\/","title":{"rendered":"Medium-Halter mit geometrischer Dekoration"},"content":{"rendered":"","protected":false},"excerpt":{"rendered":"<p><span data-sheets-value=\"{\"1\":2,\"2\":\"Portaoggetti medio beige in lino con decoro 'geometrico. Inserto circolare logo Arte Pura sul fondo. Trattamento indurente. Misure 15x23 cm.\"}\" data-sheets-userformat=\"{\"2\":1049539,\"3\":{\"1\":0},\"4\":[null,2,16043212],\"9\":1,\"10\":1,\"11\":4,\"12\":0,\"23\":2}\">Medium Halter aus 100% geh\u00e4rtetem Leinen, verziert mit geometrischem Baumwollmuster. Unten, Einsatz mit gesticktem Arte Pura-Logo. Durchmesser 15 cm H\u00f6he 23 cm<\/span><\/p>\n<p>Hergestellt in Italien aus 100% hochwertigem Leinen und durch spezielle Behandlungen formbar gemacht.<\/p>\n<p>Dieser Stoff ist ideal, weil er hypoallergen und antibakteriell ist. Au\u00dferdem werden nat\u00fcrliche, nicht allergene Farbstoffe verwendet, die der Naturfaser Glanz und Lebendigkeit verleihen.<\/p>\n<p>Langlebigkeit und einfache Wartung sind weitere Pluspunkte Ihrer Wahl.<\/p>\n<p>Dekorieren Sie Ihre R\u00e4ume, indem Sie Ihrer Einrichtung einen Hauch von Originalit\u00e4t verleihen. Genie\u00dfen Sie den Einsatz in jedem Raum Ihres Hauses oder B\u00fcros, vom Bad bis zum Tisch oder als praktischer Taschenentleerer.<\/p>\n<p>Bitte lesen Sie den Abschnitt \u201eProduktpflege\u201c f\u00fcr alle Waschanweisungen.<\/p>\n","protected":false},"featured_media":108149,"template":"","meta":{"_seopress_robots_primary_cat":"none","_seopress_titles_title":"","_seopress_titles_desc":"","_seopress_robots_index":""},"product_brand":[8562],"product_cat":[6035,7312,3748],"product_tag":[4859,5723,4470,6041,5730,5706,5700,5748,5726,5712,5851],"class_list":{"0":"post-127666","1":"product","2":"type-product","3":"status-publish","4":"has-post-thumbnail","6":"product_brand-arte-pura","7":"product_cat-accessoires-de","8":"product_cat-halterung","9":"product_cat-wohnaccessoires","10":"product_tag-badezimmer","11":"product_tag-dekoratives-zubehor","12":"product_tag-halterung","13":"product_tag-industriell","14":"product_tag-new-yorker-lofts","15":"product_tag-schlafzimmer","16":"product_tag-tabelle-de-2","17":"product_tag-weis","18":"product_tag-wesentlich","19":"product_tag-wohnbereich","20":"product_tag-zubehor","21":"pa_colore-kreide-alt-044","22":"pa_colore-lava-alt-037","23":"pa_colore-retro-900-de","24":"pa_colore-weis-019","25":"pa_tema-industriell","26":"pa_tema-weis","27":"pa_tema-wesentlich","29":"first","30":"instock","31":"shipping-taxable","32":"purchasable","33":"product-type-variable"},"jetpack_sharing_enabled":true,"_links":{"self":[{"href":"https:\/\/lighthouselocarno.ch\/de\/wp-json\/wp\/v2\/product\/127666","targetHints":{"allow":["GET"]}}],"collection":[{"href":"https:\/\/lighthouselocarno.ch\/de\/wp-json\/wp\/v2\/product"}],"about":[{"href":"https:\/\/lighthouselocarno.ch\/de\/wp-json\/wp\/v2\/types\/product"}],"wp:featuredmedia":[{"embeddable":true,"href":"https:\/\/lighthouselocarno.ch\/de\/wp-json\/wp\/v2\/media\/108149"}],"wp:attachment":[{"href":"https:\/\/lighthouselocarno.ch\/de\/wp-json\/wp\/v2\/media?parent=127666"}],"wp:term":[{"taxonomy":"product_brand","embeddable":true,"href":"https:\/\/lighthouselocarno.ch\/de\/wp-json\/wp\/v2\/product_brand?post=127666"},{"taxonomy":"product_cat","embeddable":true,"href":"https:\/\/lighthouselocarno.ch\/de\/wp-json\/wp\/v2\/product_cat?post=127666"},{"taxonomy":"product_tag","embeddable":true,"href":"https:\/\/lighthouselocarno.ch\/de\/wp-json\/wp\/v2\/product_tag?post=127666"}],"curies":[{"name":"wp","href":"https:\/\/api.w.org\/{rel}","templated":true}]}}