{"id":127697,"date":"2022-05-07T17:58:36","date_gmt":"2022-05-07T17:58:36","guid":{"rendered":"https:\/\/lighthouselocarno.ch\/prodotti\/180x270cm-leinen-tischdecke-mit-farnese-spitze\/"},"modified":"2025-05-23T13:33:00","modified_gmt":"2025-05-23T13:33:00","slug":"tischtuch-180x270cm-in-leinen-mit-litze-farnese","status":"publish","type":"product","link":"https:\/\/lighthouselocarno.ch\/de\/produkt\/tischtuch-180x270cm-in-leinen-mit-litze-farnese\/","title":{"rendered":"180x270cm Leinen-Tischdecke mit &#8218;Farnese&#8216; Spitze"},"content":{"rendered":"","protected":false},"excerpt":{"rendered":"<p><span data-sheets-value=\"{\"1\":2,\"2\":\"Tovaglia beige chiaro rettangolare in lino pesante con cornice, pizzo \"Farnese\" cucito sulla cornice su tutti i lati e inserto rettangolare logo Arte Pura. Bordo con piega. Misure 180x270 cm. \"}\" data-sheets-userformat=\"{\"2\":963,\"3\":{\"1\":0},\"4\":[null,2,16043212],\"9\":1,\"10\":1,\"11\":4,\"12\":0}\">Rechteckige Tischdecke aus schwerem Leinen mit Rahmen, allseitig aufgen\u00e4hter Farnese-Spitze und rechteckigem Arte Pura-Logoeinsatz. Kante mit Falz. Abmessungen 180&#215;270 cm.<\/span><\/p>\n<p>In Italien hergestellte Tischdecke aus 100 % hochwertigem Leinen, die durch spezielle Behandlungen, die das nat\u00fcrliche Aussehen verst\u00e4rken, weich im Griff ist.<\/p>\n<p>Dieser Stoff ist ideal f\u00fcr den Tisch, da er hypoallergen und antibakteriell ist. Au\u00dferdem werden nat\u00fcrliche und hypoallergene Farbstoffe verwendet, die der Naturfaser Glanz und Schwung verleihen.<\/p>\n<p>Langlebigkeit und einfache Wartung sind weitere Pluspunkte Ihrer Wahl.<\/p>\n<p>Ideal zur Versch\u00f6nerung Ihrer \u201emise en place\u201c: allein oder in Kombination mit L\u00e4ufern und Servietten, um immer wieder originelle Kombinationen zu schaffen.<\/p>\n<p>Bitte lesen Sie den Abschnitt \u201eProduktpflege\u201c f\u00fcr alle Waschanweisungen.<\/p>\n","protected":false},"featured_media":108224,"template":"","meta":{"_seopress_robots_primary_cat":"","_seopress_titles_title":"","_seopress_titles_desc":"","_seopress_robots_index":""},"product_brand":[8562],"product_cat":[3755,5961,3748],"product_tag":[6302,6021,6183,5694,5700,5999],"class_list":{"0":"post-127697","1":"product","2":"type-product","3":"status-publish","4":"has-post-thumbnail","6":"product_brand-arte-pura","7":"product_cat-tisch-zu-behoer","8":"product_cat-tischdecke","9":"product_cat-wohnaccessoires","10":"product_tag-180x270-de","11":"product_tag-luxus","12":"product_tag-pizzo-farnese-de","13":"product_tag-reines","14":"product_tag-tabelle-de-2","15":"product_tag-tischtucher","16":"pa_colore-butter-alt-047","17":"pa_colore-weis-019","18":"pa_tema-luxus","19":"pa_tema-reines","21":"first","22":"instock","23":"shipping-taxable","24":"purchasable","25":"product-type-variable"},"jetpack_sharing_enabled":true,"_links":{"self":[{"href":"https:\/\/lighthouselocarno.ch\/de\/wp-json\/wp\/v2\/product\/127697","targetHints":{"allow":["GET"]}}],"collection":[{"href":"https:\/\/lighthouselocarno.ch\/de\/wp-json\/wp\/v2\/product"}],"about":[{"href":"https:\/\/lighthouselocarno.ch\/de\/wp-json\/wp\/v2\/types\/product"}],"wp:featuredmedia":[{"embeddable":true,"href":"https:\/\/lighthouselocarno.ch\/de\/wp-json\/wp\/v2\/media\/108224"}],"wp:attachment":[{"href":"https:\/\/lighthouselocarno.ch\/de\/wp-json\/wp\/v2\/media?parent=127697"}],"wp:term":[{"taxonomy":"product_brand","embeddable":true,"href":"https:\/\/lighthouselocarno.ch\/de\/wp-json\/wp\/v2\/product_brand?post=127697"},{"taxonomy":"product_cat","embeddable":true,"href":"https:\/\/lighthouselocarno.ch\/de\/wp-json\/wp\/v2\/product_cat?post=127697"},{"taxonomy":"product_tag","embeddable":true,"href":"https:\/\/lighthouselocarno.ch\/de\/wp-json\/wp\/v2\/product_tag?post=127697"}],"curies":[{"name":"wp","href":"https:\/\/api.w.org\/{rel}","templated":true}]}}