{"id":127699,"date":"2022-05-07T18:02:14","date_gmt":"2022-05-07T18:02:14","guid":{"rendered":"https:\/\/lighthouselocarno.ch\/prodotti\/grosser-leinenkoffer-mit-spitzen-poema\/"},"modified":"2025-05-23T13:30:04","modified_gmt":"2025-05-23T13:30:04","slug":"etui-groses-leinen-mit-litze-gedicht","status":"publish","type":"product","link":"https:\/\/lighthouselocarno.ch\/de\/produkt\/etui-groses-leinen-mit-litze-gedicht\/","title":{"rendered":"Gro\u00dfer Leinenkoffer mit Spitzen-Poema"},"content":{"rendered":"<p>Produktpflege:<\/p>\n<p>Maschinenwaschbar bei 30-40 Grad mit milder Seife. Keinen Weichsp\u00fcler hinzuf\u00fcgen. Nicht bleichen.<br \/>\nAlle Kleidungsst\u00fccke von Arte Pura sind mit nat\u00fcrlichen Mineralpigmenten handgef\u00e4rbt.<br \/>\nEs ist m\u00f6glich, dass sie bei den ersten W\u00e4schen etwas an Farbe verlieren, was zu einem Vintage-Ton f\u00fchrt, der einzigartig f\u00fcr diese Marke ist.<br \/>\nBeim Waschen von Kleidung mit alten Farben empfehle ich dringend, bei den ersten 3-4 Waschg\u00e4ngen 1 kg Meersalz in die Waschmaschine zu geben, um die Farben gut zu fixieren.<\/p>\n<p>Stoff:100% Leinen \u00c9 Baumwolle<\/p>\n","protected":false},"excerpt":{"rendered":"<p><span data-sheets-value=\"{\"1\":2,\"2\":\"Astuccio grande nero in lino con pizzo \"Poema\". Misure 25x25 cm. \"}\" data-sheets-userformat=\"{\"2\":961,\"3\":{\"1\":0},\"9\":1,\"10\":1,\"11\":4,\"12\":0}\">Gro\u00dfer Leinenkoffer mit Poema-Spitze. Ma\u00dfe 25&#215;15 cm.<\/span><\/p>\n<p>Leinenetui, hergestellt in Italien aus 100% hochwertigem Leinen, zus\u00e4tzlich zur Verwendung von nat\u00fcrlichen und hypoallergenen Farbstoffen, die der Naturfaser Glanz und Lebendigkeit verleihen.<\/p>\n<p>Langlebigkeit und einfache Wartung sind weitere Pluspunkte Ihrer Wahl.<\/p>\n<p>Dekorieren Sie Ihre R\u00e4ume, indem Sie Ihrer Einrichtung einen Hauch von Originalit\u00e4t verleihen.<\/p>\n<p>Sie k\u00f6nnen dieses Etui f\u00fcr Ihr Make-up, als Stifthalter oder als kleine Clutch-Tasche f\u00fcr alles, was Sie immer bei sich tragen m\u00f6chten, verwenden.<\/p>\n","protected":false},"featured_media":108356,"template":"","meta":{"_seopress_robots_primary_cat":"","_seopress_titles_title":"","_seopress_titles_desc":"","_seopress_robots_index":""},"product_brand":[8562],"product_cat":[6035,5282,3748],"product_tag":[4859,5723,6049,4470,6021,6056,6230,5706,6038,5712,5851],"class_list":{"0":"post-127699","1":"product","2":"type-product","3":"status-publish","4":"has-post-thumbnail","6":"product_brand-arte-pura","7":"product_cat-accessoires-de","8":"product_cat-kosmetik-taschen","9":"product_cat-wohnaccessoires","10":"product_tag-badezimmer","11":"product_tag-dekoratives-zubehor","12":"product_tag-fall","13":"product_tag-halterung","14":"product_tag-luxus","15":"product_tag-make-up-halter","16":"product_tag-pizzo-poema-de","17":"product_tag-schlafzimmer","18":"product_tag-trousse-de","19":"product_tag-wohnbereich","20":"product_tag-zubehor","21":"pa_colore-butter-alt-047","22":"pa_colore-schwarz-021","23":"pa_tema-luxus","25":"first","26":"instock","27":"shipping-taxable","28":"purchasable","29":"product-type-variable","30":"has-default-attributes"},"jetpack_sharing_enabled":true,"_links":{"self":[{"href":"https:\/\/lighthouselocarno.ch\/de\/wp-json\/wp\/v2\/product\/127699","targetHints":{"allow":["GET"]}}],"collection":[{"href":"https:\/\/lighthouselocarno.ch\/de\/wp-json\/wp\/v2\/product"}],"about":[{"href":"https:\/\/lighthouselocarno.ch\/de\/wp-json\/wp\/v2\/types\/product"}],"wp:featuredmedia":[{"embeddable":true,"href":"https:\/\/lighthouselocarno.ch\/de\/wp-json\/wp\/v2\/media\/108356"}],"wp:attachment":[{"href":"https:\/\/lighthouselocarno.ch\/de\/wp-json\/wp\/v2\/media?parent=127699"}],"wp:term":[{"taxonomy":"product_brand","embeddable":true,"href":"https:\/\/lighthouselocarno.ch\/de\/wp-json\/wp\/v2\/product_brand?post=127699"},{"taxonomy":"product_cat","embeddable":true,"href":"https:\/\/lighthouselocarno.ch\/de\/wp-json\/wp\/v2\/product_cat?post=127699"},{"taxonomy":"product_tag","embeddable":true,"href":"https:\/\/lighthouselocarno.ch\/de\/wp-json\/wp\/v2\/product_tag?post=127699"}],"curies":[{"name":"wp","href":"https:\/\/api.w.org\/{rel}","templated":true}]}}