{"id":127726,"date":"2022-05-07T18:02:38","date_gmt":"2022-05-07T18:02:38","guid":{"rendered":"https:\/\/lighthouselocarno.ch\/prodotti\/dekorativer-stuhl-und-gardinenband\/"},"modified":"2025-05-23T13:30:04","modified_gmt":"2025-05-23T13:30:04","slug":"dekoratives-stuhl-und-vorhangband","status":"publish","type":"product","link":"https:\/\/lighthouselocarno.ch\/de\/produkt\/dekoratives-stuhl-und-vorhangband\/","title":{"rendered":"Dekorativer Stuhl und Gardinenband"},"content":{"rendered":"<p>Produktpflege:<\/p>\n<p>Maschinenwaschbar bei 30-40 Grad mit milder Seife. Keinen Weichsp\u00fcler hinzuf\u00fcgen. Nicht bleichen.<br \/>\nAlle Kleidungsst\u00fccke von Arte Pura sind mit nat\u00fcrlichen Mineralpigmenten handgef\u00e4rbt.<br \/>\nEs ist m\u00f6glich, dass sie bei den ersten W\u00e4schen etwas an Farbe verlieren, was zu einem Vintage-Ton f\u00fchrt, der einzigartig f\u00fcr diese Marke ist.<br \/>\nBeim Waschen von Kleidung mit alten Farben empfehle ich dringend, bei den ersten 3-4 Waschg\u00e4ngen 1 kg Meersalz in die Waschmaschine zu geben, um die Farben gut zu fixieren.<\/p>\n<p>Stoff: 100 % Leinen und Organza.<\/p>\n","protected":false},"excerpt":{"rendered":"<p><span data-sheets-value=\"{\"1\":2,\"2\":\"Embrasse per sedia beige chiaro.\"}\" data-sheets-userformat=\"{\"2\":961,\"3\":{\"1\":0},\"9\":1,\"10\":1,\"11\":4,\"12\":0}\">Dekorativer Stuhl und Gardinenband.<\/span><\/p>\n<p>Ein dekoratives Stirnband, das in Italien aus 100% hochwertigem Leinen hergestellt wird und sich durch spezielle Behandlungen, die das nat\u00fcrliche Aussehen verst\u00e4rken, weich anf\u00fchlt.<\/p>\n<p>Dieser Stoff ist ideal, weil er hypoallergen und antibakteriell ist. Au\u00dferdem werden nat\u00fcrliche, nicht allergene Farbstoffe verwendet, die der Naturfaser Glanz und Lebendigkeit verleihen.<\/p>\n<p>Langlebigkeit und einfache Wartung sind weitere Pluspunkte Ihrer Wahl.<\/p>\n<p>Bitte lesen Sie den Abschnitt \u201eProduktpflege\u201c f\u00fcr alle Waschanweisungen.<\/p>\n","protected":false},"featured_media":108551,"template":"","meta":{"_seopress_robots_primary_cat":"","_seopress_titles_title":"","_seopress_titles_desc":"","_seopress_robots_index":""},"product_brand":[8562],"product_cat":[4030,6215,6091,3748],"product_tag":[5723,6433,6021,5706,6216,5712,6098],"class_list":{"0":"post-127726","1":"product","2":"type-product","3":"status-publish","4":"has-post-thumbnail","6":"product_brand-arte-pura","7":"product_cat-deko","8":"product_cat-stangen","9":"product_cat-vorhange","10":"product_cat-wohnaccessoires","11":"product_tag-dekoratives-zubehor","12":"product_tag-garten","13":"product_tag-luxus","14":"product_tag-schlafzimmer","15":"product_tag-stuhle","16":"product_tag-wohnbereich","17":"product_tag-zelte","18":"pa_colore-butter-alt-047","19":"pa_tema-luxus","21":"first","22":"instock","23":"shipping-taxable","24":"purchasable","25":"product-type-variable","26":"has-default-attributes"},"jetpack_sharing_enabled":true,"_links":{"self":[{"href":"https:\/\/lighthouselocarno.ch\/de\/wp-json\/wp\/v2\/product\/127726","targetHints":{"allow":["GET"]}}],"collection":[{"href":"https:\/\/lighthouselocarno.ch\/de\/wp-json\/wp\/v2\/product"}],"about":[{"href":"https:\/\/lighthouselocarno.ch\/de\/wp-json\/wp\/v2\/types\/product"}],"wp:featuredmedia":[{"embeddable":true,"href":"https:\/\/lighthouselocarno.ch\/de\/wp-json\/wp\/v2\/media\/108551"}],"wp:attachment":[{"href":"https:\/\/lighthouselocarno.ch\/de\/wp-json\/wp\/v2\/media?parent=127726"}],"wp:term":[{"taxonomy":"product_brand","embeddable":true,"href":"https:\/\/lighthouselocarno.ch\/de\/wp-json\/wp\/v2\/product_brand?post=127726"},{"taxonomy":"product_cat","embeddable":true,"href":"https:\/\/lighthouselocarno.ch\/de\/wp-json\/wp\/v2\/product_cat?post=127726"},{"taxonomy":"product_tag","embeddable":true,"href":"https:\/\/lighthouselocarno.ch\/de\/wp-json\/wp\/v2\/product_tag?post=127726"}],"curies":[{"name":"wp","href":"https:\/\/api.w.org\/{rel}","templated":true}]}}