{"id":127734,"date":"2022-05-07T17:59:34","date_gmt":"2022-05-07T17:59:34","guid":{"rendered":"https:\/\/lighthouselocarno.ch\/prodotti\/laken-mit-poema-spitze\/"},"modified":"2025-05-23T13:33:01","modified_gmt":"2025-05-23T13:33:01","slug":"spitzen-gedichtbogen","status":"publish","type":"product","link":"https:\/\/lighthouselocarno.ch\/de\/produkt\/spitzen-gedichtbogen\/","title":{"rendered":"Laken mit Poema-Spitze"},"content":{"rendered":"","protected":false},"excerpt":{"rendered":"<p><span data-sheets-value=\"{\"1\":2,\"2\":\"Lenzuolo nero matrimoniale in lino leggero con pizzo \"Poema\" cucito su un lato. Inserto logo rettangolare Arte Pura. Bordo con piega. Misure 270x290 cm.\"}\" data-sheets-userformat=\"{\"2\":963,\"3\":{\"1\":0},\"4\":[null,2,16043212],\"9\":1,\"10\":1,\"11\":4,\"12\":0}\">Leichtes Leinen-Doppeltuch mit einseitig aufgen\u00e4hter Poema-Spitze. Quadratischer Logo-Einsatz von Arte Pura. Kante mit Falz. Abmessungen 270&#215;290 cm.<\/span><\/p>\n<p>Das Laken wird in Italien aus 100% hochwertigem Leinen hergestellt und durch spezielle Behandlungen, die das nat\u00fcrliche Aussehen verst\u00e4rken, streichelzart gemacht.<\/p>\n<p>Dieser Stoff ist ideal f\u00fcr das Bett, da er hypoallergen und antibakteriell ist. Au\u00dferdem werden nat\u00fcrliche, nicht allergene Farbstoffe verwendet, die der Naturfaser Glanz und Lebendigkeit verleihen.<\/p>\n<p>Langlebigkeit und einfache Wartung sind weitere Pluspunkte Ihrer Wahl.<\/p>\n<p>Ideal, um Ihre Bettausstattung zu versch\u00f6nern: allein oder in Kombination mit Bettdecken und Kissenbez\u00fcgen, um immer wieder originelle Kombinationen zu schaffen.<\/p>\n<p>Bitte lesen Sie den Abschnitt \u201eProduktpflege\u201c f\u00fcr alle Waschanweisungen.<\/p>\n","protected":false},"featured_media":108272,"template":"","meta":{"_seopress_robots_primary_cat":"","_seopress_titles_title":"","_seopress_titles_desc":"","_seopress_robots_index":""},"product_brand":[8562],"product_cat":[5957,6019,3748],"product_tag":[5980,5959,6051,5728,6021,6230,5706],"class_list":{"0":"post-127734","1":"product","2":"type-product","3":"status-publish","4":"has-post-thumbnail","6":"product_brand-arte-pura","7":"product_cat-bettwaesche","8":"product_cat-leintucher","9":"product_cat-wohnaccessoires","10":"product_tag-bett-de","11":"product_tag-bettzeug","12":"product_tag-blatter","13":"product_tag-freundlich","14":"product_tag-luxus","15":"product_tag-pizzo-poema-de","16":"product_tag-schlafzimmer","17":"pa_colore-butter-alt-047","18":"pa_colore-retro-900-de","19":"pa_colore-schwarz-021","20":"pa_tema-freundlich","21":"pa_tema-luxus","23":"first","24":"instock","25":"shipping-taxable","26":"purchasable","27":"product-type-variable"},"jetpack_sharing_enabled":true,"_links":{"self":[{"href":"https:\/\/lighthouselocarno.ch\/de\/wp-json\/wp\/v2\/product\/127734","targetHints":{"allow":["GET"]}}],"collection":[{"href":"https:\/\/lighthouselocarno.ch\/de\/wp-json\/wp\/v2\/product"}],"about":[{"href":"https:\/\/lighthouselocarno.ch\/de\/wp-json\/wp\/v2\/types\/product"}],"wp:featuredmedia":[{"embeddable":true,"href":"https:\/\/lighthouselocarno.ch\/de\/wp-json\/wp\/v2\/media\/108272"}],"wp:attachment":[{"href":"https:\/\/lighthouselocarno.ch\/de\/wp-json\/wp\/v2\/media?parent=127734"}],"wp:term":[{"taxonomy":"product_brand","embeddable":true,"href":"https:\/\/lighthouselocarno.ch\/de\/wp-json\/wp\/v2\/product_brand?post=127734"},{"taxonomy":"product_cat","embeddable":true,"href":"https:\/\/lighthouselocarno.ch\/de\/wp-json\/wp\/v2\/product_cat?post=127734"},{"taxonomy":"product_tag","embeddable":true,"href":"https:\/\/lighthouselocarno.ch\/de\/wp-json\/wp\/v2\/product_tag?post=127734"}],"curies":[{"name":"wp","href":"https:\/\/api.w.org\/{rel}","templated":true}]}}