{"id":127772,"date":"2022-05-07T17:59:05","date_gmt":"2022-05-07T17:59:05","guid":{"rendered":"https:\/\/lighthouselocarno.ch\/prodotti\/laeufer-50x160cm-aus-leinen-mit-farnese-spitze\/"},"modified":"2025-05-23T13:33:01","modified_gmt":"2025-05-23T13:33:01","slug":"laufer-50x160cm-in-leinen-mit-farnese-spitze","status":"publish","type":"product","link":"https:\/\/lighthouselocarno.ch\/de\/produkt\/laufer-50x160cm-in-leinen-mit-farnese-spitze\/","title":{"rendered":"L\u00e4ufer 50x160cm aus Leinen mit &#8218;Farnese&#8216;-Spitze"},"content":{"rendered":"","protected":false},"excerpt":{"rendered":"<p><span data-sheets-value=\"{\"1\":2,\"2\":\"Runner beige chiaro in lino pesante con pizzo \"Farnese\" cucito sui due lati corti e inserto rettangolare logo Arte Pura. Bordo con piega. Misure 50 x 160 cm. \"}\" data-sheets-userformat=\"{\"2\":963,\"3\":{\"1\":0},\"4\":[null,2,16043212],\"9\":1,\"10\":1,\"11\":4,\"12\":0}\">L\u00e4ufer aus schwerem Leinen mit Farnese-Spitze an den beiden kurzen Seiten und rechteckigem Arte Pura-Logoeinsatz. Kante mit Falz. Ma\u00dfe 50 x 160 cm (ohne Spitze).<\/span><\/p>\n<p>Der L\u00e4ufer wird in Italien aus 100 % hochwertigem Leinen hergestellt und durch spezielle Behandlungen, die das nat\u00fcrliche Erscheinungsbild verst\u00e4rken, weich im Griff.<\/p>\n<p>Dieser Stoff ist ideal f\u00fcr den Tisch, da er hypoallergen und antibakteriell ist. Au\u00dferdem werden nat\u00fcrliche und hypoallergene Farbstoffe verwendet, die der Naturfaser Glanz und Schwung verleihen.<\/p>\n<p>Langlebigkeit und einfache Wartung sind weitere Pluspunkte Ihrer Wahl.<\/p>\n<p>Ideal zur Versch\u00f6nerung Ihrer Tischdekoration: allein oder in Kombination mit Tischdecken und Servietten, um immer wieder originelle Kombinationen zu schaffen.<\/p>\n<p>Bitte lesen Sie den Abschnitt \u201eProduktpflege\u201c f\u00fcr alle Waschanweisungen.<\/p>\n","protected":false},"featured_media":108242,"template":"","meta":{"_seopress_robots_primary_cat":"","_seopress_titles_title":"","_seopress_titles_desc":"","_seopress_robots_index":""},"product_brand":[8562],"product_cat":[3755,6288,3748],"product_tag":[6349,3770,6021,6183,5694,5700,3870,5748],"class_list":{"0":"post-127772","1":"product","2":"type-product","3":"status-publish","4":"has-post-thumbnail","6":"product_brand-arte-pura","7":"product_cat-tisch-zu-behoer","8":"product_cat-tischlaufer","9":"product_cat-wohnaccessoires","10":"product_tag-50x160-de","11":"product_tag-laufer","12":"product_tag-luxus","13":"product_tag-pizzo-farnese-de","14":"product_tag-reines","15":"product_tag-tabelle-de-2","16":"product_tag-tischset","17":"product_tag-weis","18":"pa_colore-butter-alt-047","19":"pa_colore-mineralien-alt-410","20":"pa_colore-weis-019","21":"pa_tema-luxus","22":"pa_tema-reines","23":"pa_tema-weis","25":"first","26":"instock","27":"shipping-taxable","28":"purchasable","29":"product-type-variable"},"jetpack_sharing_enabled":true,"_links":{"self":[{"href":"https:\/\/lighthouselocarno.ch\/de\/wp-json\/wp\/v2\/product\/127772","targetHints":{"allow":["GET"]}}],"collection":[{"href":"https:\/\/lighthouselocarno.ch\/de\/wp-json\/wp\/v2\/product"}],"about":[{"href":"https:\/\/lighthouselocarno.ch\/de\/wp-json\/wp\/v2\/types\/product"}],"wp:featuredmedia":[{"embeddable":true,"href":"https:\/\/lighthouselocarno.ch\/de\/wp-json\/wp\/v2\/media\/108242"}],"wp:attachment":[{"href":"https:\/\/lighthouselocarno.ch\/de\/wp-json\/wp\/v2\/media?parent=127772"}],"wp:term":[{"taxonomy":"product_brand","embeddable":true,"href":"https:\/\/lighthouselocarno.ch\/de\/wp-json\/wp\/v2\/product_brand?post=127772"},{"taxonomy":"product_cat","embeddable":true,"href":"https:\/\/lighthouselocarno.ch\/de\/wp-json\/wp\/v2\/product_cat?post=127772"},{"taxonomy":"product_tag","embeddable":true,"href":"https:\/\/lighthouselocarno.ch\/de\/wp-json\/wp\/v2\/product_tag?post=127772"}],"curies":[{"name":"wp","href":"https:\/\/api.w.org\/{rel}","templated":true}]}}