{"id":127879,"date":"2022-05-07T18:05:48","date_gmt":"2022-05-07T18:05:48","guid":{"rendered":"https:\/\/lighthouselocarno.ch\/prodotti\/biskuittrousse-mit-schleife\/"},"modified":"2025-05-23T13:30:04","modified_gmt":"2025-05-23T13:30:04","slug":"schwammtuch-mit-schale","status":"publish","type":"product","link":"https:\/\/lighthouselocarno.ch\/de\/produkt\/schwammtuch-mit-schale\/","title":{"rendered":"Biskuittrousse mit Schleife"},"content":{"rendered":"<p>Produktpflege:<\/p>\n<p>Maschinenwaschbar bei 30-40 Grad mit milder Seife. Keinen Weichsp\u00fcler hinzuf\u00fcgen. Nicht bleichen.<br \/>\nAlle Kleidungsst\u00fccke von Arte Pura sind mit nat\u00fcrlichen Mineralpigmenten handgef\u00e4rbt.<br \/>\nEs ist m\u00f6glich, dass sie bei den ersten W\u00e4schen etwas an Farbe verlieren, was zu einem Vintage-Ton f\u00fchrt, der einzigartig f\u00fcr diese Marke ist.<br \/>\nBeim Waschen von Kleidung mit alten Farben empfehle ich dringend, bei den ersten 3-4 Waschg\u00e4ngen 1 kg Meersalz in die Waschmaschine zu geben, um die Farben gut zu fixieren.<\/p>\n<p>Stoff: 100 % Baumwolle und Leinen.<\/p>\n","protected":false},"excerpt":{"rendered":"<p><span data-sheets-value=\"{\"1\":2,\"2\":\"Trousse bianca in spugna con fiocco. Misure 30x35 cm. \"}\" data-sheets-userformat=\"{\"2\":963,\"3\":{\"1\":0},\"4\":[null,2,16711935],\"9\":1,\"10\":1,\"11\":4,\"12\":0}\">Baumwollfrottee-Trousse mit Rei\u00dfverschluss und Leinenschleife. Ma\u00dfe 30&#215;35 cm.<\/span><\/p>\n<p>N\u00fctzlich als Trousse, Koffer oder zur Dekoration Ihres Zimmers.<\/p>\n<p>Hergestellt in Italien aus hochwertigen Stoffen.<\/p>\n","protected":false},"featured_media":108683,"template":"","meta":{"_seopress_robots_primary_cat":"","_seopress_titles_title":"","_seopress_titles_desc":"","_seopress_robots_index":""},"product_brand":[8562],"product_cat":[6035,5282,3748],"product_tag":[4859,5723,6049,4470,6056,5706,6038,5748,5742,5712,5851],"class_list":{"0":"post-127879","1":"product","2":"type-product","3":"status-publish","4":"has-post-thumbnail","6":"product_brand-arte-pura","7":"product_cat-accessoires-de","8":"product_cat-kosmetik-taschen","9":"product_cat-wohnaccessoires","10":"product_tag-badezimmer","11":"product_tag-dekoratives-zubehor","12":"product_tag-fall","13":"product_tag-halterung","14":"product_tag-make-up-halter","15":"product_tag-schlafzimmer","16":"product_tag-trousse-de","17":"product_tag-weis","18":"product_tag-wellen","19":"product_tag-wohnbereich","20":"product_tag-zubehor","21":"pa_colore-lebenslauf-alt-433","22":"pa_colore-pfingstrose-alt-417","23":"pa_colore-weis-019","24":"pa_tema-weis","25":"pa_tema-wellen","27":"first","28":"instock","29":"shipping-taxable","30":"purchasable","31":"product-type-variable","32":"has-default-attributes"},"jetpack_sharing_enabled":true,"_links":{"self":[{"href":"https:\/\/lighthouselocarno.ch\/de\/wp-json\/wp\/v2\/product\/127879","targetHints":{"allow":["GET"]}}],"collection":[{"href":"https:\/\/lighthouselocarno.ch\/de\/wp-json\/wp\/v2\/product"}],"about":[{"href":"https:\/\/lighthouselocarno.ch\/de\/wp-json\/wp\/v2\/types\/product"}],"wp:featuredmedia":[{"embeddable":true,"href":"https:\/\/lighthouselocarno.ch\/de\/wp-json\/wp\/v2\/media\/108683"}],"wp:attachment":[{"href":"https:\/\/lighthouselocarno.ch\/de\/wp-json\/wp\/v2\/media?parent=127879"}],"wp:term":[{"taxonomy":"product_brand","embeddable":true,"href":"https:\/\/lighthouselocarno.ch\/de\/wp-json\/wp\/v2\/product_brand?post=127879"},{"taxonomy":"product_cat","embeddable":true,"href":"https:\/\/lighthouselocarno.ch\/de\/wp-json\/wp\/v2\/product_cat?post=127879"},{"taxonomy":"product_tag","embeddable":true,"href":"https:\/\/lighthouselocarno.ch\/de\/wp-json\/wp\/v2\/product_tag?post=127879"}],"curies":[{"name":"wp","href":"https:\/\/api.w.org\/{rel}","templated":true}]}}