{"id":127997,"date":"2022-05-07T18:21:53","date_gmt":"2022-05-07T18:21:53","guid":{"rendered":"https:\/\/lighthouselocarno.ch\/prodotti\/rechteckiger-teppich-mit-spitzenquasten\/"},"modified":"2025-05-23T13:27:10","modified_gmt":"2025-05-23T13:27:10","slug":"teppich-rechteckig-mit-lace-nappine","status":"publish","type":"product","link":"https:\/\/lighthouselocarno.ch\/de\/produkt\/teppich-rechteckig-mit-lace-nappine\/","title":{"rendered":"Badteppich 60 x 90 mit Spitzenquasten"},"content":{"rendered":"<p>Produktpflege:<br \/>\nMaschinenwaschbar bei 30-40 Grad mit milder Seife.<br \/>\nGeben Sie keinen Weichsp\u00fcler hinzu.<br \/>\nNicht bleichen.<br \/>\nAlle Kleidungsst\u00fccke von Arte Pura sind mit nat\u00fcrlichen Mineralpigmenten handgef\u00e4rbt.<br \/>\nEs ist m\u00f6glich, dass sie bei den ersten W\u00e4schen etwas Farbe verlieren, wodurch sie einen Vintage-Farbton erhalten, der einzigartig f\u00fcr diese Marke ist.<br \/>\nWenn Sie Kleidungsst\u00fccke mit alten Farben waschen, empfehle ich dringend, bei den ersten 3-4 Waschg\u00e4ngen 1 kg Meersalz in die Waschmaschine zu geben, damit die Farben gut fixiert werden.<br \/>\nStoff: 100% Baumwolle.<\/p>\n","protected":false},"excerpt":{"rendered":"<p><span data-sheets-value=\"{\"1\":2,\"2\":\"Tappeto rettangolare beige rosato in spugna con bordo in misto lino. Decorazione pizzo \"nappine\" sui quattro lati. Misure 60X90 cm.\"}\" data-sheets-userformat=\"{\"2\":3011,\"3\":{\"1\":0},\"4\":[null,2,16043212],\"9\":1,\"10\":1,\"11\":3,\"12\":0,\"14\":[null,2,0]}\">Rechteckiger Frotteeteppich mit Bord\u00fcre aus Leinenmischung.<br \/>\nSpitzenverzierung mit Quasten an vier Seiten.<br \/>\nMa\u00dfe 60X90 cm (ohne Spitze).  <\/span><\/p>\n<p>Ein in Italien aus hochwertiger Baumwolle hergestellter Teppich, der durch spezielle Behandlungen, die das nat\u00fcrliche Aussehen verst\u00e4rken, weich wird.<br \/>\nDar\u00fcber hinaus werden nat\u00fcrliche und hypoallergene Farbstoffe verwendet, die der Naturfaser Glanz und Lebendigkeit verleihen.<br \/>\nLanglebige Haltbarkeit und einfache Pflege machen Ihre Wahl zu einem Mehrwert.<br \/>\nIdeal zur Versch\u00f6nerung Ihres Badezimmers: allein oder in Kombination mit abgestimmten Handt\u00fcchern, um immer wieder originelle Kombinationen zu schaffen.<br \/>\nBitte konsultieren Sie den Abschnitt \u201eProduktpflege\u201c f\u00fcr alle Waschanweisungen.<\/p>\n","protected":false},"featured_media":109184,"template":"","meta":{"_seopress_robots_primary_cat":"none","_seopress_titles_title":"","_seopress_titles_desc":"","_seopress_robots_index":""},"product_brand":[8562],"product_cat":[3916,6072,6068,3748],"product_tag":[4859,5694,5706,6478,6074],"class_list":{"0":"post-127997","1":"product","2":"type-product","3":"status-publish","4":"has-post-thumbnail","6":"product_brand-arte-pura","7":"product_cat-badezimmer","8":"product_cat-badteppiche","9":"product_cat-teppiche","10":"product_cat-wohnaccessoires","11":"product_tag-badezimmer","12":"product_tag-reines","13":"product_tag-schlafzimmer","14":"product_tag-spitze-quasten","15":"product_tag-teppiche","16":"pa_colore-mineralien-alt-410","17":"pa_tema-reines","19":"first","20":"instock","21":"shipping-taxable","22":"purchasable","23":"product-type-variable","24":"has-default-attributes"},"jetpack_sharing_enabled":true,"_links":{"self":[{"href":"https:\/\/lighthouselocarno.ch\/de\/wp-json\/wp\/v2\/product\/127997","targetHints":{"allow":["GET"]}}],"collection":[{"href":"https:\/\/lighthouselocarno.ch\/de\/wp-json\/wp\/v2\/product"}],"about":[{"href":"https:\/\/lighthouselocarno.ch\/de\/wp-json\/wp\/v2\/types\/product"}],"wp:featuredmedia":[{"embeddable":true,"href":"https:\/\/lighthouselocarno.ch\/de\/wp-json\/wp\/v2\/media\/109184"}],"wp:attachment":[{"href":"https:\/\/lighthouselocarno.ch\/de\/wp-json\/wp\/v2\/media?parent=127997"}],"wp:term":[{"taxonomy":"product_brand","embeddable":true,"href":"https:\/\/lighthouselocarno.ch\/de\/wp-json\/wp\/v2\/product_brand?post=127997"},{"taxonomy":"product_cat","embeddable":true,"href":"https:\/\/lighthouselocarno.ch\/de\/wp-json\/wp\/v2\/product_cat?post=127997"},{"taxonomy":"product_tag","embeddable":true,"href":"https:\/\/lighthouselocarno.ch\/de\/wp-json\/wp\/v2\/product_tag?post=127997"}],"curies":[{"name":"wp","href":"https:\/\/api.w.org\/{rel}","templated":true}]}}