{"id":128050,"date":"2022-05-07T18:20:55","date_gmt":"2022-05-07T18:20:55","guid":{"rendered":"https:\/\/lighthouselocarno.ch\/prodotti\/bettdecke-aus-baumwolljersey-mit-steppung\/"},"modified":"2025-05-23T13:27:10","modified_gmt":"2025-05-23T13:27:10","slug":"steppdecke-aus-baumwoll-jersey","status":"publish","type":"product","link":"https:\/\/lighthouselocarno.ch\/de\/produkt\/steppdecke-aus-baumwoll-jersey\/","title":{"rendered":"Bettdecke aus Baumwolljersey mit Steppung"},"content":{"rendered":"<p>Produktpflege:<\/p>\n<p>Maschinenwaschbar bei 30-40 Grad mit milder Seife. Keinen Weichsp\u00fcler hinzuf\u00fcgen. Nicht bleichen.<br \/>\nAlle Kleidungsst\u00fccke von Arte Pura sind mit nat\u00fcrlichen Mineralpigmenten handgef\u00e4rbt.<br \/>\nEs ist m\u00f6glich, dass sie bei den ersten W\u00e4schen etwas an Farbe verlieren, was zu einem Vintage-Ton f\u00fchrt, der einzigartig f\u00fcr diese Marke ist.<br \/>\nBeim Waschen von Kleidung mit alten Farben empfehle ich dringend, bei den ersten 3-4 Waschg\u00e4ngen 1 kg Meersalz in die Waschmaschine zu geben, um die Farben gut zu fixieren.<\/p>\n<p>Material: 100% Baumwoll-Jersey.<\/p>\n","protected":false},"excerpt":{"rendered":"<p><span data-sheets-value=\"{\"1\":2,\"2\":\"Copriletto trapuntato beige rosato in jersey e lino leggero. Misure 270x270 cm.\"}\" data-sheets-userformat=\"{\"2\":963,\"3\":{\"1\":0},\"4\":[null,2,16043212],\"9\":1,\"10\":1,\"11\":3,\"12\":0}\">Gesteppte Tagesdecke aus Baumwolljersey, leicht wattiert. Abmessungen 270&#215;270 cm.<\/span><\/p>\n<p>In Italien hergestellte Tagesdecke.<\/p>\n<p>Weich im Griff dank spezieller Behandlungen, die das nat\u00fcrliche Aussehen verbessern.<\/p>\n<p>Dieser Stoff ist ideal f\u00fcr das Bett, da er hypoallergen und antibakteriell ist. Au\u00dferdem werden nat\u00fcrliche, nicht allergene Farbstoffe verwendet, die der Naturfaser Glanz und Lebendigkeit verleihen.<\/p>\n<p>Langlebigkeit und einfache Wartung sind weitere Pluspunkte Ihrer Wahl.<\/p>\n<p>Ideal, um Ihre Bettausstattung zu versch\u00f6nern: allein oder in Kombination mit farbigen Kissenbez\u00fcgen und Laken, um immer wieder originelle Kombinationen zu schaffen.<\/p>\n<p>Bitte lesen Sie den Abschnitt \u201eProduktpflege\u201c f\u00fcr alle Waschanweisungen.<\/p>\n","protected":false},"featured_media":108923,"template":"","meta":{"_seopress_robots_primary_cat":"","_seopress_titles_title":"","_seopress_titles_desc":"","_seopress_robots_index":""},"product_brand":[8562],"product_cat":[5957,6127,3748],"product_tag":[5980,5959,6498,5694,6130,5706,4605],"class_list":{"0":"post-128050","1":"product","2":"type-product","3":"status-publish","4":"has-post-thumbnail","6":"product_brand-arte-pura","7":"product_cat-bettwaesche","8":"product_cat-bettwasche-komplett","9":"product_cat-wohnaccessoires","10":"product_tag-bett-de","11":"product_tag-bettzeug","12":"product_tag-fruhlingstraum","13":"product_tag-reines","14":"product_tag-schlafen-auf-einer-wolke","15":"product_tag-schlafzimmer","16":"product_tag-tagesdecke","17":"pa_colore-mineralien-alt-410","18":"pa_tema-reines","20":"first","21":"instock","22":"shipping-taxable","23":"purchasable","24":"product-type-variable","25":"has-default-attributes"},"jetpack_sharing_enabled":true,"_links":{"self":[{"href":"https:\/\/lighthouselocarno.ch\/de\/wp-json\/wp\/v2\/product\/128050","targetHints":{"allow":["GET"]}}],"collection":[{"href":"https:\/\/lighthouselocarno.ch\/de\/wp-json\/wp\/v2\/product"}],"about":[{"href":"https:\/\/lighthouselocarno.ch\/de\/wp-json\/wp\/v2\/types\/product"}],"wp:featuredmedia":[{"embeddable":true,"href":"https:\/\/lighthouselocarno.ch\/de\/wp-json\/wp\/v2\/media\/108923"}],"wp:attachment":[{"href":"https:\/\/lighthouselocarno.ch\/de\/wp-json\/wp\/v2\/media?parent=128050"}],"wp:term":[{"taxonomy":"product_brand","embeddable":true,"href":"https:\/\/lighthouselocarno.ch\/de\/wp-json\/wp\/v2\/product_brand?post=128050"},{"taxonomy":"product_cat","embeddable":true,"href":"https:\/\/lighthouselocarno.ch\/de\/wp-json\/wp\/v2\/product_cat?post=128050"},{"taxonomy":"product_tag","embeddable":true,"href":"https:\/\/lighthouselocarno.ch\/de\/wp-json\/wp\/v2\/product_tag?post=128050"}],"curies":[{"name":"wp","href":"https:\/\/api.w.org\/{rel}","templated":true}]}}